{"id":9656,"date":"2025-07-09T16:04:30","date_gmt":"2025-07-09T14:04:30","guid":{"rendered":"https:\/\/antykilion.pl\/?post_type=product&#038;p=9656"},"modified":"2025-07-09T16:04:30","modified_gmt":"2025-07-09T14:04:30","slug":"stolik-pomocniczy-w-stylu-ludwika-xvi-okolo-1870-90-piekny","status":"publish","type":"product","link":"https:\/\/antykilion.pl\/fr\/product\/stolik-pomocniczy-w-stylu-ludwika-xvi-okolo-1870-90-piekny\/","title":{"rendered":"Stolik pomocniczy w stylu Ludwika XVI oko\u0142o 1870\/90 pi\u0119kny"},"content":{"rendered":"","protected":false},"excerpt":{"rendered":"<p>Stolik pomocniczy w stylu Ludwika XVI oko\u0142o 1870\/90 pi\u0119kny<\/p>\n<p>Europa \u015arodkowa, pocz. XX w.<\/p>\n<p>O rze\u017abionych i poz\u0142acanych elementach szkieletu, z okr\u0105g\u0142ym blatem i osadzon\u0105 w nim marmurow\u0105 p\u0142yt\u0105, z szerokim oskrzynieniem ozdobionym zwini\u0119t\u0105 wst\u0119g\u0105, wsparty na czterech toczonych, zbie\u017cnych i kanelowanych nogach, spi\u0119tych krzy\u017cowym, falistym wi\u0105zaniem z szyszk\u0105 po\u015brodku. . Kostki w miejscach po\u0142\u0105cze\u0144 podp\u00f3r z oskrzyneiniem i \u0142\u0105czynami, na kostkach oskrzynienia rozety.<\/p>\n<p>.<\/p>\n<p>Materia\u0142: Buczyna z\u0142ocona<\/p>\n<p>Stan:\u00a0 bardzo dobry jak na stan orginalny widoczne \u015blady u\u017cytkowania<\/p>\n<p>Wymiary: wysoko\u015b\u0107 72 cm, \u015brednica 64 cm<\/p>\n<p>Okazja !!!<\/p>","protected":false},"featured_media":9657,"comment_status":"closed","ping_status":"closed","template":"","meta":[],"product_cat":[17,33],"product_tag":[],"class_list":{"0":"post-9656","1":"product","2":"type-product","3":"status-publish","4":"has-post-thumbnail","6":"product_cat-meble","7":"product_cat-stoly-stoliki","9":"entry","10":"has-media","12":"first","13":"instock","14":"taxable","15":"shipping-taxable","16":"purchasable","17":"product-type-simple","18":"has-product-nav","19":"col","20":"span_1_of_3","21":"owp-content-center","22":"owp-thumbs-layout-horizontal","23":"owp-btn-normal","24":"owp-tabs-layout-horizontal"},"aioseo_notices":[],"_links":{"self":[{"href":"https:\/\/antykilion.pl\/fr\/wp-json\/wp\/v2\/product\/9656","targetHints":{"allow":["GET"]}}],"collection":[{"href":"https:\/\/antykilion.pl\/fr\/wp-json\/wp\/v2\/product"}],"about":[{"href":"https:\/\/antykilion.pl\/fr\/wp-json\/wp\/v2\/types\/product"}],"replies":[{"embeddable":true,"href":"https:\/\/antykilion.pl\/fr\/wp-json\/wp\/v2\/comments?post=9656"}],"wp:featuredmedia":[{"embeddable":true,"href":"https:\/\/antykilion.pl\/fr\/wp-json\/wp\/v2\/media\/9657"}],"wp:attachment":[{"href":"https:\/\/antykilion.pl\/fr\/wp-json\/wp\/v2\/media?parent=9656"}],"wp:term":[{"taxonomy":"product_cat","embeddable":true,"href":"https:\/\/antykilion.pl\/fr\/wp-json\/wp\/v2\/product_cat?post=9656"},{"taxonomy":"product_tag","embeddable":true,"href":"https:\/\/antykilion.pl\/fr\/wp-json\/wp\/v2\/product_tag?post=9656"}],"curies":[{"name":"wp","href":"https:\/\/api.w.org\/{rel}","templated":true}]}}