{"id":9665,"date":"2025-07-13T16:47:36","date_gmt":"2025-07-13T14:47:36","guid":{"rendered":"https:\/\/antykilion.pl\/?post_type=product&#038;p=9665"},"modified":"2025-07-13T16:47:36","modified_gmt":"2025-07-13T14:47:36","slug":"ogromna-komoda-barokowa-europa-srodkowa-polska-zachodnio-poludniowo-lub-niemcy-ok-1750","status":"publish","type":"product","link":"https:\/\/antykilion.pl\/fr\/product\/ogromna-komoda-barokowa-europa-srodkowa-polska-zachodnio-poludniowo-lub-niemcy-ok-1750\/","title":{"rendered":"Ogromna Komoda Barokowa Europa \u015arodkowa (Polska zachodnio- po\u0142udniowo lub Niemcy?), ok. 1750"},"content":{"rendered":"","protected":false},"excerpt":{"rendered":"<p>Ogromna Komoda Barokowa Europa \u015arodkowa (Polska zachodnio- po\u0142udniowo lub Niemcy?), ok. 1750<\/p>\n<p>wsparta na konsolowych nogach, czteroszufladowa, o serpentynowej, falistej linii frontu; powierzchnia mebla intarsjowana w motywy pasowo-geometryczne- na licach szuflad, z kartuszowymi polami uj\u0119tymi wst\u0119gowym obramowaniem &#8211; na blacie i bokach; ob\u0142edne okucia<\/p>\n<p>Typowa pod wzgl\u0119dem formy i dekoracji komoda barokowa. Wykonana rzemie\u015blniczo<\/p>\n<p>Stan: bardzo dobry zwyk\u0142e \u015blady u\u017aytkowania<\/p>\n<p>Pochodzenie: Polska lub Niemcy<\/p>\n<p>Materia\u0142: Orzech wiele innych jak maho\u0144 \u015bliwa<\/p>\n<p>Wymiary: d\u0142ugo\u015b\u0107 126 cm, g\u0142\u0119boko\u015b\u0107 66 cm, wysoko\u015b\u0107 95 cm<\/p>\n<p>Polecam bardzo atrakcyjna cena mebla Warto zainwestowa\u0107 w mebel barokowy!!!!<\/p>","protected":false},"featured_media":9666,"comment_status":"closed","ping_status":"closed","template":"","meta":[],"product_cat":[26,17],"product_tag":[],"class_list":{"0":"post-9665","1":"product","2":"type-product","3":"status-publish","4":"has-post-thumbnail","6":"product_cat-komody","7":"product_cat-meble","9":"entry","10":"has-media","12":"first","13":"instock","14":"taxable","15":"shipping-taxable","16":"purchasable","17":"product-type-simple","18":"has-product-nav","19":"col","20":"span_1_of_3","21":"owp-content-center","22":"owp-thumbs-layout-horizontal","23":"owp-btn-normal","24":"owp-tabs-layout-horizontal"},"aioseo_notices":[],"_links":{"self":[{"href":"https:\/\/antykilion.pl\/fr\/wp-json\/wp\/v2\/product\/9665","targetHints":{"allow":["GET"]}}],"collection":[{"href":"https:\/\/antykilion.pl\/fr\/wp-json\/wp\/v2\/product"}],"about":[{"href":"https:\/\/antykilion.pl\/fr\/wp-json\/wp\/v2\/types\/product"}],"replies":[{"embeddable":true,"href":"https:\/\/antykilion.pl\/fr\/wp-json\/wp\/v2\/comments?post=9665"}],"wp:featuredmedia":[{"embeddable":true,"href":"https:\/\/antykilion.pl\/fr\/wp-json\/wp\/v2\/media\/9666"}],"wp:attachment":[{"href":"https:\/\/antykilion.pl\/fr\/wp-json\/wp\/v2\/media?parent=9665"}],"wp:term":[{"taxonomy":"product_cat","embeddable":true,"href":"https:\/\/antykilion.pl\/fr\/wp-json\/wp\/v2\/product_cat?post=9665"},{"taxonomy":"product_tag","embeddable":true,"href":"https:\/\/antykilion.pl\/fr\/wp-json\/wp\/v2\/product_tag?post=9665"}],"curies":[{"name":"wp","href":"https:\/\/api.w.org\/{rel}","templated":true}]}}