{"id":9685,"date":"2025-07-14T13:41:43","date_gmt":"2025-07-14T11:41:43","guid":{"rendered":"https:\/\/antykilion.pl\/?post_type=product&#038;p=9685"},"modified":"2025-07-14T13:41:43","modified_gmt":"2025-07-14T11:41:43","slug":"cukiernica-skrzynkowa-norymberg-xviii-w-lub-do-1840-r-piekna","status":"publish","type":"product","link":"https:\/\/antykilion.pl\/fr\/product\/cukiernica-skrzynkowa-norymberg-xviii-w-lub-do-1840-r-piekna\/","title":{"rendered":"Cukiernica skrzynkowa  Norymberg XVIII w lub do 1840 r, pi\u0119kna"},"content":{"rendered":"","protected":false},"excerpt":{"rendered":"<p>Cukiernica skrzynkowa \u00a0Norymberg XVIII w lub do 1840 r, pi\u0119kna<\/p>\n<p>Srebro lutowane 13\/812,5\/1000, rze\u017abione, t\u0142oczone i cyzelowane, z\u0142ocone wewn\u0105trz. \u0141atwe podnoszenie, uchylna pokrywa. Wyra\u017ane w\u0105sy z pasywnymi kartuszami tarczowymi<\/p>\n<p>Cukiernica na 4 wydatnych nogach zdobionych wolutami i akantem; \u015bcianki korpusu wybrzuszone w po\u0142owie wysoko\u015bci; wieko opasane wzd\u0142u\u017c kraw\u0119dzi wa\u0142kiem, wy\u017cej wysklepione schodkowo, g\u0142adkie, zwie\u0144czone aplikowan\u0105 ga\u0142\u0105zk\u0105 d\u0119bow\u0105; powierzchnia skrzynki pokryta grawerowan\u0105 powierzchni\u0105 dekorowan\u0105 sztancowanym motywem ro\u015blin i rocaille&#8217;\u00f3w.<\/p>\n<p>Wymiary: d\u0142ugo\u015b\u0107 16, g\u0142\u0119boko\u015b\u0107 12, wysoko\u015b\u0107 10,5 cm, waga ok. 374,7 gram.<\/p>\n<p>Klucz brak<\/p>\n<p>Srebro 13 lut pr\u00f3by 812\/1000<\/p>\n<p>Beau et unique !!!<\/p>","protected":false},"featured_media":9686,"comment_status":"closed","ping_status":"closed","template":"","meta":[],"product_cat":[46],"product_tag":[],"class_list":{"0":"post-9685","1":"product","2":"type-product","3":"status-publish","4":"has-post-thumbnail","6":"product_cat-srebra-i-platery","8":"entry","9":"has-media","11":"first","12":"instock","13":"taxable","14":"shipping-taxable","15":"purchasable","16":"product-type-simple","17":"has-product-nav","18":"col","19":"span_1_of_3","20":"owp-content-center","21":"owp-thumbs-layout-horizontal","22":"owp-btn-normal","23":"owp-tabs-layout-horizontal"},"aioseo_notices":[],"_links":{"self":[{"href":"https:\/\/antykilion.pl\/fr\/wp-json\/wp\/v2\/product\/9685","targetHints":{"allow":["GET"]}}],"collection":[{"href":"https:\/\/antykilion.pl\/fr\/wp-json\/wp\/v2\/product"}],"about":[{"href":"https:\/\/antykilion.pl\/fr\/wp-json\/wp\/v2\/types\/product"}],"replies":[{"embeddable":true,"href":"https:\/\/antykilion.pl\/fr\/wp-json\/wp\/v2\/comments?post=9685"}],"wp:featuredmedia":[{"embeddable":true,"href":"https:\/\/antykilion.pl\/fr\/wp-json\/wp\/v2\/media\/9686"}],"wp:attachment":[{"href":"https:\/\/antykilion.pl\/fr\/wp-json\/wp\/v2\/media?parent=9685"}],"wp:term":[{"taxonomy":"product_cat","embeddable":true,"href":"https:\/\/antykilion.pl\/fr\/wp-json\/wp\/v2\/product_cat?post=9685"},{"taxonomy":"product_tag","embeddable":true,"href":"https:\/\/antykilion.pl\/fr\/wp-json\/wp\/v2\/product_tag?post=9685"}],"curies":[{"name":"wp","href":"https:\/\/api.w.org\/{rel}","templated":true}]}}