{"id":9691,"date":"2025-07-14T14:36:25","date_gmt":"2025-07-14T12:36:25","guid":{"rendered":"https:\/\/antykilion.pl\/?post_type=product&#038;p=9691"},"modified":"2025-07-14T14:36:25","modified_gmt":"2025-07-14T12:36:25","slug":"piekne-nozyczki-do-winogron-xix-w-nr-1","status":"publish","type":"product","link":"https:\/\/antykilion.pl\/fr\/product\/piekne-nozyczki-do-winogron-xix-w-nr-1\/","title":{"rendered":"Pi\u0119kne no\u017cyczki do winogron XIX w nr 1"},"content":{"rendered":"","protected":false},"excerpt":{"rendered":"<p>Pi\u0119kne no\u017cyczki do winogron XIX w nr 1<\/p>\n<p>Wymiary: d\u0142ugo\u015b\u0107 15, g\u0142\u0119boko\u015b\u0107 7, wysoko\u015b\u0107 2 cm, waga ok. 66,7 gram.<\/p>\n<p>Srebro 830 Niemcy<\/p>\n<p>Beau et unique !!!<\/p>","protected":false},"featured_media":9692,"comment_status":"closed","ping_status":"closed","template":"","meta":[],"product_cat":[46],"product_tag":[],"class_list":{"0":"post-9691","1":"product","2":"type-product","3":"status-publish","4":"has-post-thumbnail","6":"product_cat-srebra-i-platery","8":"entry","9":"has-media","11":"first","12":"instock","13":"taxable","14":"shipping-taxable","15":"purchasable","16":"product-type-simple","17":"has-product-nav","18":"col","19":"span_1_of_3","20":"owp-content-center","21":"owp-thumbs-layout-horizontal","22":"owp-btn-normal","23":"owp-tabs-layout-horizontal"},"aioseo_notices":[],"_links":{"self":[{"href":"https:\/\/antykilion.pl\/fr\/wp-json\/wp\/v2\/product\/9691","targetHints":{"allow":["GET"]}}],"collection":[{"href":"https:\/\/antykilion.pl\/fr\/wp-json\/wp\/v2\/product"}],"about":[{"href":"https:\/\/antykilion.pl\/fr\/wp-json\/wp\/v2\/types\/product"}],"replies":[{"embeddable":true,"href":"https:\/\/antykilion.pl\/fr\/wp-json\/wp\/v2\/comments?post=9691"}],"wp:featuredmedia":[{"embeddable":true,"href":"https:\/\/antykilion.pl\/fr\/wp-json\/wp\/v2\/media\/9692"}],"wp:attachment":[{"href":"https:\/\/antykilion.pl\/fr\/wp-json\/wp\/v2\/media?parent=9691"}],"wp:term":[{"taxonomy":"product_cat","embeddable":true,"href":"https:\/\/antykilion.pl\/fr\/wp-json\/wp\/v2\/product_cat?post=9691"},{"taxonomy":"product_tag","embeddable":true,"href":"https:\/\/antykilion.pl\/fr\/wp-json\/wp\/v2\/product_tag?post=9691"}],"curies":[{"name":"wp","href":"https:\/\/api.w.org\/{rel}","templated":true}]}}