{"id":9702,"date":"2025-07-14T15:19:14","date_gmt":"2025-07-14T13:19:14","guid":{"rendered":"https:\/\/antykilion.pl\/?post_type=product&#038;p=9702"},"modified":"2025-07-14T15:19:59","modified_gmt":"2025-07-14T13:19:59","slug":"9702","status":"publish","type":"product","link":"https:\/\/antykilion.pl\/fr\/product\/9702\/","title":{"rendered":"Pi\u0119kny stary gramofon, z fioletow\u0105 tub\u0105 oko\u0142o 1915 r"},"content":{"rendered":"","protected":false},"excerpt":{"rendered":"<p>Pi\u0119kny stary gramofon, z fioletow\u0105 tub\u0105 oko\u0142o 1915 r<\/p>\n<p>L&#039;\u00e9quipement a un m\u00e9canisme d&#039;origine qui fonctionne, est complet et pr\u00eat pour la lecture.<\/p>\n<p>Il est purifi\u00e9<\/p>\n<p>Une bo\u00eete en bois de 31 cm sur 31 cm<\/p>\n<p>Wysoko\u015b\u0107 z tub\u0105 67 cm, szeroko\u015b\u0107 53 cm<\/p>\n<p>Gramofon patefon, posiada regulator obrot\u00f3w (z boku), hamulec, korbk\u0119 i g\u0142owic\u0119.<\/p>\n<p>Materia\u0142: drewno i metal<\/p>\n<p>Stan bardzo dobry orginalny, przepi\u0119knie gra !!!<\/p>","protected":false},"featured_media":9703,"comment_status":"closed","ping_status":"closed","template":"","meta":[],"product_cat":[55],"product_tag":[],"class_list":{"0":"post-9702","1":"product","2":"type-product","3":"status-publish","4":"has-post-thumbnail","6":"product_cat-varia","8":"entry","9":"has-media","11":"first","12":"instock","13":"taxable","14":"shipping-taxable","15":"purchasable","16":"product-type-simple","17":"has-product-nav","18":"col","19":"span_1_of_3","20":"owp-content-center","21":"owp-thumbs-layout-horizontal","22":"owp-btn-normal","23":"owp-tabs-layout-horizontal"},"aioseo_notices":[],"_links":{"self":[{"href":"https:\/\/antykilion.pl\/fr\/wp-json\/wp\/v2\/product\/9702","targetHints":{"allow":["GET"]}}],"collection":[{"href":"https:\/\/antykilion.pl\/fr\/wp-json\/wp\/v2\/product"}],"about":[{"href":"https:\/\/antykilion.pl\/fr\/wp-json\/wp\/v2\/types\/product"}],"replies":[{"embeddable":true,"href":"https:\/\/antykilion.pl\/fr\/wp-json\/wp\/v2\/comments?post=9702"}],"wp:featuredmedia":[{"embeddable":true,"href":"https:\/\/antykilion.pl\/fr\/wp-json\/wp\/v2\/media\/9703"}],"wp:attachment":[{"href":"https:\/\/antykilion.pl\/fr\/wp-json\/wp\/v2\/media?parent=9702"}],"wp:term":[{"taxonomy":"product_cat","embeddable":true,"href":"https:\/\/antykilion.pl\/fr\/wp-json\/wp\/v2\/product_cat?post=9702"},{"taxonomy":"product_tag","embeddable":true,"href":"https:\/\/antykilion.pl\/fr\/wp-json\/wp\/v2\/product_tag?post=9702"}],"curies":[{"name":"wp","href":"https:\/\/api.w.org\/{rel}","templated":true}]}}