{"id":9729,"date":"2025-08-20T09:19:13","date_gmt":"2025-08-20T07:19:13","guid":{"rendered":"https:\/\/antykilion.pl\/?post_type=product&#038;p=9729"},"modified":"2025-08-25T12:13:52","modified_gmt":"2025-08-25T10:13:52","slug":"szafa-klasycystyczna-z-przelomu-xviii-xix-w","status":"publish","type":"product","link":"https:\/\/antykilion.pl\/fr\/product\/szafa-klasycystyczna-z-przelomu-xviii-xix-w\/","title":{"rendered":"Szafa Klasycystyczna z prze\u0142omu XVIII\/XIX w"},"content":{"rendered":"","protected":false},"excerpt":{"rendered":"<p>Szafa Klasycystyczna z prze\u0142omu XVIII\/XIX w<\/p>\n<p>Szafa o prostok\u0105tnej formie Drzwi w \u015brodkowej cz\u0119\u015bci wyko\u0144czone fali\u015bcie z p\u0142ycin\u0105<\/p>\n<p>wsparta na konsolowych nogach, w\u00a0 \u015brodku wt\u00f3rne cztery p\u00f3\u0142ki, Plecy pi\u0119kne d\u0142utowane ca\u0142o\u015b\u0107 mebla ko\u0142kowana.<\/p>\n<p>Stan: dobry po renowacji kilkana\u015bcie lat temu, stare miejsca po ko\u0142atku kt\u00f3ry nie aktywny jest od kilkudziesi\u0119ciu lat mebel by\u0142 poddany gazowaniu,<\/p>\n<p>p\u0142ycina w drzwiczkach stare rozeschniecie naprawione przy renowacji, brak zamka do drzwi trzeba wstawi\u0107 po za tym zwyk\u0142e \u015blady u\u017cytkowania.<\/p>\n<p>Pi\u0119kny mebel od wiek\u00f3w sta\u0142 w Pi\u0119knej Polskiej rezydencji<\/p>\n<p>Pochodzenie: Polska lub Niemcy<\/p>\n<p>Materia\u0142: Maho\u0144 ob\u0142\u00f3g<\/p>\n<p>Wymiary: d\u0142ugo\u015b\u0107 100 cm, g\u0142\u0119boko\u015b\u0107 66 cm, wysoko\u015b\u0107 180 cm wymiary oko\u0142o<\/p>\n<p>Polecam bardzo atrakcyjna cena mebla Warto zainwestowa\u0107 w mebel barokowy!!!!<\/p>","protected":false},"featured_media":9730,"comment_status":"closed","ping_status":"closed","template":"","meta":[],"product_cat":[17,34],"product_tag":[],"class_list":{"0":"post-9729","1":"product","2":"type-product","3":"status-publish","4":"has-post-thumbnail","6":"product_cat-meble","7":"product_cat-szafy","9":"entry","10":"has-media","12":"first","13":"instock","14":"taxable","15":"shipping-taxable","16":"purchasable","17":"product-type-simple","18":"has-product-nav","19":"col","20":"span_1_of_3","21":"owp-content-center","22":"owp-thumbs-layout-horizontal","23":"owp-btn-normal","24":"owp-tabs-layout-horizontal"},"aioseo_notices":[],"_links":{"self":[{"href":"https:\/\/antykilion.pl\/fr\/wp-json\/wp\/v2\/product\/9729","targetHints":{"allow":["GET"]}}],"collection":[{"href":"https:\/\/antykilion.pl\/fr\/wp-json\/wp\/v2\/product"}],"about":[{"href":"https:\/\/antykilion.pl\/fr\/wp-json\/wp\/v2\/types\/product"}],"replies":[{"embeddable":true,"href":"https:\/\/antykilion.pl\/fr\/wp-json\/wp\/v2\/comments?post=9729"}],"wp:featuredmedia":[{"embeddable":true,"href":"https:\/\/antykilion.pl\/fr\/wp-json\/wp\/v2\/media\/9730"}],"wp:attachment":[{"href":"https:\/\/antykilion.pl\/fr\/wp-json\/wp\/v2\/media?parent=9729"}],"wp:term":[{"taxonomy":"product_cat","embeddable":true,"href":"https:\/\/antykilion.pl\/fr\/wp-json\/wp\/v2\/product_cat?post=9729"},{"taxonomy":"product_tag","embeddable":true,"href":"https:\/\/antykilion.pl\/fr\/wp-json\/wp\/v2\/product_tag?post=9729"}],"curies":[{"name":"wp","href":"https:\/\/api.w.org\/{rel}","templated":true}]}}