{"id":9742,"date":"2025-08-20T10:50:00","date_gmt":"2025-08-20T08:50:00","guid":{"rendered":"https:\/\/antykilion.pl\/?post_type=product&#038;p=9742"},"modified":"2025-08-20T10:50:01","modified_gmt":"2025-08-20T08:50:01","slug":"srebrna-chochla-do-sosu-zakonczona-perelka-z-kosci","status":"publish","type":"product","link":"https:\/\/antykilion.pl\/fr\/product\/srebrna-chochla-do-sosu-zakonczona-perelka-z-kosci\/","title":{"rendered":"Srebrna chochla do sosu zako\u0144czona pere\u0142k\u0105 z ko\u015bci"},"content":{"rendered":"","protected":false},"excerpt":{"rendered":"<p>Srebrna chochla do sosu zako\u0144czona pere\u0142k\u0105 z ko\u015bci<\/p>\n<p>Wymiary: d\u0142ugo\u015b\u0107 20,5, g\u0142\u0119boko\u015b\u0107 6,5, wysoko\u015b\u0107 5 cm, waga ok. 50 gram.<\/p>\n<p>Srebro pr. .830\u00a0 z\u0142ocone<\/p>\n<p>Beau et unique !!!<\/p>","protected":false},"featured_media":9743,"comment_status":"closed","ping_status":"closed","template":"","meta":[],"product_cat":[46],"product_tag":[],"class_list":{"0":"post-9742","1":"product","2":"type-product","3":"status-publish","4":"has-post-thumbnail","6":"product_cat-srebra-i-platery","8":"entry","9":"has-media","11":"first","12":"instock","13":"taxable","14":"shipping-taxable","15":"purchasable","16":"product-type-simple","17":"has-product-nav","18":"col","19":"span_1_of_3","20":"owp-content-center","21":"owp-thumbs-layout-horizontal","22":"owp-btn-normal","23":"owp-tabs-layout-horizontal"},"aioseo_notices":[],"_links":{"self":[{"href":"https:\/\/antykilion.pl\/fr\/wp-json\/wp\/v2\/product\/9742","targetHints":{"allow":["GET"]}}],"collection":[{"href":"https:\/\/antykilion.pl\/fr\/wp-json\/wp\/v2\/product"}],"about":[{"href":"https:\/\/antykilion.pl\/fr\/wp-json\/wp\/v2\/types\/product"}],"replies":[{"embeddable":true,"href":"https:\/\/antykilion.pl\/fr\/wp-json\/wp\/v2\/comments?post=9742"}],"wp:featuredmedia":[{"embeddable":true,"href":"https:\/\/antykilion.pl\/fr\/wp-json\/wp\/v2\/media\/9743"}],"wp:attachment":[{"href":"https:\/\/antykilion.pl\/fr\/wp-json\/wp\/v2\/media?parent=9742"}],"wp:term":[{"taxonomy":"product_cat","embeddable":true,"href":"https:\/\/antykilion.pl\/fr\/wp-json\/wp\/v2\/product_cat?post=9742"},{"taxonomy":"product_tag","embeddable":true,"href":"https:\/\/antykilion.pl\/fr\/wp-json\/wp\/v2\/product_tag?post=9742"}],"curies":[{"name":"wp","href":"https:\/\/api.w.org\/{rel}","templated":true}]}}