{"id":9767,"date":"2025-08-23T12:30:34","date_gmt":"2025-08-23T10:30:34","guid":{"rendered":"https:\/\/antykilion.pl\/?post_type=product&#038;p=9767"},"modified":"2025-08-23T12:30:35","modified_gmt":"2025-08-23T10:30:35","slug":"szafa-nocna-biedermeier-xix-w-1830-r-po-profesjonalnej-konserwacji","status":"publish","type":"product","link":"https:\/\/antykilion.pl\/fr\/product\/szafa-nocna-biedermeier-xix-w-1830-r-po-profesjonalnej-konserwacji\/","title":{"rendered":"Szafa nocna biedermeier XIX w 1830 r po profesjonalnej konserwacji"},"content":{"rendered":"","protected":false},"excerpt":{"rendered":"<p>Szafa nocna biedermeier XIX w 1830 r po profesjonalnej konserwacji<\/p>\n<p>Szafa o prostok\u0105tnej formie jedno drzwiowa. Klapa blatu uchylna, wewn\u0105trz 3 p\u00f3\u0142ki i szuflada<\/p>\n<p>Stan: bardzo dobry po profesjonalnej konserwacji w renomowanej pracowni konserwatorskiej<\/p>\n<p>Pochodzenie: Polska lub Niemcy<\/p>\n<p>Mat\u00e9riel: acajou<\/p>\n<p>Wymiary: d\u0142ugo\u015b\u0107 46 cm, g\u0142\u0119boko\u015b\u0107 42 cm, wysoko\u015b\u0107 93 cm<\/p>\n<p>Polecam bardzo atrakcyjna cena mebla Warto zainwestowa\u0107 w mebel barokowy!!!!<\/p>","protected":false},"featured_media":9768,"comment_status":"closed","ping_status":"closed","template":"","meta":[],"product_cat":[26,17],"product_tag":[],"class_list":{"0":"post-9767","1":"product","2":"type-product","3":"status-publish","4":"has-post-thumbnail","6":"product_cat-komody","7":"product_cat-meble","9":"entry","10":"has-media","12":"first","13":"instock","14":"taxable","15":"shipping-taxable","16":"purchasable","17":"product-type-simple","18":"has-product-nav","19":"col","20":"span_1_of_3","21":"owp-content-center","22":"owp-thumbs-layout-horizontal","23":"owp-btn-normal","24":"owp-tabs-layout-horizontal"},"aioseo_notices":[],"_links":{"self":[{"href":"https:\/\/antykilion.pl\/fr\/wp-json\/wp\/v2\/product\/9767","targetHints":{"allow":["GET"]}}],"collection":[{"href":"https:\/\/antykilion.pl\/fr\/wp-json\/wp\/v2\/product"}],"about":[{"href":"https:\/\/antykilion.pl\/fr\/wp-json\/wp\/v2\/types\/product"}],"replies":[{"embeddable":true,"href":"https:\/\/antykilion.pl\/fr\/wp-json\/wp\/v2\/comments?post=9767"}],"wp:featuredmedia":[{"embeddable":true,"href":"https:\/\/antykilion.pl\/fr\/wp-json\/wp\/v2\/media\/9768"}],"wp:attachment":[{"href":"https:\/\/antykilion.pl\/fr\/wp-json\/wp\/v2\/media?parent=9767"}],"wp:term":[{"taxonomy":"product_cat","embeddable":true,"href":"https:\/\/antykilion.pl\/fr\/wp-json\/wp\/v2\/product_cat?post=9767"},{"taxonomy":"product_tag","embeddable":true,"href":"https:\/\/antykilion.pl\/fr\/wp-json\/wp\/v2\/product_tag?post=9767"}],"curies":[{"name":"wp","href":"https:\/\/api.w.org\/{rel}","templated":true}]}}