{"id":9792,"date":"2025-09-07T15:01:49","date_gmt":"2025-09-07T13:01:49","guid":{"rendered":"https:\/\/antykilion.pl\/?post_type=product&#038;p=9792"},"modified":"2025-09-07T15:01:49","modified_gmt":"2025-09-07T13:01:49","slug":"para-wazonow-tykwowych-xviii-w-delft-sygnowany-okolo-1790-r","status":"publish","type":"product","link":"https:\/\/antykilion.pl\/fr\/product\/para-wazonow-tykwowych-xviii-w-delft-sygnowany-okolo-1790-r\/","title":{"rendered":"Para wazon\u00f3w tykwowych, XVIII w. Delft, sygnowany oko\u0142o 1790 r"},"content":{"rendered":"","protected":false},"excerpt":{"rendered":"<p>Para wazon\u00f3w tykwowych, XVIII w. Delft, sygnowany oko\u0142o 1790 r<\/p>\n<p>Para wazon\u00f3w tykwowych. Niebieski obraz ze stylizowanymi kwiatami, owocami.<\/p>\n<p>sp\u00f3d wazonu z sygnatur\u0105 &#8220;JV&#8221; wskazuje na, wazy z Delftu, wyprodukowan\u0105 przez Julesa Vieillarda.<\/p>\n<p>Materia\u0142: Fajans (glina kremowa), kobalt podszkliwny, szkliwo cynowe<\/p>\n<p>Sygnatura: widoczna na zdj\u0119ciu koniec XVIII w<\/p>\n<p>Wymiary: wys. 29,5 cm,<\/p>\n<p>stan zachowania: bardzo minimalne odpryski na kraw\u0119dzi jednego z nich<\/p>","protected":false},"featured_media":9793,"comment_status":"closed","ping_status":"closed","template":"","meta":[],"product_cat":[50],"product_tag":[],"class_list":{"0":"post-9792","1":"product","2":"type-product","3":"status-publish","4":"has-post-thumbnail","6":"product_cat-porcelana-i-fajans","8":"entry","9":"has-media","11":"first","12":"instock","13":"taxable","14":"shipping-taxable","15":"purchasable","16":"product-type-simple","17":"has-product-nav","18":"col","19":"span_1_of_3","20":"owp-content-center","21":"owp-thumbs-layout-horizontal","22":"owp-btn-normal","23":"owp-tabs-layout-horizontal"},"aioseo_notices":[],"_links":{"self":[{"href":"https:\/\/antykilion.pl\/fr\/wp-json\/wp\/v2\/product\/9792","targetHints":{"allow":["GET"]}}],"collection":[{"href":"https:\/\/antykilion.pl\/fr\/wp-json\/wp\/v2\/product"}],"about":[{"href":"https:\/\/antykilion.pl\/fr\/wp-json\/wp\/v2\/types\/product"}],"replies":[{"embeddable":true,"href":"https:\/\/antykilion.pl\/fr\/wp-json\/wp\/v2\/comments?post=9792"}],"wp:featuredmedia":[{"embeddable":true,"href":"https:\/\/antykilion.pl\/fr\/wp-json\/wp\/v2\/media\/9793"}],"wp:attachment":[{"href":"https:\/\/antykilion.pl\/fr\/wp-json\/wp\/v2\/media?parent=9792"}],"wp:term":[{"taxonomy":"product_cat","embeddable":true,"href":"https:\/\/antykilion.pl\/fr\/wp-json\/wp\/v2\/product_cat?post=9792"},{"taxonomy":"product_tag","embeddable":true,"href":"https:\/\/antykilion.pl\/fr\/wp-json\/wp\/v2\/product_tag?post=9792"}],"curies":[{"name":"wp","href":"https:\/\/api.w.org\/{rel}","templated":true}]}}