{"id":980,"date":"2020-02-02T19:42:17","date_gmt":"2020-02-02T18:42:17","guid":{"rendered":"https:\/\/antykilion.pl\/?post_type=product&#038;p=980"},"modified":"2021-09-03T14:16:38","modified_gmt":"2021-09-03T12:16:38","slug":"francesco-morelli-xviii-w-akwaforta","status":"publish","type":"product","link":"https:\/\/antykilion.pl\/fr\/product\/francesco-morelli-xviii-w-akwaforta\/","title":{"rendered":"FRANCESCO MORELLI XVIII en eau-forte"},"content":{"rendered":"<p>Eau-forte, gravure (italien: acquaforte - eau forte ou acide nitrique) - technique graphique concave, \u00e9galement une impression obtenue en utilisant cette technique. La technique de gravure a \u00e9t\u00e9 invent\u00e9e au tournant des XVe et XVIe si\u00e8cles, et elle a \u00e9t\u00e9 popularis\u00e9e au XVIe si\u00e8cle [1].<br \/>\nIl consiste \u00e0 r\u00e9aliser une plaque d&#039;impression m\u00e9tallique avec un dessin obtenu par gravure. Une plaque de cuivre ou de zinc est recouverte d&#039;un vernis de gravure insoluble dans l&#039;acide, puis un \u00e9tirage est r\u00e9alis\u00e9 avec une aiguille en acier r\u00e9v\u00e9lant la surface m\u00e9tallique [2]. En trempant la plaque dans l&#039;acide, l&#039;emboutissage profond sur la plaque est grav\u00e9. Afin d&#039;approfondir les lignes dans les parties sombres du dessin, ce processus est r\u00e9p\u00e9t\u00e9 plusieurs fois. Apr\u00e8s la derni\u00e8re gravure et \u00e9limination du vernis, l&#039;encre d&#039;impression est frott\u00e9e dans la plaque, qui ne reste que dans les creux grav\u00e9s. L&#039;encre press\u00e9e dans les \u00e9videments grav\u00e9s de la plaque est transf\u00e9r\u00e9e sur le papier sous pression dans une presse h\u00e9lio [3].<br \/>\nLa gravure a \u00e9t\u00e9 utilis\u00e9e par: Albrecht D\u00fcrer, Rembrandt, Jacques Callot, Francisco Goya [4], Giovanni Battista Piranesi, James Abbott McNeill Whistler, Marc Chagall, Pablo Picasso, Taras Szewczenko, Daniel Chodowiecki, Jan Piotriotr Norblin, Micha\u0142 P\u0142o\u0144ski, Leon Wyowski, Wyowski Mehoffer, J\u00f3zef Pankiewicz, Wojciech Weiss, Zbigniew Rabsztyn, J\u00f3zef Pieni\u0105\u017cek, Magdalena Gintowt-Juchniewicz, Cezary Paszkowski, Barbara Rosiak, Leszek R\u00f3zga, Barbara Nar\u0119bska-D\u0119bska, Beateusz Micha, Tadeusz Micha. Chaim Goldberg<br \/>\nLa premi\u00e8re gravure est dat\u00e9e de 1513 et son cr\u00e9ateur est le graveur suisse Urs Graf [5]. \u00c0 la suite du d\u00e9veloppement de cette technique au 18\u00e8me si\u00e8cle, une aquatinte a \u00e9t\u00e9 invent\u00e9e pour \u00e9largir les possibilit\u00e9s de don<\/p>","protected":false},"excerpt":{"rendered":"<p>FRANCESCO MORELLI (vers 1768-1740): temple de Minerve, eau-forte<br \/>\ncadr\u00e9 magnifique!<br \/>\nEtat: tr\u00e8s bon<br \/>\nTechnique: gravure - papier<br \/>\nDimensions: eau-forte seulement 37 cm par 47 cm, dimensions avec le cadre 65 cm par 55 cm<\/p>","protected":false},"featured_media":981,"comment_status":"closed","ping_status":"closed","template":"","meta":[],"product_cat":[41,39,40],"product_tag":[],"class_list":{"0":"post-980","1":"product","2":"type-product","3":"status-publish","4":"has-post-thumbnail","6":"product_cat-malarstwo-dawne","7":"product_cat-dziela-sztuki","8":"product_cat-malarstwo","10":"entry","11":"has-media","13":"first","14":"instock","15":"taxable","16":"shipping-taxable","17":"purchasable","18":"product-type-simple","19":"has-product-nav","20":"col","21":"span_1_of_3","22":"owp-content-center","23":"owp-thumbs-layout-horizontal","24":"owp-btn-normal","25":"owp-tabs-layout-horizontal","26":"has-no-thumbnails"},"aioseo_notices":[],"_links":{"self":[{"href":"https:\/\/antykilion.pl\/fr\/wp-json\/wp\/v2\/product\/980","targetHints":{"allow":["GET"]}}],"collection":[{"href":"https:\/\/antykilion.pl\/fr\/wp-json\/wp\/v2\/product"}],"about":[{"href":"https:\/\/antykilion.pl\/fr\/wp-json\/wp\/v2\/types\/product"}],"replies":[{"embeddable":true,"href":"https:\/\/antykilion.pl\/fr\/wp-json\/wp\/v2\/comments?post=980"}],"wp:featuredmedia":[{"embeddable":true,"href":"https:\/\/antykilion.pl\/fr\/wp-json\/wp\/v2\/media\/981"}],"wp:attachment":[{"href":"https:\/\/antykilion.pl\/fr\/wp-json\/wp\/v2\/media?parent=980"}],"wp:term":[{"taxonomy":"product_cat","embeddable":true,"href":"https:\/\/antykilion.pl\/fr\/wp-json\/wp\/v2\/product_cat?post=980"},{"taxonomy":"product_tag","embeddable":true,"href":"https:\/\/antykilion.pl\/fr\/wp-json\/wp\/v2\/product_tag?post=980"}],"curies":[{"name":"wp","href":"https:\/\/api.w.org\/{rel}","templated":true}]}}