{"id":982,"date":"2020-02-02T19:55:11","date_gmt":"2020-02-02T18:55:11","guid":{"rendered":"https:\/\/antykilion.pl\/?post_type=product&#038;p=982"},"modified":"2022-11-26T13:31:58","modified_gmt":"2022-11-26T12:31:58","slug":"hans-wagner-miasteczko-w-holandii","status":"publish","type":"product","link":"https:\/\/antykilion.pl\/fr\/product\/hans-wagner-miasteczko-w-holandii\/","title":{"rendered":"HANS WAGNER est une ville des Pays-Bas"},"content":{"rendered":"<p>Hans Johann Wagner (1866 - 1940)<\/p>\n<p>Hans Johann Wagner - peintre paysagiste autrichien; voyag\u00e9 en Italie et aux Pays-Bas. Il a peint des paysages italiens - de Venise, sur le lac Majeur, C\u00f4me et le lac de Garda. De plus, il est l&#039;auteur de vues \u00abhollandaises\u00bb avec des motifs de port, des quais ou des sc\u00e8nes de march\u00e9s aux poissons et aux fleurs. Ses peintures se caract\u00e9risent par une large gamme de couleurs vives et vives.<\/p>","protected":false},"excerpt":{"rendered":"<p>Hans Johann Wagner (1866 - 1940)<br \/>\nUne peinture monumentale, belle et extr\u00eamement d\u00e9corative dans un cadre tr\u00e8s riche.<br \/>\nLa peinture montre une ville portuaire aux Pays-Bas<br \/>\nCondition: image et cadre nettoy\u00e9s apr\u00e8s un entretien professionnel et un nouveau vernis appliqu\u00e9. Anciennes photos avant conservation. Photos de la galerie apr\u00e8s conservation.<br \/>\nTechnique: huile sur toile.<br \/>\nInsurrection: d\u00e9but du XIXe \/ XXe si\u00e8cle<br \/>\nSignature: comme indiqu\u00e9 sur la photo, coin inf\u00e9rieur gauche<br \/>\nDimensions: avec cadre environ 130 cm sur 90 cm<br \/>\nVous trouverez ci-dessous des informations sur l&#039;artiste.<\/p>","protected":false},"featured_media":983,"comment_status":"closed","ping_status":"closed","template":"","meta":[],"product_cat":[41,39,40],"product_tag":[],"class_list":{"0":"post-982","1":"product","2":"type-product","3":"status-publish","4":"has-post-thumbnail","6":"product_cat-malarstwo-dawne","7":"product_cat-dziela-sztuki","8":"product_cat-malarstwo","10":"entry","11":"has-media","13":"first","14":"instock","15":"taxable","16":"shipping-taxable","17":"purchasable","18":"product-type-simple","19":"has-product-nav","20":"col","21":"span_1_of_3","22":"owp-content-center","23":"owp-thumbs-layout-horizontal","24":"owp-btn-normal","25":"owp-tabs-layout-horizontal"},"aioseo_notices":[],"_links":{"self":[{"href":"https:\/\/antykilion.pl\/fr\/wp-json\/wp\/v2\/product\/982","targetHints":{"allow":["GET"]}}],"collection":[{"href":"https:\/\/antykilion.pl\/fr\/wp-json\/wp\/v2\/product"}],"about":[{"href":"https:\/\/antykilion.pl\/fr\/wp-json\/wp\/v2\/types\/product"}],"replies":[{"embeddable":true,"href":"https:\/\/antykilion.pl\/fr\/wp-json\/wp\/v2\/comments?post=982"}],"wp:featuredmedia":[{"embeddable":true,"href":"https:\/\/antykilion.pl\/fr\/wp-json\/wp\/v2\/media\/983"}],"wp:attachment":[{"href":"https:\/\/antykilion.pl\/fr\/wp-json\/wp\/v2\/media?parent=982"}],"wp:term":[{"taxonomy":"product_cat","embeddable":true,"href":"https:\/\/antykilion.pl\/fr\/wp-json\/wp\/v2\/product_cat?post=982"},{"taxonomy":"product_tag","embeddable":true,"href":"https:\/\/antykilion.pl\/fr\/wp-json\/wp\/v2\/product_tag?post=982"}],"curies":[{"name":"wp","href":"https:\/\/api.w.org\/{rel}","templated":true}]}}