{"id":9823,"date":"2025-09-14T18:12:39","date_gmt":"2025-09-14T16:12:39","guid":{"rendered":"https:\/\/antykilion.pl\/?post_type=product&#038;p=9823"},"modified":"2025-09-14T18:12:39","modified_gmt":"2025-09-14T16:12:39","slug":"sekretera-neoempirowa-poczatek-xx-w-obledna-wiele-skrytek","status":"publish","type":"product","link":"https:\/\/antykilion.pl\/fr\/product\/sekretera-neoempirowa-poczatek-xx-w-obledna-wiele-skrytek\/","title":{"rendered":"Sekretera Neoempirowa pocz\u0105tek XX w ob\u0142\u0119dna wiele skrytek"},"content":{"rendered":"","protected":false},"excerpt":{"rendered":"<p>Sekretera Neoempirowa pocz\u0105tek XX w ob\u0142\u0119dna wiele skrytek<\/p>\n<p>Prostopad\u0142o\u015bcienna z kolumnami na frontowych naro\u017cach, z marmurowym zielonym blatem, z szuflad\u0105 u g\u00f3ry, z prost\u0105 odk\u0142adan\u0105 klap\u0105 i szafk\u0105 dwudrzwiow\u0105 w kt\u00f3rej mieszcz\u0105 si\u0119 3 szuflady, wsparta na zbie\u017cnych, toczonych n\u00f3\u017ckach, fornirowana wzorzystym mahoniem, tzw. piramid\u0105, ozdobiona okuciami z br\u0105zu z\u0142oconego; we wn\u0119trzu spora wn\u0119ka i kilka szufladek klika skrytek, blat wyklejony sk\u00f3r\u0105 moletowan\u0105 na obrze\u017cu.<\/p>\n<p>Miejsce produkcji: Francja pocz\u0105tek XX w<\/p>\n<p>Data: 1890\/1920<\/p>\n<p>Materia\u0142: Maho\u0144, br\u0105z z\u0142ocony, marmur<\/p>\n<p>Wymiary: wysoko\u015b\u0107 143, szeroko\u015b\u0107 98, g\u0142\u0119boko\u015b\u0107 44<\/p>\n<p>Stan: mebel wygl\u0105da po bardzo dobrej konserwacji wykonanej wiele lat temu<\/p>\n<p>Pi\u0119kny mebel!!!<\/p>\n<p>Okazja, ceny takich mebli kszta\u0142tuj\u0105 si\u0119 w okolicach 50 000 z\u0142<\/p>\n<p>Najtaniej w Polsce !!!<\/p>","protected":false},"featured_media":9824,"comment_status":"closed","ping_status":"closed","template":"","meta":[],"product_cat":[17,31],"product_tag":[],"class_list":{"0":"post-9823","1":"product","2":"type-product","3":"status-publish","4":"has-post-thumbnail","6":"product_cat-meble","7":"product_cat-sekretery-sekretarzyki-biurka","9":"entry","10":"has-media","12":"first","13":"instock","14":"taxable","15":"shipping-taxable","16":"purchasable","17":"product-type-simple","18":"has-product-nav","19":"col","20":"span_1_of_3","21":"owp-content-center","22":"owp-thumbs-layout-horizontal","23":"owp-btn-normal","24":"owp-tabs-layout-horizontal"},"aioseo_notices":[],"_links":{"self":[{"href":"https:\/\/antykilion.pl\/fr\/wp-json\/wp\/v2\/product\/9823","targetHints":{"allow":["GET"]}}],"collection":[{"href":"https:\/\/antykilion.pl\/fr\/wp-json\/wp\/v2\/product"}],"about":[{"href":"https:\/\/antykilion.pl\/fr\/wp-json\/wp\/v2\/types\/product"}],"replies":[{"embeddable":true,"href":"https:\/\/antykilion.pl\/fr\/wp-json\/wp\/v2\/comments?post=9823"}],"wp:featuredmedia":[{"embeddable":true,"href":"https:\/\/antykilion.pl\/fr\/wp-json\/wp\/v2\/media\/9824"}],"wp:attachment":[{"href":"https:\/\/antykilion.pl\/fr\/wp-json\/wp\/v2\/media?parent=9823"}],"wp:term":[{"taxonomy":"product_cat","embeddable":true,"href":"https:\/\/antykilion.pl\/fr\/wp-json\/wp\/v2\/product_cat?post=9823"},{"taxonomy":"product_tag","embeddable":true,"href":"https:\/\/antykilion.pl\/fr\/wp-json\/wp\/v2\/product_tag?post=9823"}],"curies":[{"name":"wp","href":"https:\/\/api.w.org\/{rel}","templated":true}]}}