{"id":9894,"date":"2025-09-25T13:56:10","date_gmt":"2025-09-25T11:56:10","guid":{"rendered":"https:\/\/antykilion.pl\/?post_type=product&#038;p=9894"},"modified":"2025-09-25T13:56:10","modified_gmt":"2025-09-25T11:56:10","slug":"stol-boulle-xix-wiek-okolo-1860-r-obledny-okazja","status":"publish","type":"product","link":"https:\/\/antykilion.pl\/fr\/product\/stol-boulle-xix-wiek-okolo-1860-r-obledny-okazja\/","title":{"rendered":"St\u00f3\u0142 Boulle XIX wiek oko\u0142o 1860 r Ob\u0142\u0119dny, okazja !!!"},"content":{"rendered":"","protected":false},"excerpt":{"rendered":"<p>St\u00f3\u0142 Boulle XIX wiek oko\u0142o 1860 r Ob\u0142\u0119dny, okazja !!!<\/p>\n<p>proche d&#039;un ovale, de contour ondul\u00e9, soutenu par des pieds convertibles, incrust\u00e9s d&#039;\u00e9caille de tortue, veines, t\u00f4le de laiton et garnitures en bronze.<\/p>\n<p>La forme et la d\u00e9coration de la table faisant r\u00e9f\u00e9rence au mobilier fran\u00e7ais du r\u00e8gne de Louis XIV, d&#039;apr\u00e8s les dessins de l&#039;\u00e9b\u00e9niste Charles AndreAL Boulle. La technique de ce type d&#039;incrustation s&#039;appelle le marketing.<\/p>\n<p>Stan. Bardzo dobry jak na orginalny ale trzeba wzi\u0105\u0107 pod uwag\u0119 \u017ce marketiera nie by\u0142a poddawana renowacji wi\u0119c ma swoje wady i zalety ale st\u00f3\u0142 z ca\u0142\u0105 pewno\u015bci\u0105 do wstawienia\u00a0<\/p>\n<p>Materia\u0142: konstrukcja &#8211; maho\u0144, fornir &#8211; maho\u0144 lub grusza (?) czerniona bardzo i to bardzo wysokiej jako\u015bci br\u0105zy z\u0142ocone, z\u0142oto zachowane w bardzo dobrym stanie.<\/p>\n<p>Wymiary: wysoko\u015b\u0107 71 cm, d\u0142ugo\u015b\u0107 130 cm, szeroko\u015b\u0107 85 cm .<\/p>\n<p>Pochodzenie: Francja 2 po\u0142. XIX w. oko\u0142o 1860<\/p>\n<p>Okazja bardzo wysokiej klasy st\u00f3\u0142 !!!!<\/p>","protected":false},"featured_media":9895,"comment_status":"closed","ping_status":"closed","template":"","meta":[],"product_cat":[17,33],"product_tag":[],"class_list":{"0":"post-9894","1":"product","2":"type-product","3":"status-publish","4":"has-post-thumbnail","6":"product_cat-meble","7":"product_cat-stoly-stoliki","9":"entry","10":"has-media","12":"first","13":"instock","14":"taxable","15":"shipping-taxable","16":"purchasable","17":"product-type-simple","18":"has-product-nav","19":"col","20":"span_1_of_3","21":"owp-content-center","22":"owp-thumbs-layout-horizontal","23":"owp-btn-normal","24":"owp-tabs-layout-horizontal"},"aioseo_notices":[],"_links":{"self":[{"href":"https:\/\/antykilion.pl\/fr\/wp-json\/wp\/v2\/product\/9894","targetHints":{"allow":["GET"]}}],"collection":[{"href":"https:\/\/antykilion.pl\/fr\/wp-json\/wp\/v2\/product"}],"about":[{"href":"https:\/\/antykilion.pl\/fr\/wp-json\/wp\/v2\/types\/product"}],"replies":[{"embeddable":true,"href":"https:\/\/antykilion.pl\/fr\/wp-json\/wp\/v2\/comments?post=9894"}],"wp:featuredmedia":[{"embeddable":true,"href":"https:\/\/antykilion.pl\/fr\/wp-json\/wp\/v2\/media\/9895"}],"wp:attachment":[{"href":"https:\/\/antykilion.pl\/fr\/wp-json\/wp\/v2\/media?parent=9894"}],"wp:term":[{"taxonomy":"product_cat","embeddable":true,"href":"https:\/\/antykilion.pl\/fr\/wp-json\/wp\/v2\/product_cat?post=9894"},{"taxonomy":"product_tag","embeddable":true,"href":"https:\/\/antykilion.pl\/fr\/wp-json\/wp\/v2\/product_tag?post=9894"}],"curies":[{"name":"wp","href":"https:\/\/api.w.org\/{rel}","templated":true}]}}