{"id":9940,"date":"2025-09-28T13:05:14","date_gmt":"2025-09-28T11:05:14","guid":{"rendered":"https:\/\/antykilion.pl\/?post_type=product&#038;p=9940"},"modified":"2025-09-28T13:05:14","modified_gmt":"2025-09-28T11:05:14","slug":"empirowy-jednoosobowy-serwis-kawowy-unikat-okolo-1830-r-piekny","status":"publish","type":"product","link":"https:\/\/antykilion.pl\/fr\/product\/empirowy-jednoosobowy-serwis-kawowy-unikat-okolo-1830-r-piekny\/","title":{"rendered":"Empirowy jednoosobowy serwis kawowy Unikat oko\u0142o 1830 r pi\u0119kny !"},"content":{"rendered":"","protected":false},"excerpt":{"rendered":"<p>Empirowy jednoosobowy serwis kawowy Unikat oko\u0142o 1830 r pi\u0119kny !<\/p>\n<p>Stan: bardzo dobry zwyk\u0142e \u015blady u\u017cytkowania<\/p>\n<p>Pochodzenie: Francja? Sygnatura wyciskana widoczna na zdieciu<\/p>\n<p>Materia\u0142: porcelana<\/p>\n<p>Wymiary: wysoko\u015b\u0107 od 11 cm do 16 cm<\/p>\n<p>serwis sk\u0142adaj\u0105cy si\u0119 z dzbanka do kawy, mlecznika cukiernicy oraz du\u017cej fili\u017canki z spodkiem<\/p>\n<p>serwis z lat 1830 r przepi\u0119kny ogromna rzadko\u015b\u0107<\/p>","protected":false},"featured_media":9941,"comment_status":"closed","ping_status":"closed","template":"","meta":[],"product_cat":[50],"product_tag":[],"class_list":{"0":"post-9940","1":"product","2":"type-product","3":"status-publish","4":"has-post-thumbnail","6":"product_cat-porcelana-i-fajans","8":"entry","9":"has-media","11":"first","12":"instock","13":"taxable","14":"shipping-taxable","15":"purchasable","16":"product-type-simple","17":"has-product-nav","18":"col","19":"span_1_of_3","20":"owp-content-center","21":"owp-thumbs-layout-horizontal","22":"owp-btn-normal","23":"owp-tabs-layout-horizontal"},"aioseo_notices":[],"_links":{"self":[{"href":"https:\/\/antykilion.pl\/fr\/wp-json\/wp\/v2\/product\/9940","targetHints":{"allow":["GET"]}}],"collection":[{"href":"https:\/\/antykilion.pl\/fr\/wp-json\/wp\/v2\/product"}],"about":[{"href":"https:\/\/antykilion.pl\/fr\/wp-json\/wp\/v2\/types\/product"}],"replies":[{"embeddable":true,"href":"https:\/\/antykilion.pl\/fr\/wp-json\/wp\/v2\/comments?post=9940"}],"wp:featuredmedia":[{"embeddable":true,"href":"https:\/\/antykilion.pl\/fr\/wp-json\/wp\/v2\/media\/9941"}],"wp:attachment":[{"href":"https:\/\/antykilion.pl\/fr\/wp-json\/wp\/v2\/media?parent=9940"}],"wp:term":[{"taxonomy":"product_cat","embeddable":true,"href":"https:\/\/antykilion.pl\/fr\/wp-json\/wp\/v2\/product_cat?post=9940"},{"taxonomy":"product_tag","embeddable":true,"href":"https:\/\/antykilion.pl\/fr\/wp-json\/wp\/v2\/product_tag?post=9940"}],"curies":[{"name":"wp","href":"https:\/\/api.w.org\/{rel}","templated":true}]}}