{"id":717,"date":"2020-01-29T14:34:28","date_gmt":"2020-01-29T13:34:28","guid":{"rendered":"https:\/\/antykilion.pl\/?page_id=717"},"modified":"2020-03-01T07:55:43","modified_gmt":"2020-03-01T06:55:43","slug":"polityka-prywatnosci","status":"publish","type":"page","link":"https:\/\/antykilion.pl\/it\/polityka-prywatnosci\/","title":{"rendered":"Politica sulla riservatezza"},"content":{"rendered":"<div data-elementor-type=\"wp-page\" data-elementor-id=\"717\" class=\"elementor elementor-717\" data-elementor-post-type=\"page\">\n\t\t\t\t\t\t<section class=\"elementor-section elementor-top-section elementor-element elementor-element-fa4cae6 elementor-section-height-min-height elementor-section-boxed elementor-section-height-default elementor-section-items-middle\" data-id=\"fa4cae6\" data-element_type=\"section\" data-settings=\"{&quot;background_background&quot;:&quot;classic&quot;}\">\n\t\t\t\t\t\t\t<div class=\"elementor-background-overlay\"><\/div>\n\t\t\t\t\t\t\t<div class=\"elementor-container elementor-column-gap-no\">\n\t\t\t\t\t<div class=\"elementor-column elementor-col-100 elementor-top-column elementor-element elementor-element-5b06110\" data-id=\"5b06110\" data-element_type=\"column\">\n\t\t\t<div class=\"elementor-widget-wrap elementor-element-populated\">\n\t\t\t\t\t\t<div class=\"elementor-element elementor-element-d6c618e elementor-widget elementor-widget-heading\" data-id=\"d6c618e\" data-element_type=\"widget\" data-widget_type=\"heading.default\">\n\t\t\t\t<div class=\"elementor-widget-container\">\n\t\t\t<h1 class=\"elementor-heading-title elementor-size-default\">Politica sulla riservatezza<\/h1>\t\t<\/div>\n\t\t\t\t<\/div>\n\t\t\t\t<div class=\"elementor-element elementor-element-270fe55 elementor-widget elementor-widget-text-editor\" data-id=\"270fe55\" data-element_type=\"widget\" data-widget_type=\"text-editor.default\">\n\t\t\t\t<div class=\"elementor-widget-container\">\n\t\t\t\t\t\t\t<p>Una delle pi\u00f9 grandi gallerie di antiquariato e arte<\/p>\t\t\t\t\t\t<\/div>\n\t\t\t\t<\/div>\n\t\t\t\t\t<\/div>\n\t\t<\/div>\n\t\t\t\t\t<\/div>\n\t\t<\/section>\n\t\t\t\t<section class=\"elementor-section elementor-top-section elementor-element elementor-element-0dcc2ef elementor-section-boxed elementor-section-height-default elementor-section-height-default\" data-id=\"0dcc2ef\" data-element_type=\"section\">\n\t\t\t\t\t\t<div class=\"elementor-container elementor-column-gap-default\">\n\t\t\t\t\t<div class=\"elementor-column elementor-col-100 elementor-top-column elementor-element elementor-element-dac6550\" data-id=\"dac6550\" data-element_type=\"column\">\n\t\t\t<div class=\"elementor-widget-wrap elementor-element-populated\">\n\t\t\t\t\t\t<div class=\"elementor-element elementor-element-362b6dc elementor-widget elementor-widget-text-editor\" data-id=\"362b6dc\" data-element_type=\"widget\" data-widget_type=\"text-editor.default\">\n\t\t\t\t<div class=\"elementor-widget-container\">\n\t\t\t\t\t\t\t<h2>Informazione Generale<\/h2>\n<ol>\n<li>L&#039;amministratore dei dati personali raccolti tramite il sito web: antykilion.pl, \u00e8 Galeria Antyki i Sztuka Lion Jacek Myller all&#039;indirizzo inserito Wejherowo 84-200 ul. Klasztorna 7, che svolge attivit\u00e0 iscritta nel Registro centrale e informazioni sull&#039;attivit\u00e0 economica della Repubblica di Polonia tenuto dal ministro competente per l&#039;economia, NIP: 5881203242, REGON: 366629645.<\/li>\n<li>La protezione dei dati \u00e8 effettuata in conformit\u00e0 con i requisiti della legge generalmente applicabile, in particolare la legge del 18 luglio 2002 sulla fornitura di servizi elettronici e il regolamento del Parlamento europeo e del Consiglio (UE) 2016\/679 del 27 aprile 2016 sulla protezione dei persone fisiche con riguardo al trattamento dei dati personali e alla libera circolazione di tali dati e che abroga la direttiva 95\/46 \/ CE.<\/li>\n<li>Rispettiamo il diritto alla privacy e abbiamo a cuore la sicurezza dei dati. Per questo scopo, protocollo di crittografia delle comunicazioni sicure (SSL) e i dati personali vengono archiviati su server protetti.<\/li>\n<li>I dati personali forniti nel modulo di contatto sono trattati in modo confidenziale e non sono visibili a persone non autorizzate.<\/li>\n<\/ol>\n<h2>Tutela dei dati personali<\/h2>\n<p>Se intendi creare un account utente e utilizzare i nostri servizi, ti verr\u00e0 chiesto di fornirci i tuoi dati personali. <br>I tuoi dati sono da noi trattati per le finalit\u00e0 di seguito indicate, relative al funzionamento dello Store e alla fornitura dei servizi in esso offerti (&quot;Servizi&quot;).<\/p>\n<ol>\n<li><strong>Finalit\u00e0 del trattamento:<\/strong><\/li>\n<\/ol>\n<p>A seconda di cosa decidi di fare, potrebbe essere:<\/p>\n<ul>\n<li>Fornitura dei servizi offerti nello Store<\/li>\n<li>Evadere i tuoi ordini<\/li>\n<\/ul>\n<ol start=\"2\">\n<li><strong>La base per l&#039;elaborazione:<\/strong><\/li>\n<\/ol>\n<ul>\n<li>Un contratto di vendita o azioni intraprese su tua richiesta per concluderlo (articolo 6 (1) (b) del GDPR)<\/li>\n<li>Obbligo legale vincolante per noi, ad es. In relazione alla contabilit\u00e0 (articolo 6 (1) (c) del GDPR)<\/li>\n<li>Un contratto per la fornitura di servizi o azioni intraprese su Sua richiesta, finalizzato alla sua conclusione (Articolo 6 (1) (b) del GDPR)<\/li>\n<li>Il nostro legittimo interesse al trattamento dei dati per stabilire, indagare o difendere eventuali reclami (articolo 6 (1) (f) del GDPR)<\/li>\n<li>Il nostro legittimo interesse (Articolo 6 (1) (f) del GDPR) consistente in:\n<ul>\n<li>elaborazione dati per fini analitici e statistici<\/li>\n<li>Sondaggio di soddisfazione del cliente<\/li>\n<\/ul>\n<\/li>\n<\/ul>\n<ol start=\"3\">\n<li><strong>Fornire dati:<\/strong><\/li>\n<\/ol>\n<ul>\n<li>Volontario, ma in alcuni casi pu\u00f2 essere necessario per concludere un contratto.<\/li>\n<\/ul>\n<ol start=\"4\">\n<li><strong>L&#039;effetto del mancato conferimento dei dati:<\/strong><\/li>\n<\/ol>\n<p>A seconda dello scopo per il quale vengono forniti i dati:<\/p>\n<ul>\n<li>nessuna possibilit\u00e0 di registrarsi nello Store<\/li>\n<li>nessuna possibilit\u00e0 di utilizzare i servizi del Negozio<\/li>\n<li>nessuna possibilit\u00e0 di effettuare acquisti nello Store<\/li>\n<\/ul>\n<h2>5. Periodo di elaborazione<\/h2>\n<p>Tratteremo i tuoi dati solo per il periodo in cui avremo base giuridica, ovvero fino a quando:<\/p>\n<ul>\n<li>l&#039;obbligo legale che ci obbliga a trattare i tuoi dati cesser\u00e0 di vincolarci<\/li>\n<li>cesser\u00e0 la possibilit\u00e0 di far valere i reclami relativi al contratto concluso dal Negozio dalle Parti<\/li>\n<li>la tua opposizione al trattamento dei tuoi dati personali sar\u00e0 accettata - se la base per il trattamento dei tuoi dati era il legittimo interesse dell&#039;amministratore o se i dati sono stati elaborati per il marketing diretto.<\/li>\n<\/ul>\n<p>- a seconda di ci\u00f2 che \u00e8 applicabile in un determinato caso e di ci\u00f2 che accadr\u00e0 al pi\u00f9 tardi.<\/p>\n<h2>6. Sicurezza dei dati<\/h2>\n<p>Durante il trattamento dei dati personali, utilizziamo misure organizzative e tecniche in conformit\u00e0 con la legge applicabile, inclusa la crittografia della connessione con un certificato SSL.<\/p>\n<ol start=\"7\">\n<li><strong>I tuoi poteri<\/strong><\/li>\n<\/ol>\n<p>Hai il diritto di richiedere:<\/p>\n<ul>\n<li>accesso ai tuoi dati personali<\/li>\n<li>correggerli<\/li>\n<li>rimozione<\/li>\n<li>limitazioni di elaborazione<\/li>\n<li>trasferimento dei dati a un altro amministratore<\/li>\n<\/ul>\n<p>E anche la legge:<\/p>\n<ul>\n<li>opporsi in qualsiasi momento al trattamento dei propri dati:\n<ul>\n<li>per motivi connessi alla Sua situazione particolare - al trattamento dei dati personali che La riguardano, in base all&#039;art. 6 sec. 1 lit. f GDPR (ovvero sugli interessi legittimi perseguiti dall&#039;amministratore),<\/li>\n<li>se i dati personali sono trattati per finalit\u00e0 di marketing diretto<\/li>\n<\/ul>\n<\/li>\n<\/ul>\n<p>Contattaci se desideri esercitare i tuoi diritti.<\/p>\n<p>Se ritieni che i tuoi dati siano trattati illecitamente, puoi proporre reclamo all&#039;autorit\u00e0 di controllo.<\/p>\n<h2>1. Cookie<\/h2>\n<p>Il nostro negozio, come la maggior parte dei siti Web, utilizza il cosiddetto cookie (cookie). Questi file:<\/p>\n<ul>\n<li>vengono salvati nella memoria del tuo dispositivo (computer, telefono, ecc.)<\/li>\n<li>ti consentono, tra le altre cose, di utilizzare tutte le funzioni dello Store<\/li>\n<li>non modificare le impostazioni del tuo dispositivo<\/li>\n<\/ul>\n<p>Utilizzando le apposite opzioni del tuo browser potrai in qualsiasi momento:<\/p>\n<ul>\n<li>eliminare i cookie<\/li>\n<li>bloccare l&#039;uso dei cookie in futuro<\/li>\n<\/ul>\n<p>In questo negozio, i cookie vengono utilizzati per i seguenti scopi:<\/p>\n<ul>\n<li>statistica<\/li>\n<\/ul>\n<p>Per sapere come gestire i cookie, incluso come disabilitarli nel tuo browser, puoi utilizzare il file della guida del tuo browser. \u00c8 possibile leggere le informazioni su questo argomento premendo il tasto F1 nel browser. Inoltre, opportuni suggerimenti possono essere trovati nelle seguenti sottopagine, a seconda del browser utilizzato: Se non disabiliti l&#039;uso dei cookie nelle impostazioni del browser, significa che acconsenti al loro utilizzo.<\/p>\n<p>Ulteriori informazioni sui cookie sono disponibili in <a href=\"https:\/\/pl.wikipedia.org\/wiki\/HTTP_cookie\">Wikipedia<\/a>.<\/p>\n<ol start=\"2\">\n<li><strong>Destinatari dei dati, ovvero servizi esterni <\/strong><\/li>\n<\/ol>\n<p>Utilizziamo i servizi di soggetti esterni a cui i tuoi dati possono essere trasferiti. Di seguito \u00e8 riportato un elenco di queste entit\u00e0:<\/p>\n<ul>\n<li>l&#039;entit\u00e0 che consegna le merci<\/li>\n<li>fornitore di servizi di pagamento:\n<ul>\n<li>PayU<\/li>\n<\/ul>\n<\/li>\n<li>ufficio contabilit\u00e0<\/li>\n<\/ul>\n<h2>&nbsp;<\/h2>\n<h2>10. Contatto con l&#039;amministratore<\/h2>\n<p>Vuoi esercitare i tuoi diritti sui dati personali?<\/p>\n<p>O forse vuoi solo chiedere informazioni relative alla nostra Informativa sulla privacy?<\/p>\n<p>Scrivi all&#039;indirizzo e-mail: <strong><a href=\"mailto:biuro@antykilion.pl\">biuro@antykilion.pl<\/a> o 12337@wp.pl<\/strong><\/p>\n<p><\/p>\t\t\t\t\t\t<\/div>\n\t\t\t\t<\/div>\n\t\t\t\t\t<\/div>\n\t\t<\/div>\n\t\t\t\t\t<\/div>\n\t\t<\/section>\n\t\t\t\t<\/div>","protected":false},"excerpt":{"rendered":"<p>Polityka Prywatno\u015bci Jedna z najwi\u0119kszych galerii Antyk\u00f3w i Sztuki Informacje og\u00f3lne Administratorem danych osobowych zbieranych za po\u015brednictwem strony internetowej: antykilion.pl, jest &nbsp;Galeria Antyki i Sztuka Lion Jacek Myller pod wpisanym adresem Wejherowo 84-200 ul. Klasztorna 7, prowadz\u0105cy dzia\u0142alno\u015b\u0107 wpisan\u0105 do Centralnej Ewidencji i Informacji o Dzia\u0142alno\u015bci Gospodarczej Rzeczypospolitej Polskiej prowadzonej przez ministra w\u0142a\u015bciwego do spraw [&hellip;]<\/p>","protected":false},"author":2,"featured_media":0,"parent":0,"menu_order":0,"comment_status":"closed","ping_status":"closed","template":"elementor_header_footer","meta":{"footnotes":""},"class_list":["post-717","page","type-page","status-publish","hentry","entry","owp-thumbs-layout-horizontal","owp-btn-normal","owp-tabs-layout-horizontal","has-no-thumbnails","has-product-nav"],"aioseo_notices":[],"_links":{"self":[{"href":"https:\/\/antykilion.pl\/it\/wp-json\/wp\/v2\/pages\/717","targetHints":{"allow":["GET"]}}],"collection":[{"href":"https:\/\/antykilion.pl\/it\/wp-json\/wp\/v2\/pages"}],"about":[{"href":"https:\/\/antykilion.pl\/it\/wp-json\/wp\/v2\/types\/page"}],"author":[{"embeddable":true,"href":"https:\/\/antykilion.pl\/it\/wp-json\/wp\/v2\/users\/2"}],"replies":[{"embeddable":true,"href":"https:\/\/antykilion.pl\/it\/wp-json\/wp\/v2\/comments?post=717"}],"version-history":[{"count":0,"href":"https:\/\/antykilion.pl\/it\/wp-json\/wp\/v2\/pages\/717\/revisions"}],"wp:attachment":[{"href":"https:\/\/antykilion.pl\/it\/wp-json\/wp\/v2\/media?parent=717"}],"curies":[{"name":"wp","href":"https:\/\/api.w.org\/{rel}","templated":true}]}}