{"id":79,"date":"2019-12-31T12:25:20","date_gmt":"2019-12-31T11:25:20","guid":{"rendered":"https:\/\/antykilion.pl\/?page_id=79"},"modified":"2020-03-01T10:24:14","modified_gmt":"2020-03-01T09:24:14","slug":"regulamin","status":"publish","type":"page","link":"https:\/\/antykilion.pl\/it\/regulamin\/","title":{"rendered":"normativa"},"content":{"rendered":"<div data-elementor-type=\"wp-page\" data-elementor-id=\"79\" class=\"elementor elementor-79\" data-elementor-post-type=\"page\">\n\t\t\t\t\t\t<section class=\"elementor-section elementor-top-section elementor-element elementor-element-74943b1 elementor-section-height-min-height elementor-section-boxed elementor-section-height-default elementor-section-items-middle\" data-id=\"74943b1\" data-element_type=\"section\" data-settings=\"{&quot;background_background&quot;:&quot;classic&quot;}\">\n\t\t\t\t\t\t\t<div class=\"elementor-background-overlay\"><\/div>\n\t\t\t\t\t\t\t<div class=\"elementor-container elementor-column-gap-no\">\n\t\t\t\t\t<div class=\"elementor-column elementor-col-100 elementor-top-column elementor-element elementor-element-972725c\" data-id=\"972725c\" data-element_type=\"column\">\n\t\t\t<div class=\"elementor-widget-wrap elementor-element-populated\">\n\t\t\t\t\t\t<div class=\"elementor-element elementor-element-3ce995b elementor-widget elementor-widget-heading\" data-id=\"3ce995b\" data-element_type=\"widget\" data-widget_type=\"heading.default\">\n\t\t\t\t<div class=\"elementor-widget-container\">\n\t\t\t<h1 class=\"elementor-heading-title elementor-size-default\">Regolamento del negozio<\/h1>\t\t<\/div>\n\t\t\t\t<\/div>\n\t\t\t\t<div class=\"elementor-element elementor-element-d35da0f elementor-widget elementor-widget-text-editor\" data-id=\"d35da0f\" data-element_type=\"widget\" data-widget_type=\"text-editor.default\">\n\t\t\t\t<div class=\"elementor-widget-container\">\n\t\t\t\t\t\t\t<p>Una delle pi\u00f9 grandi gallerie di antiquariato e arte<\/p>\t\t\t\t\t\t<\/div>\n\t\t\t\t<\/div>\n\t\t\t\t\t<\/div>\n\t\t<\/div>\n\t\t\t\t\t<\/div>\n\t\t<\/section>\n\t\t\t\t<section class=\"elementor-section elementor-top-section elementor-element elementor-element-6121a11 elementor-section-boxed elementor-section-height-default elementor-section-height-default\" data-id=\"6121a11\" data-element_type=\"section\">\n\t\t\t\t\t\t<div class=\"elementor-container elementor-column-gap-default\">\n\t\t\t\t\t<div class=\"elementor-column elementor-col-100 elementor-top-column elementor-element elementor-element-68b94bd\" data-id=\"68b94bd\" data-element_type=\"column\">\n\t\t\t<div class=\"elementor-widget-wrap elementor-element-populated\">\n\t\t\t\t\t\t<div class=\"elementor-element elementor-element-db273eb elementor-widget elementor-widget-text-editor\" data-id=\"db273eb\" data-element_type=\"widget\" data-widget_type=\"text-editor.default\">\n\t\t\t\t<div class=\"elementor-widget-container\">\n\t\t\t\t\t\t\t<p>Disponiamo di un punto vendita fisso dove \u00e8 possibile visionare e acquistare direttamente la merce offerta, operando sotto il nome e indirizzo:<\/p><p>Lion Jacek Myller Antiques and Art Gallery<\/p><p>Wejherowo 84-200<\/p><p>Ul. Klasztorna 7<\/p><p>I termini e le condizioni del negozio del sito web www.kitimilon.pl riguardanti la conclusione di contratti di vendita di beni e servizi a distanza con i consumatori - in vigore dal 01\/02\/2020 - si applicano ai contratti conclusi dopo tale data.<\/p><p>1. INFORMAZIONI SULL&#039;AZIENDA<\/p><p>Il proprietario del negozio online che opera all&#039;indirizzo Internet http:\/\/antykilion.pl Galeria Antyki i Sztuka Lion Jacek Myller NIP 5881203242, REGON <strong>366629645<\/strong>. ; ulteriormente nel presente Regolamento in qualit\u00e0 di Venditore.<\/p><ol start=\"2\"><li>DEFINIZIONI<\/li><\/ol><p>1.Shop: un negozio online che opera su <a href=\"https:\/\/antykilon.pl\">https:\/\/antykilon.pl<\/a> \u00a0\u00e8 gestito dalla societ\u00e0 Galeria Antyki i Sztuka Lion ed \u00e8 di sua propriet\u00e0.<\/p><p>2. Acquirente - consumatore ai sensi dell&#039;art. 22 [1] del Codice Civile, avvalendosi dei servizi del Venditore, acquistando la merce nei termini previsti dal presente Regolamento.<\/p><p>3. Ordine - la dichiarazione di volont\u00e0 dell&#039;Acquirente, in base alla quale acquista la merce offerta dal Venditore. L&#039;ordine contiene tutte le informazioni dettagliate che ne consentono l&#039;esecuzione.<\/p><p>4. Beni - un bene mobile coperto dal contratto di vendita.<\/p><p>5. Contratto di vendita - un contratto di vendita ai sensi del codice civile, concluso tra il venditore e l&#039;acquirente nel negozio.<\/p><p>6. Spedizione di grandi dimensioni: una spedizione di peso superiore a 20 chilogrammi o una spedizione<\/p><p>7. Forza maggiore - un evento esterno, indipendente dalle Parti, inaspettato e impossibile da evitare o prevenire (ad es. Scioperi, guerre, rivolte, disordini sociali, inondazioni, incendi, tornado).<\/p><p>8. Legge sui diritti dei consumatori - Legge del 30 maggio 2014 sui diritti dei consumatori (Journal of Laws of 2014, item 827).<\/p><p>9. Codice civile - legge del 23 aprile 1964 - Codice civile (Gazzetta ufficiale del 2014, voce 121).<\/p><ol start=\"3\"><li>DISPOSIZIONI GENERALI<\/li><\/ol><p>1.Questo Regolamento definisce i termini e le condizioni di utilizzo del Negozio da parte degli Acquirenti per acquistare articoli in offerta sul sito web del Negozio, nonch\u00e9 beni che non sono inclusi nell&#039;offerta del Negozio, e possono essere consegnati all&#039;Acquirente previo accordo tramite e-mail o in un&#039;altra forma scritto. Il Regolamento definisce anche i diritti e gli obblighi nonch\u00e9 le condizioni di responsabilit\u00e0 del Venditore e degli Acquirenti. Il Regolamento \u00e8 disponibile sul sito web: antycilion.pl. Prima di concludere un contratto o creare un account, l&#039;Acquirente legge il contenuto del Regolamento e l&#039;accettazione delle sue disposizioni \u00e8 confermata selezionando l&#039;apposito campo del modulo con la casella di controllo nel processo di immissione dell&#039;Ordine.<\/p><ol start=\"4\"><li>REQUISITI TECNICI E PRENOTAZIONI<\/li><\/ol><p>1. Connessione a Internet<\/p><p>2. Il Venditore non raccoglie automaticamente alcun dato, ad eccezione dei dati contenuti nei &quot;cookies&quot; durante l&#039;utilizzo del Negozio.<\/p><p>3. Il Venditore si riserva il diritto di sospendere temporaneamente il funzionamento del Negozio e il diritto ad altre interruzioni nell&#039;accesso al Negozio (in particolare alla merce presentata), dovute in particolare alla necessit\u00e0 di<\/p><p>manutenzione, riparazione del sistema o aggiornamento dei prezzi e delle descrizioni dei prodotti presentati nel Negozio.<\/p><p>4. Il Venditore non \u00e8 responsabile per eventuali problemi derivanti da un errato o errato inserimento dei dati personali da parte dell&#039;Acquirente<\/p><p>\u25e6 Se esiste un rischio giustificato o si riscontra che l&#039;account \u00e8 stato registrato dalla persona che ha fornito informazioni false, il Venditore pu\u00f2 sospendere l&#039;account. L&#039;Acquirente verr\u00e0 informato tramite e-mail di tali azioni. La ripresa dell&#039;attivit\u00e0 dell&#039;account pu\u00f2 dipendere dal fatto che l&#039;Acquirente intraprenda azioni volte a chiarire o rimuovere dati falsi.<\/p><p>\u25e6 L&#039;Acquirente si impegna a utilizzare il sito web del Negozio in modo da non interferire con il suo funzionamento<\/p><p>L&#039;acquirente acconsente al trattamento dei suoi dati personali ai fini dell&#039;inoltro di un ordine e della registrazione nel negozio online (in conformit\u00e0 con la legge del 25 maggio 2018 sulla protezione dei dati personali; testo consolidato: Journal of Laws del 2018, elemento 1000).<\/p><ol start=\"5\"><li>PREZZO DELLA MERCE E FORME DI PAGAMENTO<\/li><\/ol><p>1. Tutti i prezzi nello Store sono espressi in zloty polacchi (PLN) e includono l&#039;IVA.<\/p><p>2. I prezzi non includono le spese di spedizione. I costi di spedizione vengono aggiunti come articolo separato nel riepilogo dell&#039;ordine (valore del carrello). Le informazioni sul prezzo di spedizione vengono fornite dopo che l&#039;acquirente ha preventivamente concordato con il negozio.<\/p><p>3. I prezzi indicati nello Store sono vincolanti quando l&#039;Ordine viene effettuato dal sito web <a href=\"https:\/\/antykilion.pl\/it\/\">https:\/\/antykilion.pl<\/a><\/p><p>L&#039;entit\u00e0 che fornisce servizi di pagamento online \u00e8 Payu. Il pagamento della merce ordinata pu\u00f2 essere effettuato:<\/p><p>\u25aa utilizzo dei canali di pagamento elettronico nell&#039;ambito del servizio PayU<\/p><p>....... Utilizzo di Visa, Visa Electron, MasterCard, MasterCard Electronic, Maestro, blik<\/p><p>\u25aa o pagamento diretto sul conto di Galeria Antyki i Sztuka Lion<\/p><p>Bank of Mllenium<\/p><p>14 1160 2202 0000 0003 2123 8265<\/p><p>6. Il mancato pagamento del prezzo dell&#039;Ordine trascorsi 4 giorni lavorativi dalla data di inoltro dell&#039;Ordine equivale a dimissioni dall&#039;Ordine. Trascorso il termine indicato, il Venditore annuller\u00e0 l&#039;Ordine.<\/p><ol start=\"6\"><li><p>prenotazione<\/p><p>Il cliente pu\u00f2 effettuare una prenotazione per un articolo che si trova nel sito web www.stoparkill.pl. A tal fine, contatta il negozio per determinare quale articolo sar\u00e0 soggetto a prenotazione. Ogni prenotazione \u00e8 soggetta a una tassa di 300 PLN. Il tempo di prenotazione \u00e8 di 7 giorni. Una conferma scritta del pagamento effettuato dal Cliente e una scansione del pagamento a Antyki i Sztuka Lion Company Jacek Myller sono considerate efficaci.<br \/>L&#039;articolo riservato \u00e8 contrassegnato sul sito web del negozio www.sklep.pl e non pu\u00f2 essere acquistato da altri clienti per un periodo di 7 giorni. <br \/>Se il Cliente che ha prenotato l&#039;oggetto non effettua il pagamento dell&#039;importo mancante, seguito dall&#039;acquisto dell&#039;articolo entro 7 giorni dal momento della prenotazione dell&#039;articolo, la prenotazione decade e con essa l&#039;importo pagato dal Cliente che ha effettuato la prenotazione dell&#039;acconto. In questo caso, l&#039;articolo perde il suo stato di riservato e viene introdotto per ulteriore marketing nel negozio del sito web.\u00a0<\/p><\/li><li>EFFETTUARE ORDINI<\/li><\/ol><p>1. L&#039;Acquirente pu\u00f2 effettuare un Ordine tramite il sito web: https:\/\/antykilion.pl;<\/p><p>2. La conferma dell&#039;Ordine dell&#039;Acquirente viene effettuata utilizzando il pulsante contrassegnato &quot;Ordine con obbligo di pagamento&quot;, l&#039;Acquirente ricever\u00e0 un&#039;e-mail di conferma dell&#039;Ordine.<\/p><p>3.Dopo la e-mail di accettazione dell&#039;Ordine di cui sopra da parte dell&#039;Acquirente, l&#039;Acquirente riceve un messaggio di posta elettronica indicante che l&#039;Ordine \u00e8 stato inserito nel Negozio<\/p><p>4. L&#039;Acquirente pu\u00f2 apportare modifiche all&#039;Ordine fino all&#039;emissione del documento di conferma della vendita. L&#039;Acquirente pu\u00f2 ritirare l&#039;Ordine nella sua interezza fino alla sua spedizione.<\/p><p>5. In caso di dati insufficienti necessari per avviare il processo di evasione dell&#039;Ordine, l&#039;Ordine non sar\u00e0 elaborato fino a quando i dati non saranno stati completati, a condizione che se l&#039;Acquirente non contatta il personale del Negozio entro 2 giorni lavorativi o tenta di contattare l&#039;Acquirente non andr\u00e0 a buon fine, l&#039;Ordine sar\u00e0 annullato.<\/p><p>6. In caso di pagamento online, l&#039;accettazione dell&#039;Ordine per l&#039;esecuzione da parte del Venditore inizia quando il prezzo dell&#039;Ordine effettuato viene accreditato sul conto bancario del Negozio, visibile nel riepilogo dell&#039;Ordine.<\/p><p>7. Se l&#039;Ordine dell&#039;Acquirente non pu\u00f2 essere elaborato (indisponibilit\u00e0 della merce ordinata), l&#039;Acquirente sar\u00e0 immediatamente informato di questo fatto.<\/p><p>8. Se la merce \u00e8 temporaneamente non disponibile, il Venditore informer\u00e0 l&#039;Acquirente della data di consegna prolungata della merce non disponibile; in questo caso, il tempo di elaborazione dell&#039;ordine potrebbe variare.<\/p><p>9. In caso di indisponibilit\u00e0 di alcuni dei beni oggetto dell&#039;Ordine, l&#039;Acquirente viene informato sullo stato dell&#039;Ordine e decide sulle modalit\u00e0 della sua esecuzione (esecuzione parziale o annullamento dell&#039;intero Ordine).<\/p><p>10. Se la merce non \u00e8 affatto disponibile, a causa di circostanze al di fuori del controllo del Venditore, l&#039;Acquirente pu\u00f2 effettuare un Ordine per altre merci dall&#039;offerta del Negozio o ricevere il rimborso del prezzo gi\u00e0 pagato. Se viene selezionato un prodotto diverso, il prezzo precedentemente pagato per il prodotto non disponibile verr\u00e0 saldato di conseguenza e l&#039;Acquirente ricever\u00e0 un rimborso della differenza di prezzo o pagher\u00e0 al Venditore l&#039;importo che \u00e8 la parte mancante del prezzo del prodotto appena selezionato.<\/p><p>8. COMPLETAMENTO DEGLI ORDINI<\/p><p>1. Il Venditore far\u00e0 ogni sforzo per tenere gli Acquirenti informati sulla data di consegna prevista.<\/p><p>2. Il momento dell&#039;effettuazione dell&#039;Ordine \u00e8 determinato dal momento della ricezione da parte del Venditore e del pagamento dell&#039;Ordine accreditato sul conto dell&#039;azienda.<\/p><p>3. Per ogni Ordine viene emessa una fattura con margine IVA.<\/p><p>9. Consegna<\/p><p>1. Le consegne della merce collocata nel Negozio vengono effettuate in tutto il Paese o nell&#039;Unione Europea previo accordo telefonico o via e-mail.<\/p><p>2. La spedizione di merci per merci pi\u00f9 piccole viene effettuata da un corriere.<\/p><ol start=\"3\"><li>La spedizione di merci di grandi dimensioni, ad esempio mobili, viene effettuata da compagnie di navigazione esterne<\/li><\/ol><p>4. Gli importi indicati per i servizi di corriere sono importi lordi.<\/p><p>5. La ricezione del pacco da parte del corriere deve essere confermata da una ricevuta scritta<\/p><p>6. Al ricevimento del pacco, l&#039;Acquirente dovr\u00e0 controllare il pacco.<\/p><p>7. Il Venditore non \u00e8 responsabile per la mancata consegna o il ritardo nella consegna causato da un indirizzo impreciso o errato fornito dall&#039;Acquirente nell&#039;Ordine.<\/p><p>8. IL DIRITTO DI RECESSO DAL CONTRATTO (RESO) si applica solo al negozio online.<\/p><ol start=\"9\"><li>Il consumatore ha diritto di recedere dal contratto concluso con il Venditore tramite il Negozio On Line, fatto salvo il punto 8 del Regolamento, entro 14 giorni senza fornire alcuna motivazione.<\/li><li>Il termine per recedere dal contratto scade dopo 14 giorni dal giorno: in cui il Consumatore acquisisce, o un terzo diverso dal vettore e indicato dal Consumatore, acquisisce il possesso fisico dei beni.<\/li><li>Affinch\u00e9 il Consumatore possa esercitare il diritto di recesso dal contratto, deve informare il Venditore telefonicamente e in aggiunta tramite e-mail.<\/li><li>La restituzione della merce deve avvenire prima della scadenza del periodo di recesso e la merce deve essere integra, in caso di eventuali violazioni o danneggiamenti alla merce, il negozio online non rimborsa i soldi per la merce restituita.<\/li><\/ol><p>13. Il negozio inoltre non sostiene alcun costo relativo alla spedizione della merce.<\/p><p>14. il diritto di recedere da un contratto a distanza non \u00e8 disponibile per un&#039;entit\u00e0 diversa dal consumatore.<\/p><p>15. Gli ordini nel negozio antybiilio.pl possono essere subordinati all&#039;accettazione del presente regolamento.<\/p><p>\u00a0<\/p><p><strong>\u00a0<\/strong><\/p>\t\t\t\t\t\t<\/div>\n\t\t\t\t<\/div>\n\t\t\t\t\t<\/div>\n\t\t<\/div>\n\t\t\t\t\t<\/div>\n\t\t<\/section>\n\t\t\t\t<\/div>","protected":false},"excerpt":{"rendered":"<p>Regulamin Sklepu Jedna z najwi\u0119kszych galerii Antyk\u00f3w i Sztuki Posiadamy sklep stacjonarny, gdzie mo\u017cna bezpo\u015brednio obejrze\u0107 \u00a0i zakupi\u0107 oferowany towar, funkcjonuj\u0105cy pod nazw\u0105 i adresem: Galeria Antyki I Sztuka Lion Jacek Myller Wejherowo 84-200 Ul. Klasztorna 7 Regulamin sklepu internetowego antykilon.pl, dotycz\u0105cy zawierania z konsumentami na odleg\u0142o\u015b\u0107 um\u00f3w sprzeda\u017cy towar\u00f3w oraz \u015bwiadczenia us\u0142ug &#8211; obowi\u0105zuj\u0105cy [&hellip;]<\/p>","protected":false},"author":2,"featured_media":0,"parent":0,"menu_order":0,"comment_status":"closed","ping_status":"closed","template":"elementor_header_footer","meta":{"footnotes":""},"class_list":["post-79","page","type-page","status-publish","hentry","entry","owp-thumbs-layout-horizontal","owp-btn-normal","owp-tabs-layout-horizontal","has-no-thumbnails","has-product-nav"],"aioseo_notices":[],"_links":{"self":[{"href":"https:\/\/antykilion.pl\/it\/wp-json\/wp\/v2\/pages\/79","targetHints":{"allow":["GET"]}}],"collection":[{"href":"https:\/\/antykilion.pl\/it\/wp-json\/wp\/v2\/pages"}],"about":[{"href":"https:\/\/antykilion.pl\/it\/wp-json\/wp\/v2\/types\/page"}],"author":[{"embeddable":true,"href":"https:\/\/antykilion.pl\/it\/wp-json\/wp\/v2\/users\/2"}],"replies":[{"embeddable":true,"href":"https:\/\/antykilion.pl\/it\/wp-json\/wp\/v2\/comments?post=79"}],"version-history":[{"count":0,"href":"https:\/\/antykilion.pl\/it\/wp-json\/wp\/v2\/pages\/79\/revisions"}],"wp:attachment":[{"href":"https:\/\/antykilion.pl\/it\/wp-json\/wp\/v2\/media?parent=79"}],"curies":[{"name":"wp","href":"https:\/\/api.w.org\/{rel}","templated":true}]}}