{"id":10015,"date":"2025-10-05T13:03:59","date_gmt":"2025-10-05T11:03:59","guid":{"rendered":"https:\/\/antykilion.pl\/?post_type=product&#038;p=10015"},"modified":"2025-10-05T13:23:55","modified_gmt":"2025-10-05T11:23:55","slug":"bukiet-warzyw-z-kapusta-george-william-sartorius-1759-1828-muzealny","status":"publish","type":"product","link":"https:\/\/antykilion.pl\/it\/product\/bukiet-warzyw-z-kapusta-george-william-sartorius-1759-1828-muzealny\/","title":{"rendered":"Bukiet warzyw z kapust\u0105 George William Sartorius (1759\u20131828) muzealny !!!"},"content":{"rendered":"","protected":false},"excerpt":{"rendered":"<p>Bukiet warzyw z kapust\u0105 George William Sartorius (1759\u20131828) muzealny !!!<\/p>\n<p>George William Sartorius (1759\u20131828) by\u0142 brytyjskim artyst\u0105.[1] Rodzina Sartorius\u00f3w zajmowa\u0142a si\u0119 bardzo aktywnie malarstwem . Sartorius George William specjalizowa\u0142 si\u0119 w malowaniu zwierz\u0105t i martwych natur.[2] Wystawia\u0142 swoje prace w Free Society of Artists w latach 1773\u20131779.[2<\/p>\n<p>Tecnica: olio su tela<\/p>\n<p>Stan: bardzo dobry po konserwacji,<\/p>\n<p>Sygnatura: Widoczna na zdj\u0119ciu, na blejtramie liczne nalepki\u00a0 zapewne\u00a0 aukcyjne lub inwentarzowe<\/p>\n<p>Wymiary: p\u0142\u00f3tno 44 cm na 66 cm, z ram\u0105 to oko\u0142o\u00a0 58 cm\u00a0 na\u00a0 80 cm<\/p>\n<p>Origine: Europa<\/p>\n<p>Do ka\u017cdego przedmiotu Galeria wystawia certyfikat.<\/p>","protected":false},"featured_media":10016,"comment_status":"closed","ping_status":"closed","template":"","meta":[],"product_cat":[41,39,40],"product_tag":[],"class_list":{"0":"post-10015","1":"product","2":"type-product","3":"status-publish","4":"has-post-thumbnail","6":"product_cat-malarstwo-dawne","7":"product_cat-dziela-sztuki","8":"product_cat-malarstwo","10":"entry","11":"has-media","13":"first","14":"instock","15":"taxable","16":"shipping-taxable","17":"purchasable","18":"product-type-simple","19":"has-product-nav","20":"col","21":"span_1_of_3","22":"owp-content-center","23":"owp-thumbs-layout-horizontal","24":"owp-btn-normal","25":"owp-tabs-layout-horizontal"},"aioseo_notices":[],"_links":{"self":[{"href":"https:\/\/antykilion.pl\/it\/wp-json\/wp\/v2\/product\/10015","targetHints":{"allow":["GET"]}}],"collection":[{"href":"https:\/\/antykilion.pl\/it\/wp-json\/wp\/v2\/product"}],"about":[{"href":"https:\/\/antykilion.pl\/it\/wp-json\/wp\/v2\/types\/product"}],"replies":[{"embeddable":true,"href":"https:\/\/antykilion.pl\/it\/wp-json\/wp\/v2\/comments?post=10015"}],"wp:featuredmedia":[{"embeddable":true,"href":"https:\/\/antykilion.pl\/it\/wp-json\/wp\/v2\/media\/10016"}],"wp:attachment":[{"href":"https:\/\/antykilion.pl\/it\/wp-json\/wp\/v2\/media?parent=10015"}],"wp:term":[{"taxonomy":"product_cat","embeddable":true,"href":"https:\/\/antykilion.pl\/it\/wp-json\/wp\/v2\/product_cat?post=10015"},{"taxonomy":"product_tag","embeddable":true,"href":"https:\/\/antykilion.pl\/it\/wp-json\/wp\/v2\/product_tag?post=10015"}],"curies":[{"name":"wp","href":"https:\/\/api.w.org\/{rel}","templated":true}]}}