{"id":10023,"date":"2025-10-05T13:59:03","date_gmt":"2025-10-05T11:59:03","guid":{"rendered":"https:\/\/antykilion.pl\/?post_type=product&#038;p=10023"},"modified":"2025-10-05T13:59:03","modified_gmt":"2025-10-05T11:59:03","slug":"dziewczyna-w-garderobie-paolo-mei-1872-r-xix-w-obledny","status":"publish","type":"product","link":"https:\/\/antykilion.pl\/it\/product\/dziewczyna-w-garderobie-paolo-mei-1872-r-xix-w-obledny\/","title":{"rendered":"Dziewczyna w garderobie Paolo Mei\u00a0 1872 r XIX w ob\u0142\u0119dny"},"content":{"rendered":"","protected":false},"excerpt":{"rendered":"<p>Dziewczyna w garderobie Paolo Mei\u00a0 1872 r XIX w ob\u0142\u0119dny<\/p>\n<p>Paolo Mei (18 czerwca 1831 \u2013 21 marca 1900) by\u0142 w\u0142oskim malarzem dzia\u0142aj\u0105cym w Rzymie.<\/p>\n<p>Biografia<\/p>\n<p>Urodzi\u0142 si\u0119 w Rzymie, jego ojciec, Domenico, i matka, Matilde Farrajoni. W ksi\u0119gach parafialnych imi\u0119 Meo jest czasami wymieniane, ale Mei by\u0142o u\u017cywane przez ca\u0142e jego \u017cycie.[1] Jego ojciec zmar\u0142, gdy Paolo mia\u0142 trzy lata, a matka, gdy mia\u0142 19 lat; w rezultacie odziedziczy\u0142 niewiele \u015brodk\u00f3w finansowych.[2]<\/p>\n<p>Pocz\u0105tkowo kszta\u0142ci\u0142 si\u0119 pod okiem Tommaso Minardiego, \u00f3wczesnego profesora w Accademia di San Luca w Rzymie.[3] W 1856 roku nawi\u0105za\u0142 blisk\u0105 przyja\u017a\u0144 z malarzem Cesare Fracassinim, kt\u00f3ry pom\u00f3g\u0142 mu w zdobyciu wielu zlece\u0144.[4] Cz\u0119sto wsp\u00f3\u0142pracowa\u0142 r\u00f3wnie\u017c z Cesare Marianim. W 1859 roku pomaga\u0142 dekorowa\u0107 sale w Palazzo Raffaelli w Cingoli, w prowincji Macerata. Malowa\u0142 r\u00f3wnie\u017c w Tivoli i Civitavecchii.<\/p>\n<p>Do jego dzie\u0142 przeznaczonych dla ko\u015bcio\u0142\u00f3w nale\u017c\u0105:<\/p>\n<p>Kaplica Anio\u0142a Str\u00f3\u017ca w ko\u015bciele Santa Maria in Aquiro;[5]<\/p>\n<p>Kaplica Krucyfiksu w ko\u015bciele Santa Lucia del Gonfalone; sufit i \u015bciany boczne: zachowa\u0142y si\u0119 jedynie \u015bciany, przedstawiaj\u0105ce Madonn\u0119 Addolorata.[6]<\/p>\n<p>O\u0142tarz (1869) do czwartej kaplicy po lewej stronie w ko\u015bciele Santa Maria della Pace; dzie\u0142o Cesare Fracassiniego.<\/p>\n<p>Wykonanie obrazu \u015bw. Stefana i fragment obrazu \u015bw. Wawrzy\u0144ca przekazuj\u0105 dobra ko\u015bcielne prefektowi Rzymu na bazylik\u0119 San Lorenzo fuori le Mura, oba dzie\u0142a Fracassiniego, wykonane lub cz\u0119\u015bciowo przez niego przed \u015bmierci\u0105, wed\u0142ug jego projekt\u00f3w.[7][8]<\/p>\n<p>W 1860 roku dostarczy\u0142 kilka projekt\u00f3w dla grawera Giuseppe Marcucciego. Namalowa\u0142 szereg ma\u0142ych p\u0142\u00f3cien ze scenami z \u017cycia w staro\u017cytnym Rzymie (zwanych r\u00f3wnie\u017c motywami neopompeja\u0144skimi). W 1865 roku uda\u0142 si\u0119 do Neapolu, gdzie nawi\u0105za\u0142 kontakt z Domenico Morellim. Po \u015bmierci Minardiego w 1871 roku uko\u0144czy\u0142 niekt\u00f3re freski (Sztuka i Poezja) w portyku cmentarza w Verano (Campo Verano) w Rzymie. Pozosta\u0142e dwa uko\u0144czy\u0142 Guglielmo De Sanctis.[9][10] Zosta\u0142 pochowany na tym cmentarzu. W 1893 roku zosta\u0142 przyj\u0119ty w poczet cz\u0142onk\u00f3w Congregazione pontificia de\u2019 Virtuosi Panteonu. Mei zmar\u0142 w Rzymie 21 marca 1900 roku.<\/p>\n<p>\u0179r\u00f3d\u0142a<\/p>\n<p>Archivio storico del Vicariato, S. Agostino, Liber mortuorum, Roma, 1894-1922<\/p>\n<p>Francesco Franco, ISSN 1127-4883B &#8211; Paolo Mei (1831-1900). Notizie inedite fino al 1867, dalle lettere a Cesare Fracassini, w BTA \u2013 Bollettino Telematico dell&#8217;Arte, 13 marca 2008, n. 483,<\/p>\n<p>A. Della Massea, Cesare Fracassini, wyd. Roma 1956, s. 13. 38<\/p>\n<p>Francesco Franco, ISSN 1127-4883B &#8211; Paolo Mei (1831-1900). Notizie inedite fino al 1867, dalle lettere a Cesare Fracassini, w BTA \u2013 Bollettino Telematico dell&#8217;Arte, 13 marca 2008, n. 483,<\/p>\n<p>A. Monti, Le pitture di S. Maria in Aquiro, w: Il Buonarroti, lipiec\u2013sierpie\u0144 1866, s. 25. 141 przyp. 1<\/p>\n<p>B. Magni, Le pitture del profesor Cesare Mariani w S. Lucia del Gonfalone, wyd. Roma 1867, s. 25. 13<\/p>\n<p>Stefania Alunni BTA &#8211; Bollettino Telematico dell&#8217;Arte, 25 czerwca 2008, n. 499<\/p>\n<p>Guglielmo De Sanctis, Tommaso Minardi i il suo tempo, wyd. Roma, 1900, s. 25. 205<\/p>\n<p>Archivio di Stato di Roma, Fondo Ovidi &#8211; Minardi, ur. 15, ok. 247: Sottoscrizione per il monumento del prof. Minardi<\/p>\n<p>Treccani.it, Mei, Paolo, w Dizionario Biografico degli Italiani, &#8211; C. Franco &#8211; tom 2073, wyd. Rzym, 2009<\/p>\n<p>Bibliografia<\/p>\n<p>Archivio storico del Vicariato, S. Agostino, Liber mortuorum, Roma, 1894\u20131922;<\/p>\n<p>Francesco Franco, PAOLO MEI (1831-1900). Notizie inedite fino al 1867, dalle lettere a Cesare Fracassini, w BTA \u2013 Bollettino Telematico dell&#8217;Arte, 13 marca 2008, n. 483 &#8211; ISSN 1127-4883B;<\/p>\n<p>A. Della Massea, Cesare Fracassini, wyd. Roma 1956, s. 13. 38;<\/p>\n<p>B. Magni, Le pitture del profesor Cesare Mariani w S. Lucia del Gonfalone, wyd. Roma 1867, s. 25. 13;<\/p>\n<p>A. Monti, Le pitture di S. Maria in Aquiro, w Il Buonarroti, luglio-agosto 1866, s. 23. 141 przyp. 1;<\/p>\n<p>Guglielmo de Sanctis, Tommaso Minardi i il suo tempo, wyd. Roma, 1900, s. 25. 205;<\/p>\n<p>Archivio di Stato di Roma, Fondo Ovidi &#8211; Minardi, ur. 15, ok. 247: Sottoscrizione per il monumento del prof. Minardiego;<\/p>\n<p>Ernesto Ovidi, Minardi e la sua scuola, wyd. Roma 1902, s. 173;<\/p>\n<p>A.M.Comanducci, s.v. w Dizionario ilustrato dei Pittori, Disegnatori e Incisori Italiani Moderni e Contemporanei, wyd. Mediolan, 1972, s. 2. 1847;<\/p>\n<p>Wpis w Encyklopedii Treccani, Dzionario Biografico degli Italiani, Francesco Franco &#8211; tom 2073, wyd. Rzym, 2009.<\/p>\n<p>S. Gnisci, Mei, Paolo, s. v., w Dzionario biografico degli Artisti, w La pittura in Italia. L&#8217;Ottocento, tom. II, wyd. Mediolan, 1991, s. 914, 915.<\/p>\n<p>Tecnica: olio su tela<\/p>\n<p>Stan: bardzo dobry po konserwacji, niestety jest kilka przetar\u0107 kt\u00f3re zosta\u0142y dyskretnie zretuszowane<\/p>\n<p>Sygnatura: widoczna na zdj\u0119ciu datowany 1872.<\/p>\n<p>Wymiary: deska 32 cm na 40 cm, z ram\u0105 to oko\u0142o\u00a0 46 cm\u00a0 na\u00a0 54 cm<\/p>\n<p>Origine: Europa<\/p>\n<p>Do ka\u017cdego przedmiotu Galeria wystawia certyfikat.<\/p>","protected":false},"featured_media":10024,"comment_status":"closed","ping_status":"closed","template":"","meta":[],"product_cat":[41,39,40],"product_tag":[],"class_list":{"0":"post-10023","1":"product","2":"type-product","3":"status-publish","4":"has-post-thumbnail","6":"product_cat-malarstwo-dawne","7":"product_cat-dziela-sztuki","8":"product_cat-malarstwo","10":"entry","11":"has-media","13":"first","14":"instock","15":"taxable","16":"shipping-taxable","17":"purchasable","18":"product-type-simple","19":"has-product-nav","20":"col","21":"span_1_of_3","22":"owp-content-center","23":"owp-thumbs-layout-horizontal","24":"owp-btn-normal","25":"owp-tabs-layout-horizontal"},"aioseo_notices":[],"_links":{"self":[{"href":"https:\/\/antykilion.pl\/it\/wp-json\/wp\/v2\/product\/10023","targetHints":{"allow":["GET"]}}],"collection":[{"href":"https:\/\/antykilion.pl\/it\/wp-json\/wp\/v2\/product"}],"about":[{"href":"https:\/\/antykilion.pl\/it\/wp-json\/wp\/v2\/types\/product"}],"replies":[{"embeddable":true,"href":"https:\/\/antykilion.pl\/it\/wp-json\/wp\/v2\/comments?post=10023"}],"wp:featuredmedia":[{"embeddable":true,"href":"https:\/\/antykilion.pl\/it\/wp-json\/wp\/v2\/media\/10024"}],"wp:attachment":[{"href":"https:\/\/antykilion.pl\/it\/wp-json\/wp\/v2\/media?parent=10023"}],"wp:term":[{"taxonomy":"product_cat","embeddable":true,"href":"https:\/\/antykilion.pl\/it\/wp-json\/wp\/v2\/product_cat?post=10023"},{"taxonomy":"product_tag","embeddable":true,"href":"https:\/\/antykilion.pl\/it\/wp-json\/wp\/v2\/product_tag?post=10023"}],"curies":[{"name":"wp","href":"https:\/\/api.w.org\/{rel}","templated":true}]}}