{"id":10039,"date":"2025-10-05T17:35:53","date_gmt":"2025-10-05T15:35:53","guid":{"rendered":"https:\/\/antykilion.pl\/?post_type=product&#038;p=10039"},"modified":"2025-10-05T17:35:53","modified_gmt":"2025-10-05T15:35:53","slug":"dziewczyna-z-harfa-xix-w-sygnowany-piekny","status":"publish","type":"product","link":"https:\/\/antykilion.pl\/it\/product\/dziewczyna-z-harfa-xix-w-sygnowany-piekny\/","title":{"rendered":"Dziewczyna z harf\u0105 XIX w sygnowany pi\u0119kny !!!"},"content":{"rendered":"","protected":false},"excerpt":{"rendered":"<p>Dziewczyna z harf\u0105 XIX w sygnowany pi\u0119kny !!!<\/p>\n<p>Widok z ty\u0142u na m\u0142od\u0105, pon\u0119tn\u0105 kobiet\u0119 z Europy Po\u0142udniowej z czerwon\u0105 wst\u0105\u017ck\u0105 w d\u0142ugich, czarnych w\u0142osach, trzymaj\u0105c\u0105 harf\u0119 w d\u0142oni i spogl\u0105daj\u0105c\u0105 przez rami\u0119 na widza. Ten delikatnie szkliwiony obraz, olej na p\u0142\u00f3tnie, oko\u0142o 1880 roku, z monogramem \u201eE.S.\u201d w prawym dolnym rogu, z niewyra\u017anym napisem \u201eErnst Sch&#8230;\u201d na odwrocie blejtramu.<\/p>\n<p>Tecnica: olio su tela<\/p>\n<p>Condizioni: ottime dopo la manutenzione<\/p>\n<p>Sygnatura: widoczny na zdj\u0119ciu monogram E.S<\/p>\n<p>Wymiary: p\u0142\u00f3tno 54 cm na 67 cm, z ram\u0105 to oko\u0142o\u00a0 74 cm\u00a0 na\u00a0 87 cm<\/p>\n<p>Origine: Europa<\/p>\n<p>Do ka\u017cdego przedmiotu Galeria wystawia certyfikat.<\/p>","protected":false},"featured_media":10040,"comment_status":"closed","ping_status":"closed","template":"","meta":[],"product_cat":[41,39,40],"product_tag":[],"class_list":{"0":"post-10039","1":"product","2":"type-product","3":"status-publish","4":"has-post-thumbnail","6":"product_cat-malarstwo-dawne","7":"product_cat-dziela-sztuki","8":"product_cat-malarstwo","10":"entry","11":"has-media","13":"first","14":"instock","15":"taxable","16":"shipping-taxable","17":"purchasable","18":"product-type-simple","19":"has-product-nav","20":"col","21":"span_1_of_3","22":"owp-content-center","23":"owp-thumbs-layout-horizontal","24":"owp-btn-normal","25":"owp-tabs-layout-horizontal"},"aioseo_notices":[],"_links":{"self":[{"href":"https:\/\/antykilion.pl\/it\/wp-json\/wp\/v2\/product\/10039","targetHints":{"allow":["GET"]}}],"collection":[{"href":"https:\/\/antykilion.pl\/it\/wp-json\/wp\/v2\/product"}],"about":[{"href":"https:\/\/antykilion.pl\/it\/wp-json\/wp\/v2\/types\/product"}],"replies":[{"embeddable":true,"href":"https:\/\/antykilion.pl\/it\/wp-json\/wp\/v2\/comments?post=10039"}],"wp:featuredmedia":[{"embeddable":true,"href":"https:\/\/antykilion.pl\/it\/wp-json\/wp\/v2\/media\/10040"}],"wp:attachment":[{"href":"https:\/\/antykilion.pl\/it\/wp-json\/wp\/v2\/media?parent=10039"}],"wp:term":[{"taxonomy":"product_cat","embeddable":true,"href":"https:\/\/antykilion.pl\/it\/wp-json\/wp\/v2\/product_cat?post=10039"},{"taxonomy":"product_tag","embeddable":true,"href":"https:\/\/antykilion.pl\/it\/wp-json\/wp\/v2\/product_tag?post=10039"}],"curies":[{"name":"wp","href":"https:\/\/api.w.org\/{rel}","templated":true}]}}