{"id":10099,"date":"2025-10-23T08:59:02","date_gmt":"2025-10-23T06:59:02","guid":{"rendered":"https:\/\/antykilion.pl\/?post_type=product&#038;p=10099"},"modified":"2025-10-23T09:11:24","modified_gmt":"2025-10-23T07:11:24","slug":"mistrzowski-portret-starca-xviii-xix-w-w-stylu-szymona-czechowicza-okazja","status":"publish","type":"product","link":"https:\/\/antykilion.pl\/it\/product\/mistrzowski-portret-starca-xviii-xix-w-w-stylu-szymona-czechowicza-okazja\/","title":{"rendered":"Mistrzowski portret starca XVIII\/XIX w, w stylu Szymona Czechowicza, okazja"},"content":{"rendered":"","protected":false},"excerpt":{"rendered":"<p>Mistrzowski portret starca XVIII\/XIX w, w stylu Szymona Czechowicza, okazja<\/p>\n<p>Mistrzowsko namalowane studium g\u0142owy starca jak prace Szymona Czechowicza. Praca Muzealnej klasy polecam. Bardzo niska cena.<\/p>\n<p>Poni\u017cej kilka link\u00f3w do prac tego autora.<\/p>\n<p>https:\/\/commons.wikimedia.org\/wiki\/File:Szymon_Czechowicz_-_Study_of_an_old_man%27s_head_-_MP_3113_MNW_-_National_Museum_in_Warsaw.jpg<\/p>\n<p>https:\/\/commons.wikimedia.org\/wiki\/File:Szymon_Czechowicz_-_Study_of_an_old_man%27s_head_-_MP_3111_MNW_-_National_Museum_in_Warsaw.jpg<\/p>\n<p>Technika: olej p\u0142\u00f3tno podklejone na tekturze<\/p>\n<p>Stan: bardzo dobry po konserwacji, niestety jest kilka widocznych z bardzo bliska minimalnych b\u0105belk\u00f3w<\/p>\n<p>powietrza pomi\u0119dzy p\u0142\u00f3tnem a tektur\u0105 nie ruszali\u015bmy tego<\/p>\n<p>Sygnatura: nie znaleziono<\/p>\n<p>Wymiary: p\u0142\u00f3tno 36 cm na 42 cm, z ram\u0105 to oko\u0142o\u00a0 50 cm\u00a0 na\u00a0 60 cm nowa pi\u0119kna rama.<\/p>\n<p>Pochodzenie: Europa Polska?<\/p>\n<p>Do ka\u017cdego przedmiotu Galeria wystawia certyfikat<\/p>","protected":false},"featured_media":10100,"comment_status":"closed","ping_status":"closed","template":"","meta":[],"product_cat":[41,39,40],"product_tag":[],"class_list":{"0":"post-10099","1":"product","2":"type-product","3":"status-publish","4":"has-post-thumbnail","6":"product_cat-malarstwo-dawne","7":"product_cat-dziela-sztuki","8":"product_cat-malarstwo","10":"entry","11":"has-media","13":"first","14":"instock","15":"taxable","16":"shipping-taxable","17":"purchasable","18":"product-type-simple","19":"has-product-nav","20":"col","21":"span_1_of_3","22":"owp-content-center","23":"owp-thumbs-layout-horizontal","24":"owp-btn-normal","25":"owp-tabs-layout-horizontal"},"aioseo_notices":[],"_links":{"self":[{"href":"https:\/\/antykilion.pl\/it\/wp-json\/wp\/v2\/product\/10099","targetHints":{"allow":["GET"]}}],"collection":[{"href":"https:\/\/antykilion.pl\/it\/wp-json\/wp\/v2\/product"}],"about":[{"href":"https:\/\/antykilion.pl\/it\/wp-json\/wp\/v2\/types\/product"}],"replies":[{"embeddable":true,"href":"https:\/\/antykilion.pl\/it\/wp-json\/wp\/v2\/comments?post=10099"}],"wp:featuredmedia":[{"embeddable":true,"href":"https:\/\/antykilion.pl\/it\/wp-json\/wp\/v2\/media\/10100"}],"wp:attachment":[{"href":"https:\/\/antykilion.pl\/it\/wp-json\/wp\/v2\/media?parent=10099"}],"wp:term":[{"taxonomy":"product_cat","embeddable":true,"href":"https:\/\/antykilion.pl\/it\/wp-json\/wp\/v2\/product_cat?post=10099"},{"taxonomy":"product_tag","embeddable":true,"href":"https:\/\/antykilion.pl\/it\/wp-json\/wp\/v2\/product_tag?post=10099"}],"curies":[{"name":"wp","href":"https:\/\/api.w.org\/{rel}","templated":true}]}}