{"id":10108,"date":"2025-10-27T10:04:33","date_gmt":"2025-10-27T09:04:33","guid":{"rendered":"https:\/\/antykilion.pl\/?post_type=product&#038;p=10108"},"modified":"2025-10-27T10:04:34","modified_gmt":"2025-10-27T09:04:34","slug":"prace-w-kuchni-xix-w-sygnowany-g-zandrooet-sliczny","status":"publish","type":"product","link":"https:\/\/antykilion.pl\/it\/product\/prace-w-kuchni-xix-w-sygnowany-g-zandrooet-sliczny\/","title":{"rendered":"Prace w kuchni XIX w sygnowany G. \u017bandrooet \u015bliczny!!!"},"content":{"rendered":"","protected":false},"excerpt":{"rendered":"<p>Prace w kuchni XIX w sygnowany G. \u017bandrooet \u015bliczny!!!<\/p>\n<p>Technika: olej deska<\/p>\n<p>Condizioni: ottime<\/p>\n<p>Sygnatura: widoczna na zdj\u0119ciu trudne do odczytania.<\/p>\n<p>Wymiary: deska 22 cm na 32 cm, z ram\u0105 to oko\u0142o\u00a0 32 cm\u00a0 na\u00a0 42 cm<\/p>\n<p>Pochodzenie: Europa, Polska?<\/p>\n<p>Do ka\u017cdego przedmiotu Galeria wystawia certyfikat.<\/p>","protected":false},"featured_media":10109,"comment_status":"closed","ping_status":"closed","template":"","meta":[],"product_cat":[41,39,40],"product_tag":[],"class_list":{"0":"post-10108","1":"product","2":"type-product","3":"status-publish","4":"has-post-thumbnail","6":"product_cat-malarstwo-dawne","7":"product_cat-dziela-sztuki","8":"product_cat-malarstwo","10":"entry","11":"has-media","13":"first","14":"instock","15":"taxable","16":"shipping-taxable","17":"purchasable","18":"product-type-simple","19":"has-product-nav","20":"col","21":"span_1_of_3","22":"owp-content-center","23":"owp-thumbs-layout-horizontal","24":"owp-btn-normal","25":"owp-tabs-layout-horizontal"},"aioseo_notices":[],"_links":{"self":[{"href":"https:\/\/antykilion.pl\/it\/wp-json\/wp\/v2\/product\/10108","targetHints":{"allow":["GET"]}}],"collection":[{"href":"https:\/\/antykilion.pl\/it\/wp-json\/wp\/v2\/product"}],"about":[{"href":"https:\/\/antykilion.pl\/it\/wp-json\/wp\/v2\/types\/product"}],"replies":[{"embeddable":true,"href":"https:\/\/antykilion.pl\/it\/wp-json\/wp\/v2\/comments?post=10108"}],"wp:featuredmedia":[{"embeddable":true,"href":"https:\/\/antykilion.pl\/it\/wp-json\/wp\/v2\/media\/10109"}],"wp:attachment":[{"href":"https:\/\/antykilion.pl\/it\/wp-json\/wp\/v2\/media?parent=10108"}],"wp:term":[{"taxonomy":"product_cat","embeddable":true,"href":"https:\/\/antykilion.pl\/it\/wp-json\/wp\/v2\/product_cat?post=10108"},{"taxonomy":"product_tag","embeddable":true,"href":"https:\/\/antykilion.pl\/it\/wp-json\/wp\/v2\/product_tag?post=10108"}],"curies":[{"name":"wp","href":"https:\/\/api.w.org\/{rel}","templated":true}]}}