{"id":10113,"date":"2025-10-27T10:35:09","date_gmt":"2025-10-27T09:35:09","guid":{"rendered":"https:\/\/antykilion.pl\/?post_type=product&#038;p=10113"},"modified":"2025-10-27T10:35:10","modified_gmt":"2025-10-27T09:35:10","slug":"lampa-stolowa-z-puttem-niosacym-na-glowie-kosz-obfitosci-xix-w-okolo-1860-r","status":"publish","type":"product","link":"https:\/\/antykilion.pl\/it\/product\/lampa-stolowa-z-puttem-niosacym-na-glowie-kosz-obfitosci-xix-w-okolo-1860-r\/","title":{"rendered":"Lampa sto\u0142owa z puttem nios\u0105cym na g\u0142owie kosz obfito\u015bci XIX w oko\u0142o 1860 r"},"content":{"rendered":"","protected":false},"excerpt":{"rendered":"<p>Lampa sto\u0142owa z puttem nios\u0105cym na g\u0142owie kosz obfito\u015bci XIX w oko\u0142o 1860 r<\/p>\n<p>Podstawa okr\u0105g\u0142a, marmurowa<\/p>\n<p>Materia\u0142: Br\u0105z patynowany i z\u0142ocony. Podstawa z marmuru.<\/p>\n<p>Wymiary: wys.33 cm,<\/p>\n<p>Pochodzenie: Francja, Pary\u017c,<\/p>\n<p>Ottime condizioni<\/p>","protected":false},"featured_media":10114,"comment_status":"closed","ping_status":"closed","template":"","meta":[],"product_cat":[47],"product_tag":[],"class_list":{"0":"post-10113","1":"product","2":"type-product","3":"status-publish","4":"has-post-thumbnail","6":"product_cat-oswietlenie","8":"entry","9":"has-media","11":"first","12":"instock","13":"taxable","14":"shipping-taxable","15":"purchasable","16":"product-type-simple","17":"has-product-nav","18":"col","19":"span_1_of_3","20":"owp-content-center","21":"owp-thumbs-layout-horizontal","22":"owp-btn-normal","23":"owp-tabs-layout-horizontal"},"aioseo_notices":[],"_links":{"self":[{"href":"https:\/\/antykilion.pl\/it\/wp-json\/wp\/v2\/product\/10113","targetHints":{"allow":["GET"]}}],"collection":[{"href":"https:\/\/antykilion.pl\/it\/wp-json\/wp\/v2\/product"}],"about":[{"href":"https:\/\/antykilion.pl\/it\/wp-json\/wp\/v2\/types\/product"}],"replies":[{"embeddable":true,"href":"https:\/\/antykilion.pl\/it\/wp-json\/wp\/v2\/comments?post=10113"}],"wp:featuredmedia":[{"embeddable":true,"href":"https:\/\/antykilion.pl\/it\/wp-json\/wp\/v2\/media\/10114"}],"wp:attachment":[{"href":"https:\/\/antykilion.pl\/it\/wp-json\/wp\/v2\/media?parent=10113"}],"wp:term":[{"taxonomy":"product_cat","embeddable":true,"href":"https:\/\/antykilion.pl\/it\/wp-json\/wp\/v2\/product_cat?post=10113"},{"taxonomy":"product_tag","embeddable":true,"href":"https:\/\/antykilion.pl\/it\/wp-json\/wp\/v2\/product_tag?post=10113"}],"curies":[{"name":"wp","href":"https:\/\/api.w.org\/{rel}","templated":true}]}}