{"id":10131,"date":"2025-12-10T14:51:56","date_gmt":"2025-12-10T13:51:56","guid":{"rendered":"https:\/\/antykilion.pl\/?post_type=product&#038;p=10131"},"modified":"2025-12-10T14:51:57","modified_gmt":"2025-12-10T13:51:57","slug":"zegar-konsolowy-boullea-xviii-w-pierre-philippe-barat-okolo-1740-r-z-epoki-ludwika-xv","status":"publish","type":"product","link":"https:\/\/antykilion.pl\/it\/product\/zegar-konsolowy-boullea-xviii-w-pierre-philippe-barat-okolo-1740-r-z-epoki-ludwika-xv\/","title":{"rendered":"Zegar konsolowy, Boulle\u2019a \u00a0XVIII w, Pierre Philippe Barat oko\u0142o 1740 r z epoki Ludwika XV"},"content":{"rendered":"","protected":false},"excerpt":{"rendered":"<p>Zegar konsolowy, Boulle\u2019a \u00a0XVIII w, Pierre Philippe Barat oko\u0142o 1740 r z epoki Ludwika XV<\/p>\n<p>Jeden z najbardziej poszukiwanych zegar\u00f3w na rynku antykwarycznym<\/p>\n<p>Pierre-Philippe Barat<\/p>\n<p>Zegarmistrz<\/p>\n<p>(1715\u20131779)<\/p>\n<p>Pierre-Philippe Barat mo\u017ce by\u0107 uwa\u017cany za jednego z najwa\u017cniejszych paryskich zegarmistrz\u00f3w za panowania Ludwika XV. Wspomniany jako ucze\u0144 Nicolasa Brodona w 1730 roku, zosta\u0142 mistrzem zegarmistrzowskim 5 maja 1742 roku i za\u0142o\u017cy\u0142 sw\u00f3j warsztat na March\u00e9 Neuf (Nowy Rynek). P\u00f3\u017aniej, oko\u0142o po\u0142owy XVIII wieku, odnotowano go na Place Dauphine. \u017bonaty z c\u00f3rk\u0105 paryskiego mistrza zegarmistrzowskiego, szybko zyska\u0142 znaczn\u0105 s\u0142aw\u0119, pe\u0142ni\u0105c w latach 1757\u20131759 oraz 1764\u20131766 funkcj\u0119 dozorcy-wizytatora cechu. W 1770 roku wycofa\u0142 si\u0119 z biznesu i sprzeda\u0142 sw\u00f3j warsztat zegarmistrzowi Jeanowi Michelowi za 8943 liwry. W drugiej po\u0142owie XVIII wieku i na pocz\u0105tku nast\u0119pnego stulecia kilka jego zegar\u00f3w zosta\u0142o zinwentaryzowanych przez najwi\u0119kszych kolekcjoner\u00f3w tamtego okresu, zw\u0142aszcza te kr\u00f3tko opisane w domu prokuratora Guya Agiera w 1773 roku, w domu Rosalie Nettine, wdowy po bankierze Jean-Josephie de Laborde, oraz w kolekcji Fran\u00e7ois-Camille&#8217;a, ksi\u0119cia Lotaryngii, w 1788 roku.<\/p>\n<p>Zegar wsparty na 4 ma\u0142\u017cowinowych n\u00f3\u017ckach, z okaza\u0142\u0105, drewnian\u0105 szafk\u0105 w kszta\u0142cie wiolonczeli, oszklon\u0105 z trzech stron, pokryt\u0105 markieteri\u0105 z szylkretu i blachy mosi\u0119\u017cnej wycinanej w motywy ro\u015blinne; kraw\u0119dzie i naro\u017ca dekorowane br\u0105zami z\u0142oconymi z motywem wici ro\u015blinnej, rocaille\u2019u i herm kobiecych; na szklanych drzwiczkach \u2013 a\u017curowa nak\u0142adka z posta\u0107\u00a0 Andromedy,<\/p>\n<p>W mitologii greckiej Andromeda by\u0142a<\/p>\n<p>kr\u00f3lewn\u0105 etiopsk\u0105, c\u00f3rk\u0105 kr\u00f3la Kefeusza i kr\u00f3lowej Kasjopei<\/p>\n<p>. Jej matka przechwala\u0142a si\u0119, \u017ce jest pi\u0119kniejsza od nimf morskich (Nereid), co rozz\u0142o\u015bci\u0142o bog\u00f3w, a zw\u0142aszcza Posejdona, kt\u00f3ry zes\u0142a\u0142 morskiego potwora na kr\u00f3lestwo. Aby ratowa\u0107 kraj, Andromeda zosta\u0142a przykuta do ska\u0142y jako ofiara dla potwora, ale uratowa\u0142 j\u0105 heros Perseusz, kt\u00f3ry poj\u0105\u0142 j\u0105 za \u017con\u0119.<\/p>\n<p>Natomiast zwie\u0144czenie zegara ozdobione jest postaci\u0105 Perseusza z g\u0142ow\u0105 meduzy.<\/p>\n<p>Za szyb\u0105 drzwiczek widoczna tarcza z br\u0105zu, z kobaltowymi cyframi rzymskimi na emaliowanych plakietkach; po \u015brodku tarczy emaliowana plakietka z napisem:Regnault a Paris\u201d; drewniane, tylne drzwiczki od wewn\u0105trz ozdobione a\u017curowo wycinan\u0105 w motyw ro\u015blinno-wolutowy blach\u0105 mosi\u0119\u017cn\u0105,\u00a0 szachownicowa dekoracja pod\u0142ogi w szafce; mechanizm bije godziny i p\u00f3\u0142godziny, podpisany grawerem tak samo jak na tarczy, Barat a Paris.<\/p>\n<p>Pochodzenie: zegar konsolowy, francuski,<\/p>\n<p>Stan: bardzo dobry po przegl\u0105dzie zegarmistrza, obudowa po konserwacji w profesjonalnej pracowni<\/p>\n<p>Materia\u0142: br\u0105z z\u0142ocony, szylkret<\/p>\n<p>Wymiary: wysoko\u015b\u0107 63 cm, g\u0142\u0119boko\u015b\u0107\u00a0 14 cm, d\u0142ugo\u015b\u0107\u00a0 31 cm + konsola wysoko\u015b\u0107 31 cm, szeroko\u015b\u0107 34 cm<\/p>\n<p>Ceny takich zegar\u00f3w przewy\u017cszaj\u0105 kwot\u0119 60 000 z\u0142.<\/p>","protected":false},"featured_media":10132,"comment_status":"closed","ping_status":"closed","template":"","meta":[],"product_cat":[54,53,51],"product_tag":[],"class_list":{"0":"post-10131","1":"product","2":"type-product","3":"status-publish","4":"has-post-thumbnail","6":"product_cat-zegary-kominkowe","7":"product_cat-zegary-wiszace","8":"product_cat-zegary","10":"entry","11":"has-media","13":"first","14":"instock","15":"taxable","16":"shipping-taxable","17":"purchasable","18":"product-type-simple","19":"has-product-nav","20":"col","21":"span_1_of_3","22":"owp-content-center","23":"owp-thumbs-layout-horizontal","24":"owp-btn-normal","25":"owp-tabs-layout-horizontal"},"aioseo_notices":[],"_links":{"self":[{"href":"https:\/\/antykilion.pl\/it\/wp-json\/wp\/v2\/product\/10131","targetHints":{"allow":["GET"]}}],"collection":[{"href":"https:\/\/antykilion.pl\/it\/wp-json\/wp\/v2\/product"}],"about":[{"href":"https:\/\/antykilion.pl\/it\/wp-json\/wp\/v2\/types\/product"}],"replies":[{"embeddable":true,"href":"https:\/\/antykilion.pl\/it\/wp-json\/wp\/v2\/comments?post=10131"}],"wp:featuredmedia":[{"embeddable":true,"href":"https:\/\/antykilion.pl\/it\/wp-json\/wp\/v2\/media\/10132"}],"wp:attachment":[{"href":"https:\/\/antykilion.pl\/it\/wp-json\/wp\/v2\/media?parent=10131"}],"wp:term":[{"taxonomy":"product_cat","embeddable":true,"href":"https:\/\/antykilion.pl\/it\/wp-json\/wp\/v2\/product_cat?post=10131"},{"taxonomy":"product_tag","embeddable":true,"href":"https:\/\/antykilion.pl\/it\/wp-json\/wp\/v2\/product_tag?post=10131"}],"curies":[{"name":"wp","href":"https:\/\/api.w.org\/{rel}","templated":true}]}}