{"id":10208,"date":"2025-12-14T16:04:36","date_gmt":"2025-12-14T15:04:36","guid":{"rendered":"https:\/\/antykilion.pl\/?post_type=product&#038;p=10208"},"modified":"2025-12-14T16:04:37","modified_gmt":"2025-12-14T15:04:37","slug":"skrzynia-na-bizuterie-xvii-w-okolo-1680-90-r-okuta-srebrem","status":"publish","type":"product","link":"https:\/\/antykilion.pl\/it\/product\/skrzynia-na-bizuterie-xvii-w-okolo-1680-90-r-okuta-srebrem\/","title":{"rendered":"Skrzynia &#8211; na bi\u017cuteri\u0119 \u00a0XVII w oko\u0142o 1680\/90 r okuta srebrem"},"content":{"rendered":"","protected":false},"excerpt":{"rendered":"<p>Skrzynia &#8211; na bi\u017cuteri\u0119 \u00a0XVII w oko\u0142o 1680\/90 r okuta srebrem<\/p>\n<p>Bogaty a zarazem prosty w konstrukcji mebel wykorzystywano do przechowywania pieni\u0119dzy, kosztowno\u015bci, piecz\u0119ci i cennych dokument\u00f3w.<\/p>\n<p>prostopad\u0142o\u015bcienna szkatu\u0142a z otwieranym wiekiem, wsparta na czterech spiralnych nogach po\u0142\u0105czona krzy\u017cakiem z kolistym \u015brodkiem, zako\u0144czonych kulami. Skrzynia na wieku i na bokach dekorowana srebrn\u0105 blach\u0105 repusowan\u0105.<\/p>\n<p>Pochodzenie: Holandia ?<\/p>\n<p>Stan\u00a0 bardzo dobry orginalny wy\u015bcie\u0142ana wt\u00f3rnie materia\u0142em, stojak p\u00f3\u017aniejszy XIX w<\/p>\n<p>Wymiary: wysoko\u015b\u0107 ca\u0142kowita 84 cm, d\u0142ugo\u015b\u0107 52 cm, g\u0142\u0119boko\u015b\u0107 oko\u0142o 38 cm<\/p>\n<p>Materia\u0142: drzewo barwione na czarno, srebro<\/p>\n<p>Blach\u0119 poddano badaniu spektrometrii wi\u0119kszo\u015b\u0107 to srebro, ale te\u017c mied\u017a i z\u0142oto. Mo\u017ce by\u0107 \u017ce podk\u0142ad jest<\/p>\n<p>miedziany cienka blacha pokryta grubo srebrem i ko\u0144cowo z\u0142ocona<\/p>\n<p>Do ka\u017cdego przedmiotu galeria wystawia certyfikat na \u017cyczenie.<\/p>\n<p>Pi\u0119kny przedmiot !!!<\/p>","protected":false},"featured_media":10209,"comment_status":"closed","ping_status":"closed","template":"","meta":[],"product_cat":[17,64],"product_tag":[],"class_list":{"0":"post-10208","1":"product","2":"type-product","3":"status-publish","4":"has-post-thumbnail","6":"product_cat-meble","7":"product_cat-skrzynie-meble","9":"entry","10":"has-media","12":"first","13":"instock","14":"taxable","15":"shipping-taxable","16":"purchasable","17":"product-type-simple","18":"has-product-nav","19":"col","20":"span_1_of_3","21":"owp-content-center","22":"owp-thumbs-layout-horizontal","23":"owp-btn-normal","24":"owp-tabs-layout-horizontal"},"aioseo_notices":[],"_links":{"self":[{"href":"https:\/\/antykilion.pl\/it\/wp-json\/wp\/v2\/product\/10208","targetHints":{"allow":["GET"]}}],"collection":[{"href":"https:\/\/antykilion.pl\/it\/wp-json\/wp\/v2\/product"}],"about":[{"href":"https:\/\/antykilion.pl\/it\/wp-json\/wp\/v2\/types\/product"}],"replies":[{"embeddable":true,"href":"https:\/\/antykilion.pl\/it\/wp-json\/wp\/v2\/comments?post=10208"}],"wp:featuredmedia":[{"embeddable":true,"href":"https:\/\/antykilion.pl\/it\/wp-json\/wp\/v2\/media\/10209"}],"wp:attachment":[{"href":"https:\/\/antykilion.pl\/it\/wp-json\/wp\/v2\/media?parent=10208"}],"wp:term":[{"taxonomy":"product_cat","embeddable":true,"href":"https:\/\/antykilion.pl\/it\/wp-json\/wp\/v2\/product_cat?post=10208"},{"taxonomy":"product_tag","embeddable":true,"href":"https:\/\/antykilion.pl\/it\/wp-json\/wp\/v2\/product_tag?post=10208"}],"curies":[{"name":"wp","href":"https:\/\/api.w.org\/{rel}","templated":true}]}}