{"id":10268,"date":"2025-12-15T17:30:02","date_gmt":"2025-12-15T16:30:02","guid":{"rendered":"https:\/\/antykilion.pl\/?post_type=product&#038;p=10268"},"modified":"2025-12-15T17:30:03","modified_gmt":"2025-12-15T16:30:03","slug":"pistolet-kapiszonowy-tzw-krocica-jednolufowy-podrozny-xix-w-okolo-1840-r-nr-2","status":"publish","type":"product","link":"https:\/\/antykilion.pl\/it\/product\/pistolet-kapiszonowy-tzw-krocica-jednolufowy-podrozny-xix-w-okolo-1840-r-nr-2\/","title":{"rendered":"Pistolet kapiszonowy tzw. kr\u00f3cica jednolufowy, podr\u00f3\u017cny XIX w oko\u0142o 1840 r nr 2"},"content":{"rendered":"","protected":false},"excerpt":{"rendered":"<p>Pistolet kapiszonowy tzw. kr\u00f3cica jednolufowy, podr\u00f3\u017cny XIX w oko\u0142o 1840 r nr 2<\/p>\n<p>Materia\u0142: drewno, stal, mosi\u0105dz;<\/p>\n<p>Wymiary: d\u0142. ca\u0142k. 21 cm;<\/p>\n<p>XIX w oko\u0142o 1840 r,\u00a0 Niemcy ?<\/p>\n<p>stan: bardzo dobry na chodzie<\/p>\n<p>Lufa stalowe, o\u015bmiok\u0105tna, g\u0142adka; na lufach oraz przy zamku wybite numery: \u201e70\u201d. Po drugiej stronie oznaczenie U pod koron\u0105.\u00a0 Zamek skrzynkowy pistonowy, z kurkiem i j\u0119zyczkiem spustowym w szerokiej, stalowej os\u0142onie. Kolba kr\u00f3tka, g\u0142adka, orzechowa, zako\u0144czona kuli\u015bcie.<\/p>","protected":false},"featured_media":10269,"comment_status":"closed","ping_status":"closed","template":"","meta":[],"product_cat":[70],"product_tag":[],"class_list":{"0":"post-10268","1":"product","2":"type-product","3":"status-publish","4":"has-post-thumbnail","6":"product_cat-bron","8":"entry","9":"has-media","11":"first","12":"instock","13":"taxable","14":"shipping-taxable","15":"purchasable","16":"product-type-simple","17":"has-product-nav","18":"col","19":"span_1_of_3","20":"owp-content-center","21":"owp-thumbs-layout-horizontal","22":"owp-btn-normal","23":"owp-tabs-layout-horizontal"},"aioseo_notices":[],"_links":{"self":[{"href":"https:\/\/antykilion.pl\/it\/wp-json\/wp\/v2\/product\/10268","targetHints":{"allow":["GET"]}}],"collection":[{"href":"https:\/\/antykilion.pl\/it\/wp-json\/wp\/v2\/product"}],"about":[{"href":"https:\/\/antykilion.pl\/it\/wp-json\/wp\/v2\/types\/product"}],"replies":[{"embeddable":true,"href":"https:\/\/antykilion.pl\/it\/wp-json\/wp\/v2\/comments?post=10268"}],"wp:featuredmedia":[{"embeddable":true,"href":"https:\/\/antykilion.pl\/it\/wp-json\/wp\/v2\/media\/10269"}],"wp:attachment":[{"href":"https:\/\/antykilion.pl\/it\/wp-json\/wp\/v2\/media?parent=10268"}],"wp:term":[{"taxonomy":"product_cat","embeddable":true,"href":"https:\/\/antykilion.pl\/it\/wp-json\/wp\/v2\/product_cat?post=10268"},{"taxonomy":"product_tag","embeddable":true,"href":"https:\/\/antykilion.pl\/it\/wp-json\/wp\/v2\/product_tag?post=10268"}],"curies":[{"name":"wp","href":"https:\/\/api.w.org\/{rel}","templated":true}]}}