{"id":10654,"date":"2026-02-22T12:26:00","date_gmt":"2026-02-22T11:26:00","guid":{"rendered":"https:\/\/antykilion.pl\/?post_type=product&#038;p=10654"},"modified":"2026-02-22T12:26:01","modified_gmt":"2026-02-22T11:26:01","slug":"piekna-ogromna-witryna-z-szwajcarii-xix-w-okolo-1880-r","status":"publish","type":"product","link":"https:\/\/antykilion.pl\/it\/product\/piekna-ogromna-witryna-z-szwajcarii-xix-w-okolo-1880-r\/","title":{"rendered":"Pi\u0119kna ogromna Witryna z Szwajcarii XIX w, oko\u0142o 1880 r"},"content":{"rendered":"","protected":false},"excerpt":{"rendered":"<p>Pi\u0119kna ogromna Witryna z Szwajcarii XIX w, oko\u0142o 1880 r<\/p>\n<p>Mebel na planie wyd\u0142u\u017conego prostok\u0105ta o szerokich, zaokr\u0105glonych bokach, bogato intarsjowanych. Cz\u0119\u015b\u0107 dolna z d\u0142ug\u0105, szerok\u0105 zabudow\u0105 &#8211; wsparta na czterech bogato rze\u017abionych n\u00f3\u017ckach. Witryna zwie\u0144czona \u0142ukowym gzymsem z uskokami; od frontu dwuskrzyd\u0142owe, oszklone drzwi.<\/p>\n<p>Wn\u0119trze &#8211; z trzema p\u00f3\u0142kami o frontach fantazyjnie wykrojonych 2 szklane regulowana wysoko\u015b\u0107 i jedna drewniana umocowana na stale.<\/p>\n<p>Miejsce produkcji: Szwajcaria sygnowana producentem mebla oko\u0142o 1880 r<\/p>\n<p>Data: 1890\/1920<\/p>\n<p>Materia\u0142: orzechy, maho\u0144 I inne forniry<\/p>\n<p>Wymiary: wysoko\u015b\u0107 190, szeroko\u015b\u0107 130, g\u0142\u0119boko\u015b\u0107 41<\/p>\n<p>Stan: mebel w stanie bardzo dobrym<\/p>\n<p>Pi\u0119kny mebel!!!<\/p>\n<p>Okazja, wycena mebla na 25000 z\u0142<\/p>\n<p>Najtaniej w Polsce !!!<\/p>","protected":false},"featured_media":10655,"comment_status":"closed","ping_status":"closed","template":"","meta":[],"product_cat":[17,37],"product_tag":[],"class_list":{"0":"post-10654","1":"product","2":"type-product","3":"status-publish","4":"has-post-thumbnail","6":"product_cat-meble","7":"product_cat-witryny-serwantki","9":"entry","10":"has-media","12":"first","13":"instock","14":"taxable","15":"shipping-taxable","16":"purchasable","17":"product-type-simple","18":"has-product-nav","19":"col","20":"span_1_of_3","21":"owp-content-center","22":"owp-thumbs-layout-horizontal","23":"owp-btn-normal","24":"owp-tabs-layout-horizontal"},"aioseo_notices":[],"_links":{"self":[{"href":"https:\/\/antykilion.pl\/it\/wp-json\/wp\/v2\/product\/10654","targetHints":{"allow":["GET"]}}],"collection":[{"href":"https:\/\/antykilion.pl\/it\/wp-json\/wp\/v2\/product"}],"about":[{"href":"https:\/\/antykilion.pl\/it\/wp-json\/wp\/v2\/types\/product"}],"replies":[{"embeddable":true,"href":"https:\/\/antykilion.pl\/it\/wp-json\/wp\/v2\/comments?post=10654"}],"wp:featuredmedia":[{"embeddable":true,"href":"https:\/\/antykilion.pl\/it\/wp-json\/wp\/v2\/media\/10655"}],"wp:attachment":[{"href":"https:\/\/antykilion.pl\/it\/wp-json\/wp\/v2\/media?parent=10654"}],"wp:term":[{"taxonomy":"product_cat","embeddable":true,"href":"https:\/\/antykilion.pl\/it\/wp-json\/wp\/v2\/product_cat?post=10654"},{"taxonomy":"product_tag","embeddable":true,"href":"https:\/\/antykilion.pl\/it\/wp-json\/wp\/v2\/product_tag?post=10654"}],"curies":[{"name":"wp","href":"https:\/\/api.w.org\/{rel}","templated":true}]}}