{"id":10665,"date":"2026-02-23T10:21:34","date_gmt":"2026-02-23T09:21:34","guid":{"rendered":"https:\/\/antykilion.pl\/?post_type=product&#038;p=10665"},"modified":"2026-02-23T10:21:35","modified_gmt":"2026-02-23T09:21:35","slug":"obledna-komoda-empirowa-okolo-1810-r-przp-do-charles-joseph-lemarchand","status":"publish","type":"product","link":"https:\/\/antykilion.pl\/it\/product\/obledna-komoda-empirowa-okolo-1810-r-przp-do-charles-joseph-lemarchand\/","title":{"rendered":"Ob\u0142\u0119dna Komoda Empirowa oko\u0142o 1810 r przp. do Charles-Joseph Lemarchand"},"content":{"rendered":"","protected":false},"excerpt":{"rendered":"<p>Ob\u0142\u0119dna Komoda Empirowa oko\u0142o 1810 r przp. do Charles-Joseph Lemarchand<\/p>\n<p>Komoda o prostych liniach szkieletu w formie prostokontu, z pi\u0119cioma szufladami, wsparta na czterech nogach, przednich w formie sp\u0142aszczonych p\u00f3\u0142kul, tylnych graniastych. Po obu stronach komody toczone kolumny, dzielone na na p\u00f3\u0142, dekorowane na dole pier\u015bcieniem, a na g\u00f3rze i \u015brodku kapitelem wykonanymi z br\u0105zu z\u0142oconego, grawerowane subtelnymi wzorami a g\u00f3rne li\u015b\u0107mi akantu. Lica trzech szuflad z par\u0105 ci\u0105gade\u0142 i kluczyn\u0105 na \u015brodku, wewn\u0105trz ka\u017cdej z nich nak\u0142adany stalowy zamek. G\u00f3rna szuflada najni\u017csza, wysuni\u0119ta do przodu licuj\u0105c z frontem mebla, otwierana przez zag\u0142\u0119bienia u do\u0142u, dolna podobnie. Na g\u00f3rze oryginalny blat marmurowy. W komplecie klucz, wszystkie zamki sprawne. Ca\u0142a komoda ob\u0142\u0119dnie dekorowana br\u0105zami<\/p>\n<p>Stan: bardzo dobry, po profesjonalnej konserwacji<\/p>\n<p>Pochodzenie: Francja pierwsze \u0107wier\u0107 XIX w<\/p>\n<p>LEMARCHAND Charles-Joseph przypisywany<\/p>\n<p>Charles-Joseph Lemarchand (1759 \u2013 15 stycznia 1826) \u2013 stolarz. Mistrz rzemios\u0142a od 17 maja 1789 roku. Mieszka\u0142 przy Rue des Tournelles, nast\u0119pnie przy Rue du Faubourg Saint-Antoine, a ostatecznie przy Rue du Pas-de-la-Mule, a\u017c do Restauracji. Po burzliwych wydarzeniach rewolucji francuskiej Lemarchand wyr\u00f3\u017cni\u0142 si\u0119 w kunszcie stolarskim.<\/p>\n<p>Materia\u0142: Konstrukcja d\u0119bowa, okleiny mahoniowe, okucia br\u0105z z\u0142ocony, blat marmur,<\/p>\n<p>Wymiary: 130 cm d\u0142ugo\u015bci, szer. 61 cm, wysoko\u015b\u0107 92 cm<\/p>\n<p>ob\u0142\u0119dna bez dw\u00f3ch zda\u0144<\/p>\n<p>Polecam mebel na bardzo wysokim poziomie<\/p>","protected":false},"featured_media":10666,"comment_status":"closed","ping_status":"closed","template":"","meta":[],"product_cat":[26,17],"product_tag":[],"class_list":{"0":"post-10665","1":"product","2":"type-product","3":"status-publish","4":"has-post-thumbnail","6":"product_cat-komody","7":"product_cat-meble","9":"entry","10":"has-media","12":"first","13":"instock","14":"taxable","15":"shipping-taxable","16":"purchasable","17":"product-type-simple","18":"has-product-nav","19":"col","20":"span_1_of_3","21":"owp-content-center","22":"owp-thumbs-layout-horizontal","23":"owp-btn-normal","24":"owp-tabs-layout-horizontal"},"aioseo_notices":[],"_links":{"self":[{"href":"https:\/\/antykilion.pl\/it\/wp-json\/wp\/v2\/product\/10665","targetHints":{"allow":["GET"]}}],"collection":[{"href":"https:\/\/antykilion.pl\/it\/wp-json\/wp\/v2\/product"}],"about":[{"href":"https:\/\/antykilion.pl\/it\/wp-json\/wp\/v2\/types\/product"}],"replies":[{"embeddable":true,"href":"https:\/\/antykilion.pl\/it\/wp-json\/wp\/v2\/comments?post=10665"}],"wp:featuredmedia":[{"embeddable":true,"href":"https:\/\/antykilion.pl\/it\/wp-json\/wp\/v2\/media\/10666"}],"wp:attachment":[{"href":"https:\/\/antykilion.pl\/it\/wp-json\/wp\/v2\/media?parent=10665"}],"wp:term":[{"taxonomy":"product_cat","embeddable":true,"href":"https:\/\/antykilion.pl\/it\/wp-json\/wp\/v2\/product_cat?post=10665"},{"taxonomy":"product_tag","embeddable":true,"href":"https:\/\/antykilion.pl\/it\/wp-json\/wp\/v2\/product_tag?post=10665"}],"curies":[{"name":"wp","href":"https:\/\/api.w.org\/{rel}","templated":true}]}}