{"id":10701,"date":"2026-02-23T13:17:01","date_gmt":"2026-02-23T12:17:01","guid":{"rendered":"https:\/\/antykilion.pl\/?post_type=product&#038;p=10701"},"modified":"2026-02-23T13:17:02","modified_gmt":"2026-02-23T12:17:02","slug":"biurko-art-nouveau-secesja-okolo-1900-r-piekne","status":"publish","type":"product","link":"https:\/\/antykilion.pl\/it\/product\/biurko-art-nouveau-secesja-okolo-1900-r-piekne\/","title":{"rendered":"Biurko art nouveau \/ secesja oko\u0142o 1900 r pi\u0119kne"},"content":{"rendered":"","protected":false},"excerpt":{"rendered":"<p>Biurko art nouveau \/ secesja oko\u0142o 1900 r pi\u0119kne<\/p>\n<p>Biurko w stylu secesji geometrycznej<\/p>\n<p>Biurko dwustronne<\/p>\n<p>Stan: bardzo dobry, po profesjonalnej konserwacji<\/p>\n<p>Pochodzenie: Europa wschodnia, Polska\u00a0 ogromna rzadko\u015b\u0107<\/p>\n<p>Materia\u0142: orzech, d\u0119bina i sosna podk\u0142ad<\/p>\n<p>Wymiary: d\u0142ugo\u015b\u0107 117 cm, g\u0142\u0119boko\u015b\u0107 66 cm, wysoko\u015b\u0107 77 cm<\/p>\n<p>Polecam bardzo atrakcyjna cena mebla<\/p>","protected":false},"featured_media":10702,"comment_status":"closed","ping_status":"closed","template":"","meta":[],"product_cat":[17,31],"product_tag":[],"class_list":{"0":"post-10701","1":"product","2":"type-product","3":"status-publish","4":"has-post-thumbnail","6":"product_cat-meble","7":"product_cat-sekretery-sekretarzyki-biurka","9":"entry","10":"has-media","12":"first","13":"instock","14":"taxable","15":"shipping-taxable","16":"purchasable","17":"product-type-simple","18":"has-product-nav","19":"col","20":"span_1_of_3","21":"owp-content-center","22":"owp-thumbs-layout-horizontal","23":"owp-btn-normal","24":"owp-tabs-layout-horizontal"},"aioseo_notices":[],"_links":{"self":[{"href":"https:\/\/antykilion.pl\/it\/wp-json\/wp\/v2\/product\/10701","targetHints":{"allow":["GET"]}}],"collection":[{"href":"https:\/\/antykilion.pl\/it\/wp-json\/wp\/v2\/product"}],"about":[{"href":"https:\/\/antykilion.pl\/it\/wp-json\/wp\/v2\/types\/product"}],"replies":[{"embeddable":true,"href":"https:\/\/antykilion.pl\/it\/wp-json\/wp\/v2\/comments?post=10701"}],"wp:featuredmedia":[{"embeddable":true,"href":"https:\/\/antykilion.pl\/it\/wp-json\/wp\/v2\/media\/10702"}],"wp:attachment":[{"href":"https:\/\/antykilion.pl\/it\/wp-json\/wp\/v2\/media?parent=10701"}],"wp:term":[{"taxonomy":"product_cat","embeddable":true,"href":"https:\/\/antykilion.pl\/it\/wp-json\/wp\/v2\/product_cat?post=10701"},{"taxonomy":"product_tag","embeddable":true,"href":"https:\/\/antykilion.pl\/it\/wp-json\/wp\/v2\/product_tag?post=10701"}],"curies":[{"name":"wp","href":"https:\/\/api.w.org\/{rel}","templated":true}]}}