{"id":10730,"date":"2026-03-01T13:49:51","date_gmt":"2026-03-01T12:49:51","guid":{"rendered":"https:\/\/antykilion.pl\/?post_type=product&#038;p=10730"},"modified":"2026-03-01T13:49:52","modified_gmt":"2026-03-01T12:49:52","slug":"konsola-rokoko-zlocona-przyscienna-do-salonu-lub-na-korytarz-xix-w-okolo-1860-r-okazja","status":"publish","type":"product","link":"https:\/\/antykilion.pl\/it\/product\/konsola-rokoko-zlocona-przyscienna-do-salonu-lub-na-korytarz-xix-w-okolo-1860-r-okazja\/","title":{"rendered":"Konsola rokoko z\u0142ocona przy\u015bcienna do salonu lub na korytarz XIX w oko\u0142o 1860 r okazja!!!"},"content":{"rendered":"","protected":false},"excerpt":{"rendered":"<p>Konsola rokoko z\u0142ocona przy\u015bcienna do salonu lub na korytarz XIX w oko\u0142o 1860 r okazja!!!<\/p>\n<p>Konsola przy\u015bcienna, z marmurowym blatem, o falistych formach szkieletu, wsparta od frontu na dw\u00f3ch kabriolowych nogach, o poszerzonych kolanach, spi\u0119tych u do\u0142u \u0142\u0105czyn\u0105, a z ty\u0142u montowana do \u015bciany. O drewnianej konstrukcji, pokrytej p\u0142askorze\u017abion\u0105 mas\u0105 gipsow\u0105, poz\u0142acana. Na oskrzynieniu ceownice, li\u015bcie, kwiaty.<\/p>\n<p>Stan: dobry do wstawienia \u0142\u0105czyna umocowana na blaszki przymocowane niczemu nie przeszkadza od wewn\u0119trznej stronie, gdzie nie gdzie przetarcia minimalnie<\/p>\n<p>Pochodzenie: Europa Polska<\/p>\n<p>Materia\u0142: buczyna z\u0142ocona blat marmur carrara bia\u0142y pi\u0119kny<\/p>\n<p>Dimensioni:<\/p>\n<p>D\u0142ugo\u015b\u0107 blatu ok. 94 cm, g\u0142\u0119boko\u015b\u0107 44,5 cm i wysoko\u015b\u0107 2 cm.<\/p>\n<p>D\u0142ugo\u015b\u0107 sto\u0142u ok. 87 cm, g\u0142\u0119boko\u015b\u0107 43,5 cm i wysoko\u015b\u0107 81,5 cm.<\/p>\n<p>Polecam bardzo atrakcyjna cena mebla<\/p>","protected":false},"featured_media":10731,"comment_status":"closed","ping_status":"closed","template":"","meta":[],"product_cat":[30,17,33],"product_tag":[],"class_list":{"0":"post-10730","1":"product","2":"type-product","3":"status-publish","4":"has-post-thumbnail","6":"product_cat-lustra","7":"product_cat-meble","8":"product_cat-stoly-stoliki","10":"entry","11":"has-media","13":"first","14":"instock","15":"taxable","16":"shipping-taxable","17":"purchasable","18":"product-type-simple","19":"has-product-nav","20":"col","21":"span_1_of_3","22":"owp-content-center","23":"owp-thumbs-layout-horizontal","24":"owp-btn-normal","25":"owp-tabs-layout-horizontal"},"aioseo_notices":[],"_links":{"self":[{"href":"https:\/\/antykilion.pl\/it\/wp-json\/wp\/v2\/product\/10730","targetHints":{"allow":["GET"]}}],"collection":[{"href":"https:\/\/antykilion.pl\/it\/wp-json\/wp\/v2\/product"}],"about":[{"href":"https:\/\/antykilion.pl\/it\/wp-json\/wp\/v2\/types\/product"}],"replies":[{"embeddable":true,"href":"https:\/\/antykilion.pl\/it\/wp-json\/wp\/v2\/comments?post=10730"}],"wp:featuredmedia":[{"embeddable":true,"href":"https:\/\/antykilion.pl\/it\/wp-json\/wp\/v2\/media\/10731"}],"wp:attachment":[{"href":"https:\/\/antykilion.pl\/it\/wp-json\/wp\/v2\/media?parent=10730"}],"wp:term":[{"taxonomy":"product_cat","embeddable":true,"href":"https:\/\/antykilion.pl\/it\/wp-json\/wp\/v2\/product_cat?post=10730"},{"taxonomy":"product_tag","embeddable":true,"href":"https:\/\/antykilion.pl\/it\/wp-json\/wp\/v2\/product_tag?post=10730"}],"curies":[{"name":"wp","href":"https:\/\/api.w.org\/{rel}","templated":true}]}}