{"id":1117,"date":"2020-02-04T08:10:36","date_gmt":"2020-02-04T07:10:36","guid":{"rendered":"https:\/\/antykilion.pl\/?post_type=product&#038;p=1117"},"modified":"2021-09-03T14:16:39","modified_gmt":"2021-09-03T12:16:39","slug":"komoda-rokokowa-z-xviii-wieku-w-stylu-mathiasa-ortmanna-okolo-1740-roku","status":"publish","type":"product","link":"https:\/\/antykilion.pl\/it\/product\/komoda-rokokowa-z-xviii-wieku-w-stylu-mathiasa-ortmanna-okolo-1740-roku\/","title":{"rendered":"Com\u00f2 rococ\u00f2 del XVIII secolo nello stile di Mathias Ortmann intorno al 1740"},"content":{"rendered":"<p>I mobili di Ortmann sono di qualit\u00e0 eccezionale e rappresentano il meglio in campo rococ\u00f2 nel Nord Europa. Ci\u00f2 che distingue davvero Ortmann dai principali produttori di mobili di oggi \u00e8 la sua abitudine di firmare le sue creazioni. Il nome di Ortmann divenne quindi immortale e la sua opera divenne un oggetto da collezione molto ricercato, ma raramente segnalato.<br \/>\nGaranzia del collezionista<\/p>\n<p>Mathias Ortmann (1700-1757 ca.) nacque in Svezia come figlio di un falegname. La famiglia si trasfer\u00ec a Copenaghen per aprire un laboratorio a Nyhavn e Mathias Ortmann divenne apprendista in tenera et\u00e0 nel laboratorio in rapida crescita di suo padre, che riconobbe il fratello di Frederik IV, il principe Carl, come cliente del suo palazzo a Charlottenborg. La madre di Mathias continu\u00f2 l&#039;attivit\u00e0 dopo la morte del padre nel 1723 e due anni dopo Ortmann super\u00f2 gli esami e divenne cittadino nel 1727. Come produttore di mobili.<\/p>\n<p>Durante i suoi studi come apprendista in tutta Europa, principalmente nella Francia di Ludwig XV, Ortmann apprese i vantaggi di autografare i suoi mobili. Da allora, la sua etichetta \u00e8 diventata una garanzia da collezione per il vero Ortmann. Ma non tutte le opere di Ortmann portano effettivamente la sua preziosa firma, in quanto l&#039;ha usata solo tra il 1745 e il 1757 e alcune delle sue produzioni risalgono a questo periodo. Numerosi sono anche gli elementi di quest&#039;epoca che quasi certamente possono essere attribuiti a Ortmann per il loro stile riconoscibile.<br \/>\nCaratteristica principale<\/p>\n<p>La caratteristica principale dello stile di Ortmann quando si tratta di cassettiere \u00e8 l&#039;ispirazione che trae dal suo viaggio in Francia, ma non del tutto francese. Alcuni aspetti puramente locali si trovano solo nello Schleswig-Holstein e in Danimarca. Laddove i mobili francesi erano spesso realizzati con legno esotico, Ortmann utilizzava principalmente noce importata dall&#039;Italia.<\/p>\n<p>Un altro segno distintivo sono i suoi ornamenti angolari in piombo dorato. A differenza della maggior parte dei produttori di mobili dell&#039;epoca, che realizzavano i loro ornamenti angolari con sculture in legno dorato o - in stile francese - accessori in bronzo dorato, Ortmann si divertiva a ritagliare i suoi piedistalli e usava calchi in ottone dorato per chiavi e maniglie delle porte.<\/p>\n<p>Le prime casse di Ortmann avevano i lati dritti, ma in seguito svilupp\u00f2 il suo modello a forma di bomba con un piedistallo e gambe intagliate dorate.<\/p>\n<p>L&#039;aspetto tipico di Ortmann comprende anche i bordi dei cassetti dorati e un fregio in gesso dorato con delicate lamelle sotto una sporgenza dorata. Questo braccialetto d&#039;oro \u00e8 posizionato appena sotto il piano in marmo che copre l&#039;etichetta. Un fregio di questo tipo non era una caratteristica dei com\u00f2 francesi, ma \u00e8 di origine nordeuropea.<\/p>","protected":false},"excerpt":{"rendered":"<p>Cassettone rococ\u00f2 nello stile di Mathias Ortmann, lati dritti e fronte ondulato con quattro cassetti, listelli di profilo sopra i cassetti rifiniti in oro policromo, accessori rocailler dorati e strisce profilate, gambe a forma di canna con policromia rocailles.<br \/>\nImpiallacciatura di noce.<br \/>\nLo stato della cassettiera nelle condizioni originali, serrature e lucidatura originale, unico neo \u00e8 l&#039;asciugatura nella parte superiore e su un lato e le gambe che richiedono un migliore fissaggio.<br \/>\nOrigine della Danimarca.<br \/>\nDimensioni: altezza 108 cm, lunghezza 102 cm, larghezza 56 cm<br \/>\nUn bel pezzo di arredamento.<br \/>\nMaggiori informazioni sui mobili di seguito.<\/p>","protected":false},"featured_media":1118,"comment_status":"closed","ping_status":"closed","template":"","meta":[],"product_cat":[26,17],"product_tag":[],"class_list":{"0":"post-1117","1":"product","2":"type-product","3":"status-publish","4":"has-post-thumbnail","6":"product_cat-komody","7":"product_cat-meble","9":"entry","10":"has-media","12":"first","13":"instock","14":"taxable","15":"shipping-taxable","16":"purchasable","17":"product-type-simple","18":"has-product-nav","19":"col","20":"span_1_of_3","21":"owp-content-center","22":"owp-thumbs-layout-horizontal","23":"owp-btn-normal","24":"owp-tabs-layout-horizontal"},"aioseo_notices":[],"_links":{"self":[{"href":"https:\/\/antykilion.pl\/it\/wp-json\/wp\/v2\/product\/1117","targetHints":{"allow":["GET"]}}],"collection":[{"href":"https:\/\/antykilion.pl\/it\/wp-json\/wp\/v2\/product"}],"about":[{"href":"https:\/\/antykilion.pl\/it\/wp-json\/wp\/v2\/types\/product"}],"replies":[{"embeddable":true,"href":"https:\/\/antykilion.pl\/it\/wp-json\/wp\/v2\/comments?post=1117"}],"wp:featuredmedia":[{"embeddable":true,"href":"https:\/\/antykilion.pl\/it\/wp-json\/wp\/v2\/media\/1118"}],"wp:attachment":[{"href":"https:\/\/antykilion.pl\/it\/wp-json\/wp\/v2\/media?parent=1117"}],"wp:term":[{"taxonomy":"product_cat","embeddable":true,"href":"https:\/\/antykilion.pl\/it\/wp-json\/wp\/v2\/product_cat?post=1117"},{"taxonomy":"product_tag","embeddable":true,"href":"https:\/\/antykilion.pl\/it\/wp-json\/wp\/v2\/product_tag?post=1117"}],"curies":[{"name":"wp","href":"https:\/\/api.w.org\/{rel}","templated":true}]}}