{"id":11204,"date":"2026-05-10T20:00:05","date_gmt":"2026-05-10T18:00:05","guid":{"rendered":"https:\/\/antykilion.pl\/?post_type=product&#038;p=11204"},"modified":"2026-05-10T20:00:05","modified_gmt":"2026-05-10T18:00:05","slug":"stolik-karciak-konsola-w-stylu-ludwika-filipa-xix-w-okolo-1850-r-po-profesjonalnej-konserwacji","status":"publish","type":"product","link":"https:\/\/antykilion.pl\/it\/product\/stolik-karciak-konsola-w-stylu-ludwika-filipa-xix-w-okolo-1850-r-po-profesjonalnej-konserwacji\/","title":{"rendered":"Stolik, karciak, konsola w stylu Ludwika Filipa XIX w oko\u0142o 1850 r Po profesjonalnej konserwacji"},"content":{"rendered":"","protected":false},"excerpt":{"rendered":"<p>Stolik, karciak, konsola w stylu Ludwika Filipa XIX w oko\u0142o 1850 r Po profesjonalnej konserwacji<\/p>\n<p>z prostok\u0105tnym blatem, rozk\u0142adanym do kwadratu, falisty na obrze\u017cu, wsparty na czterech esowatych nogach. We wn\u0119trzu blat miejsce na bierki lub inne przedmioty<\/p>\n<p>Stolik o subtelnych proporcjach i formie, jednocze\u015bnie o formie i wyko\u0144czeniu charakterystycznym dla epoki Ludwika Filipa.<\/p>\n<p>Stan: bardzo dobry po profesjonalnej konserwacji<\/p>\n<p>Pochodzenie: Europa Polska<\/p>\n<p>Materiale: noce<\/p>\n<p>Wymiary:\u00a0 wysoko\u015b\u0107\u00a0 cm, szeroko\u015b\u0107 cm,\u00a0 g\u0142\u0119boko\u015b\u0107\u00a0 cm<\/p>\n<p>Polecam bardzo atrakcyjna cena mebla<\/p>","protected":false},"featured_media":11205,"comment_status":"closed","ping_status":"closed","template":"","meta":[],"product_cat":[17,33],"product_tag":[],"class_list":{"0":"post-11204","1":"product","2":"type-product","3":"status-publish","4":"has-post-thumbnail","6":"product_cat-meble","7":"product_cat-stoly-stoliki","9":"entry","10":"has-media","12":"first","13":"instock","14":"taxable","15":"shipping-taxable","16":"purchasable","17":"product-type-simple","18":"has-product-nav","19":"col","20":"span_1_of_3","21":"owp-content-center","22":"owp-thumbs-layout-horizontal","23":"owp-btn-normal","24":"owp-tabs-layout-horizontal"},"aioseo_notices":[],"_links":{"self":[{"href":"https:\/\/antykilion.pl\/it\/wp-json\/wp\/v2\/product\/11204","targetHints":{"allow":["GET"]}}],"collection":[{"href":"https:\/\/antykilion.pl\/it\/wp-json\/wp\/v2\/product"}],"about":[{"href":"https:\/\/antykilion.pl\/it\/wp-json\/wp\/v2\/types\/product"}],"replies":[{"embeddable":true,"href":"https:\/\/antykilion.pl\/it\/wp-json\/wp\/v2\/comments?post=11204"}],"wp:featuredmedia":[{"embeddable":true,"href":"https:\/\/antykilion.pl\/it\/wp-json\/wp\/v2\/media\/11205"}],"wp:attachment":[{"href":"https:\/\/antykilion.pl\/it\/wp-json\/wp\/v2\/media?parent=11204"}],"wp:term":[{"taxonomy":"product_cat","embeddable":true,"href":"https:\/\/antykilion.pl\/it\/wp-json\/wp\/v2\/product_cat?post=11204"},{"taxonomy":"product_tag","embeddable":true,"href":"https:\/\/antykilion.pl\/it\/wp-json\/wp\/v2\/product_tag?post=11204"}],"curies":[{"name":"wp","href":"https:\/\/api.w.org\/{rel}","templated":true}]}}