{"id":1708,"date":"2020-02-09T18:44:36","date_gmt":"2020-02-09T17:44:36","guid":{"rendered":"https:\/\/antykilion.pl\/?post_type=product&#038;p=1708"},"modified":"2021-09-03T14:16:41","modified_gmt":"2021-09-03T12:16:41","slug":"roman-bratkowski-polska-1869-1954-lodzi-zacumowane-lodzie","status":"publish","type":"product","link":"https:\/\/antykilion.pl\/it\/product\/roman-bratkowski-polska-1869-1954-lodzi-zacumowane-lodzie\/","title":{"rendered":"Roman Bratkowski (Polonia 1869-1954 barche), barche ormeggiate"},"content":{"rendered":"<p>Roman BRATKOWSKI<\/p>\n<p>1869-1954<\/p>\n<p>Ha studiato alla Scuola di Belle Arti di Cracovia con Feliks Szynalewski, Ignacy Jab\u0142o\u0144ski e W\u0142adys\u0142aw \u0141uszczkiewicz (negli anni 1888-1890). Ha continuato i suoi studi di pittura a Vienna. Negli anni 1894-1896 studi\u00f2 alla scuola privata di pittura di Anton A\u017eb\u00e9 a Monaco, dove torn\u00f2 pi\u00f9 volte. Dal 1891 l&#039;artista partecipa regolarmente a mostre al TZSP di Varsavia e al TPSP di Cracovia e Lviv. Dal 1903 ha collaborato con Stanis\u0142aw Batowski nella scuola di pittura che gestiva a Leopoli. Bratkowski dipinse principalmente paesaggi, dominati da viste sul mare e notturni. I dipinti dell&#039;artista sono nelle collezioni dei musei di Cracovia, Varsavia e Tarn\u00f3w, nonch\u00e9 in collezioni private. Erano perfettamente composti e rifiniti, intrisi di uno stato d&#039;animo di sottile malinconia. Si sono distinti per la capacit\u00e0 di osservare e sintetizzare i fenomeni naturali, in particolare enfatizzando il contrasto tra movimento e pace nel paesaggio.<\/p>","protected":false},"excerpt":{"rendered":"<p>Roman Bratkowski (Polonia 1869-1954 barche), barche ormeggiate<br \/>\nTecnica: olio su tela<br \/>\nCondizioni: ottime<br \/>\nFirma: angolo inferiore sinistro<br \/>\nDimensioni: tele da 60 cm per 80 cm con cornice da 80 cm per 100 cm<br \/>\nDi seguito sono riportate informazioni sull&#039;artista<\/p>","protected":false},"featured_media":1709,"comment_status":"closed","ping_status":"closed","template":"","meta":[],"product_cat":[41,39,40],"product_tag":[],"class_list":{"0":"post-1708","1":"product","2":"type-product","3":"status-publish","4":"has-post-thumbnail","6":"product_cat-malarstwo-dawne","7":"product_cat-dziela-sztuki","8":"product_cat-malarstwo","10":"entry","11":"has-media","13":"first","14":"instock","15":"taxable","16":"shipping-taxable","17":"purchasable","18":"product-type-simple","19":"has-product-nav","20":"col","21":"span_1_of_3","22":"owp-content-center","23":"owp-thumbs-layout-horizontal","24":"owp-btn-normal","25":"owp-tabs-layout-horizontal"},"aioseo_notices":[],"_links":{"self":[{"href":"https:\/\/antykilion.pl\/it\/wp-json\/wp\/v2\/product\/1708","targetHints":{"allow":["GET"]}}],"collection":[{"href":"https:\/\/antykilion.pl\/it\/wp-json\/wp\/v2\/product"}],"about":[{"href":"https:\/\/antykilion.pl\/it\/wp-json\/wp\/v2\/types\/product"}],"replies":[{"embeddable":true,"href":"https:\/\/antykilion.pl\/it\/wp-json\/wp\/v2\/comments?post=1708"}],"wp:featuredmedia":[{"embeddable":true,"href":"https:\/\/antykilion.pl\/it\/wp-json\/wp\/v2\/media\/1709"}],"wp:attachment":[{"href":"https:\/\/antykilion.pl\/it\/wp-json\/wp\/v2\/media?parent=1708"}],"wp:term":[{"taxonomy":"product_cat","embeddable":true,"href":"https:\/\/antykilion.pl\/it\/wp-json\/wp\/v2\/product_cat?post=1708"},{"taxonomy":"product_tag","embeddable":true,"href":"https:\/\/antykilion.pl\/it\/wp-json\/wp\/v2\/product_tag?post=1708"}],"curies":[{"name":"wp","href":"https:\/\/api.w.org\/{rel}","templated":true}]}}