{"id":1720,"date":"2020-02-09T19:05:23","date_gmt":"2020-02-09T18:05:23","guid":{"rendered":"https:\/\/antykilion.pl\/?post_type=product&#038;p=1720"},"modified":"2021-09-03T14:16:41","modified_gmt":"2021-09-03T12:16:41","slug":"gunther-erwin-carl-wilhelm-gunter-1864-1927-sztorm-z-lodziami","status":"publish","type":"product","link":"https:\/\/antykilion.pl\/it\/product\/gunther-erwin-carl-wilhelm-gunter-1864-1927-sztorm-z-lodziami\/","title":{"rendered":"(G\u00fcnther) Erwin Carl Wilhelm G\u00fcnter (1864-1927), tempesta con barche"},"content":{"rendered":"<p>(G\u00fcnther) Erwin Carl Wilhelm G\u00fcnter (1864-1927)<\/p>\n<p>G\u00fcnther ha studiato pittura alla Kunstakademie di D\u00fcsseldorf. L\u00e0 il suo insegnante era Olof Jernberg. A D\u00fcsseldorf, dove divenne membro dell&#039;associazione artistica Malkasten, si afferm\u00f2 come pittore di mare. Comp\u00ec numerosi viaggi in giro per l&#039;Europa, dal 1890 nei Paesi Bassi, in Egitto e in altri paesi africani. Dal 1891 fu rappresentato in mostre al Munich Glass Palace e dal 1893 alla Great Berlin Art Exhibition. Per il padiglione tedesco del mare all&#039;Esposizione Universale di Parigi nel 1900. Realizza grandi dipinti decorativi.<\/p>","protected":false},"excerpt":{"rendered":"<p>(G\u00fcnther) Erwin Carl Wilhelm G\u00fcnter (1864-1927), tempesta di barche.<br \/>\nTecnica: olio su tela<br \/>\nCondizioni: piccoli graffi molto buoni nell&#039;angolo inferiore sinistro<br \/>\nFirma: angolo inferiore sinistro<br \/>\nDimensioni: con cornice 113 cm per 163 cm<br \/>\nDi seguito, informazioni sull&#039;artista.<\/p>","protected":false},"featured_media":1721,"comment_status":"closed","ping_status":"closed","template":"","meta":[],"product_cat":[41,39,40],"product_tag":[],"class_list":{"0":"post-1720","1":"product","2":"type-product","3":"status-publish","4":"has-post-thumbnail","6":"product_cat-malarstwo-dawne","7":"product_cat-dziela-sztuki","8":"product_cat-malarstwo","10":"entry","11":"has-media","13":"first","14":"instock","15":"taxable","16":"shipping-taxable","17":"purchasable","18":"product-type-simple","19":"has-product-nav","20":"col","21":"span_1_of_3","22":"owp-content-center","23":"owp-thumbs-layout-horizontal","24":"owp-btn-normal","25":"owp-tabs-layout-horizontal"},"aioseo_notices":[],"_links":{"self":[{"href":"https:\/\/antykilion.pl\/it\/wp-json\/wp\/v2\/product\/1720","targetHints":{"allow":["GET"]}}],"collection":[{"href":"https:\/\/antykilion.pl\/it\/wp-json\/wp\/v2\/product"}],"about":[{"href":"https:\/\/antykilion.pl\/it\/wp-json\/wp\/v2\/types\/product"}],"replies":[{"embeddable":true,"href":"https:\/\/antykilion.pl\/it\/wp-json\/wp\/v2\/comments?post=1720"}],"wp:featuredmedia":[{"embeddable":true,"href":"https:\/\/antykilion.pl\/it\/wp-json\/wp\/v2\/media\/1721"}],"wp:attachment":[{"href":"https:\/\/antykilion.pl\/it\/wp-json\/wp\/v2\/media?parent=1720"}],"wp:term":[{"taxonomy":"product_cat","embeddable":true,"href":"https:\/\/antykilion.pl\/it\/wp-json\/wp\/v2\/product_cat?post=1720"},{"taxonomy":"product_tag","embeddable":true,"href":"https:\/\/antykilion.pl\/it\/wp-json\/wp\/v2\/product_tag?post=1720"}],"curies":[{"name":"wp","href":"https:\/\/api.w.org\/{rel}","templated":true}]}}