{"id":1725,"date":"2020-02-09T19:12:03","date_gmt":"2020-02-09T18:12:03","guid":{"rendered":"https:\/\/antykilion.pl\/?post_type=product&#038;p=1725"},"modified":"2021-09-03T14:16:41","modified_gmt":"2021-09-03T12:16:41","slug":"jan-fyt-atrybucja-martwa-natura-okolo-1650-roku","status":"publish","type":"product","link":"https:\/\/antykilion.pl\/it\/product\/jan-fyt-atrybucja-martwa-natura-okolo-1650-roku\/","title":{"rendered":"Attribuzione Jan Fyt, natura morta intorno al 1650"},"content":{"rendered":"<p>(Pittore di Antwerski - Jan Fyt) accanto a Frans Snyder era il pi\u00f9 famoso pittore fiammingo di nature morte [...] era un artista molto prolifico, ha lasciato circa 300 dipinti datati dal 1638 al 1661, ci sono anche molte delle sue opere autentiche che non sono n\u00e9 firmate n\u00e9 datate . L&#039;opera \u00e8 un&#039;immagine estremamente decorativa con una composizione pensata e compatta che mostra la moltitudine di varie forme di natura. Sia gli uccelli che i cani macellati per carne di cervo appartengono al repertorio tipico di nature morte di Jan Fyt, ma le esibizioni che combinano entrambi questi soggetti appaiono molto meno spesso nell&#039;opera dell&#039;artista. Un repertorio simile \u00e8 presentato da Fyta<\/p>\n<p>&quot;https:\/\/www.khm.at\/en\/objectdb\/detail\/769\/?offset=0&amp;lv=list<\/p>\n<p>nelle collezioni del Kunsthistorisches Museum di Vienna,<\/p>","protected":false},"excerpt":{"rendered":"<p>Attribuzione Jan Fyt, natura morta con trofei di caccia e un cane, intorno al 1650<br \/>\nTecnica: olio su tela<br \/>\nCondizioni: ottime<br \/>\nDimensioni: tela 51,5 cm per 71,5 cm<br \/>\nDi seguito sono riportate informazioni sull&#039;artista<\/p>","protected":false},"featured_media":1726,"comment_status":"closed","ping_status":"closed","template":"","meta":[],"product_cat":[41,39,40],"product_tag":[],"class_list":{"0":"post-1725","1":"product","2":"type-product","3":"status-publish","4":"has-post-thumbnail","6":"product_cat-malarstwo-dawne","7":"product_cat-dziela-sztuki","8":"product_cat-malarstwo","10":"entry","11":"has-media","13":"first","14":"instock","15":"taxable","16":"shipping-taxable","17":"purchasable","18":"product-type-simple","19":"has-product-nav","20":"col","21":"span_1_of_3","22":"owp-content-center","23":"owp-thumbs-layout-horizontal","24":"owp-btn-normal","25":"owp-tabs-layout-horizontal"},"aioseo_notices":[],"_links":{"self":[{"href":"https:\/\/antykilion.pl\/it\/wp-json\/wp\/v2\/product\/1725","targetHints":{"allow":["GET"]}}],"collection":[{"href":"https:\/\/antykilion.pl\/it\/wp-json\/wp\/v2\/product"}],"about":[{"href":"https:\/\/antykilion.pl\/it\/wp-json\/wp\/v2\/types\/product"}],"replies":[{"embeddable":true,"href":"https:\/\/antykilion.pl\/it\/wp-json\/wp\/v2\/comments?post=1725"}],"wp:featuredmedia":[{"embeddable":true,"href":"https:\/\/antykilion.pl\/it\/wp-json\/wp\/v2\/media\/1726"}],"wp:attachment":[{"href":"https:\/\/antykilion.pl\/it\/wp-json\/wp\/v2\/media?parent=1725"}],"wp:term":[{"taxonomy":"product_cat","embeddable":true,"href":"https:\/\/antykilion.pl\/it\/wp-json\/wp\/v2\/product_cat?post=1725"},{"taxonomy":"product_tag","embeddable":true,"href":"https:\/\/antykilion.pl\/it\/wp-json\/wp\/v2\/product_tag?post=1725"}],"curies":[{"name":"wp","href":"https:\/\/api.w.org\/{rel}","templated":true}]}}