{"id":2028,"date":"2020-02-12T14:57:16","date_gmt":"2020-02-12T13:57:16","guid":{"rendered":"https:\/\/antykilion.pl\/?post_type=product&#038;p=2028"},"modified":"2021-09-03T14:16:42","modified_gmt":"2021-09-03T12:16:42","slug":"serwantka-xix-wiek-theodore-millet-atrybucja-mebel-bardzo-wysokiej-klasy","status":"publish","type":"product","link":"https:\/\/antykilion.pl\/it\/product\/serwantka-xix-wiek-theodore-millet-atrybucja-mebel-bardzo-wysokiej-klasy\/","title":{"rendered":"Servo, XIX secolo, attribuzione di Th\u00e9odore Millet, mobili di altissima classe!"},"content":{"rendered":"","protected":false},"excerpt":{"rendered":"<p>Th\u00e9odore Millet francese, 1853-1918 attribuzione<br \/>\nServo, XIX secolo, attribuzione di Th\u00e9odore Millet, mobili di altissima classe!<br \/>\nun mobile di altissima classe \u00e8 sicuramente Th\u00e9odore Millet. il mobile \u00e8 attualmente in fase di controllo, inoltre una serratura firmata con un ottuso Alfred Schmidt PARIS, i mobili Millet avevano le sue serrature.<br \/>\nCondizioni: ottime, segni di utilizzo<br \/>\nMateriale: mogano, palissandro, rosa, bronzo dorato<br \/>\nDimensioni: altezza 180 cm, lunghezza 77 cm, larghezza 40 cm<\/p>","protected":false},"featured_media":2034,"comment_status":"closed","ping_status":"closed","template":"","meta":[],"product_cat":[17,37],"product_tag":[],"class_list":{"0":"post-2028","1":"product","2":"type-product","3":"status-publish","4":"has-post-thumbnail","6":"product_cat-meble","7":"product_cat-witryny-serwantki","9":"entry","10":"has-media","12":"first","13":"instock","14":"taxable","15":"shipping-taxable","16":"purchasable","17":"product-type-simple","18":"has-product-nav","19":"col","20":"span_1_of_3","21":"owp-content-center","22":"owp-thumbs-layout-horizontal","23":"owp-btn-normal","24":"owp-tabs-layout-horizontal"},"aioseo_notices":[],"_links":{"self":[{"href":"https:\/\/antykilion.pl\/it\/wp-json\/wp\/v2\/product\/2028","targetHints":{"allow":["GET"]}}],"collection":[{"href":"https:\/\/antykilion.pl\/it\/wp-json\/wp\/v2\/product"}],"about":[{"href":"https:\/\/antykilion.pl\/it\/wp-json\/wp\/v2\/types\/product"}],"replies":[{"embeddable":true,"href":"https:\/\/antykilion.pl\/it\/wp-json\/wp\/v2\/comments?post=2028"}],"wp:featuredmedia":[{"embeddable":true,"href":"https:\/\/antykilion.pl\/it\/wp-json\/wp\/v2\/media\/2034"}],"wp:attachment":[{"href":"https:\/\/antykilion.pl\/it\/wp-json\/wp\/v2\/media?parent=2028"}],"wp:term":[{"taxonomy":"product_cat","embeddable":true,"href":"https:\/\/antykilion.pl\/it\/wp-json\/wp\/v2\/product_cat?post=2028"},{"taxonomy":"product_tag","embeddable":true,"href":"https:\/\/antykilion.pl\/it\/wp-json\/wp\/v2\/product_tag?post=2028"}],"curies":[{"name":"wp","href":"https:\/\/api.w.org\/{rel}","templated":true}]}}