{"id":2193,"date":"2020-03-02T16:11:15","date_gmt":"2020-03-02T15:11:15","guid":{"rendered":"https:\/\/antykilion.pl\/?post_type=product&#038;p=2193"},"modified":"2021-09-03T14:16:43","modified_gmt":"2021-09-03T12:16:43","slug":"zegar-wiszacy-linkowy-xix-wiek-sygnowany-gustav-becker-137-cm-okolo-1880-90-r","status":"publish","type":"product","link":"https:\/\/antykilion.pl\/it\/product\/zegar-wiszacy-linkowy-xix-wiek-sygnowany-gustav-becker-137-cm-okolo-1880-90-r\/","title":{"rendered":"Orologio a fune pendente XIX secolo, firmato Gustav Becker 137 cm, circa 1880\/90"},"content":{"rendered":"<p>Gustav Eduard Becker (nato il 2 maggio 1819 a Ole\u015bnica, deceduto il 14 settembre 1885 a Berchtesgaden) - orologiaio tedesco e fondatore del marchio di orologi Gustav Becker.<\/p>\n<p>\u00c8 nato nella Bassa Slesia. Ha studiato come giornalista a Francoforte, La Chaux-de-Fonds, Dresda, Monaco, Berlino e Vienna (con il maestro dell&#039;orologeria Philip Happacher). Il 1 \u00b0 aprile 1847, apr\u00ec il primo negozio di orologi a iewiebodzice. Nel 1852, alla fiera industriale di Breslavia, i suoi orologi furono firmati come Gustav Becker. Nel 1854, Becker ricevette un contratto con l&#039;ufficio postale. La produzione aument\u00f2 drasticamente perch\u00e9 nel 1873 all&#039;Esposizione mondiale di Vienna, Becker annunci\u00f2 la produzione di 75.000 e nel 1875 100.000 orologi. Il 15 maggio 1885, sono gi\u00e0 750.000 e nel 1892 ha prodotto 1.000.000 di orologi. Dopo la sua morte, la societ\u00e0 fu rilevata da suo figlio Paul Albert Becker e divenne il capo dell&#039;azienda. Il milionesimo orologio si trova nella collezione Termet SA (ex Predom Termet) di Wiebodzice, che ha rilevato le attivit\u00e0 della fabbrica di Becker dopo il 1945. La tomba di Gustav Becker si trova nel cimitero comunale di iewiebodzice.<\/p>","protected":false},"excerpt":{"rendered":"<p>Orologio appeso a corda del XIX secolo, firmato Gustav Becker 137 cm, intorno al 1880\/90, in una custodia viennese<br \/>\nMateriale: impiallacciatura di noce.<br \/>\nMeccanismo firmato e numerato, un tipo di meccanismo molto raro.<br \/>\nCondizioni: molto buone, dopo la recensione di un orologiaio, custodia originale molto buona.<br \/>\nDimensioni: altezza 137 cm, larghezza 20 cm, lunghezza 41 cm<br \/>\n! impressionante<br \/>\nDi seguito, informazioni sul produttore.<\/p>","protected":false},"featured_media":2194,"comment_status":"closed","ping_status":"closed","template":"","meta":[],"product_cat":[53,51],"product_tag":[],"class_list":{"0":"post-2193","1":"product","2":"type-product","3":"status-publish","4":"has-post-thumbnail","6":"product_cat-zegary-wiszace","7":"product_cat-zegary","9":"entry","10":"has-media","12":"first","13":"instock","14":"taxable","15":"shipping-taxable","16":"purchasable","17":"product-type-simple","18":"has-product-nav","19":"col","20":"span_1_of_3","21":"owp-content-center","22":"owp-thumbs-layout-horizontal","23":"owp-btn-normal","24":"owp-tabs-layout-horizontal"},"aioseo_notices":[],"_links":{"self":[{"href":"https:\/\/antykilion.pl\/it\/wp-json\/wp\/v2\/product\/2193","targetHints":{"allow":["GET"]}}],"collection":[{"href":"https:\/\/antykilion.pl\/it\/wp-json\/wp\/v2\/product"}],"about":[{"href":"https:\/\/antykilion.pl\/it\/wp-json\/wp\/v2\/types\/product"}],"replies":[{"embeddable":true,"href":"https:\/\/antykilion.pl\/it\/wp-json\/wp\/v2\/comments?post=2193"}],"wp:featuredmedia":[{"embeddable":true,"href":"https:\/\/antykilion.pl\/it\/wp-json\/wp\/v2\/media\/2194"}],"wp:attachment":[{"href":"https:\/\/antykilion.pl\/it\/wp-json\/wp\/v2\/media?parent=2193"}],"wp:term":[{"taxonomy":"product_cat","embeddable":true,"href":"https:\/\/antykilion.pl\/it\/wp-json\/wp\/v2\/product_cat?post=2193"},{"taxonomy":"product_tag","embeddable":true,"href":"https:\/\/antykilion.pl\/it\/wp-json\/wp\/v2\/product_tag?post=2193"}],"curies":[{"name":"wp","href":"https:\/\/api.w.org\/{rel}","templated":true}]}}