{"id":2479,"date":"2020-03-30T09:11:52","date_gmt":"2020-03-30T07:11:52","guid":{"rendered":"https:\/\/antykilion.pl\/?post_type=product&#038;p=2479"},"modified":"2021-09-03T14:16:44","modified_gmt":"2021-09-03T12:16:44","slug":"filizanka-z-spodkiem-manufaktury-sorau-1919-45-piekna-przezroczysta-porcelana-nr-3","status":"publish","type":"product","link":"https:\/\/antykilion.pl\/it\/product\/filizanka-z-spodkiem-manufaktury-sorau-1919-45-piekna-przezroczysta-porcelana-nr-3\/","title":{"rendered":"Tazza e piattino di Sorau 1919-45, bellissima porcellana trasparente n. 3"},"content":{"rendered":"<p>Marchi di porcellana e ceramica - Marchi di Sorau <\/p>\n<p>La fabbrica di porcellana di Sorau (\u017bary) \u00e8 stata fondata da Gustav Otremb nel 1888. Gustav Otremba Porzellanfabrik Sorau NL ha avviato la produzione negli edifici dell&#039;ex fabbrica di chiodi. Un anno dopo, Franz B\u00f6hme \u00e8 entrato in azienda. Nel 1892, B\u00f6hme acquist\u00f2 le azioni di Otremba e divenne l&#039;unico proprietario dell&#039;azienda. Nel 1901, la fabbrica fu trasformata in una societ\u00e0 a responsabilit\u00e0 limitata (Porzellanfabrik Sorau GmbH) e il nuovo proprietario fu Fritz, sym Franz.<\/p>\n<p>La prima guerra mondiale non era un buon periodo per l&#039;industria della porcellana. La maggior parte dei lavoratori qualificati \u00e8 stata mobilitata, alcuni mercati esteri sono andati perduti e il mercato interno si \u00e8 ridotto. Nel 1918 lo stabilimento Sorau fu acquistato dal mercante Gotthard Curtius. Pochi mesi dopo, l&#039;azienda \u00e8 stata rilevata dal consorzio Christian &amp; Ernst Carstens. La fabbrica fu ribattezzata C. &amp; E. Carstens Porzellanfabrik Sorau NL Ernst Carstens mor\u00ec nel 1923, ma i suoi eredi continuarono a gestire l&#039;azienda.<\/p>\n<p>Lo stabilimento di Sorau ha rafforzato regolarmente la sua posizione grazie alle esportazioni nei paesi europei e negli Stati Uniti. Negli anni &#039;30 il numero dei dipendenti sal\u00ec a 400.<\/p>\n<p>Durante la seconda guerra mondiale, la fabbrica continu\u00f2 la produzione nonostante le restrizioni belliche. Gli impianti furono distrutti nel febbraio 1945.<\/p>","protected":false},"excerpt":{"rendered":"<p>Tazza e piattino di Sorau 1919-45, bellissima porcellana trasparente n. 3<br \/>\nTazza da caff\u00e8, l&#039;articolo di vendita \u00e8 solo una tazza con piattino senza piattino e completo da caff\u00e8.<br \/>\nOttime condizioni<br \/>\nDimensioni:<br \/>\nSegue la storia della fabbrica<\/p>","protected":false},"featured_media":2475,"comment_status":"closed","ping_status":"closed","template":"","meta":[],"product_cat":[50],"product_tag":[],"class_list":{"0":"post-2479","1":"product","2":"type-product","3":"status-publish","4":"has-post-thumbnail","6":"product_cat-porcelana-i-fajans","8":"entry","9":"has-media","11":"first","12":"instock","13":"taxable","14":"shipping-taxable","15":"purchasable","16":"product-type-simple","17":"has-product-nav","18":"col","19":"span_1_of_3","20":"owp-content-center","21":"owp-thumbs-layout-horizontal","22":"owp-btn-normal","23":"owp-tabs-layout-horizontal"},"aioseo_notices":[],"_links":{"self":[{"href":"https:\/\/antykilion.pl\/it\/wp-json\/wp\/v2\/product\/2479","targetHints":{"allow":["GET"]}}],"collection":[{"href":"https:\/\/antykilion.pl\/it\/wp-json\/wp\/v2\/product"}],"about":[{"href":"https:\/\/antykilion.pl\/it\/wp-json\/wp\/v2\/types\/product"}],"replies":[{"embeddable":true,"href":"https:\/\/antykilion.pl\/it\/wp-json\/wp\/v2\/comments?post=2479"}],"wp:featuredmedia":[{"embeddable":true,"href":"https:\/\/antykilion.pl\/it\/wp-json\/wp\/v2\/media\/2475"}],"wp:attachment":[{"href":"https:\/\/antykilion.pl\/it\/wp-json\/wp\/v2\/media?parent=2479"}],"wp:term":[{"taxonomy":"product_cat","embeddable":true,"href":"https:\/\/antykilion.pl\/it\/wp-json\/wp\/v2\/product_cat?post=2479"},{"taxonomy":"product_tag","embeddable":true,"href":"https:\/\/antykilion.pl\/it\/wp-json\/wp\/v2\/product_tag?post=2479"}],"curies":[{"name":"wp","href":"https:\/\/api.w.org\/{rel}","templated":true}]}}