{"id":2781,"date":"2020-05-16T11:32:31","date_gmt":"2020-05-16T09:32:31","guid":{"rendered":"https:\/\/antykilion.pl\/?post_type=product&#038;p=2781"},"modified":"2023-09-13T19:00:20","modified_gmt":"2023-09-13T17:00:20","slug":"pianoharpa-bardzo-rzadki-instrument-na-naszym-rynku-antykwarycznym-xix-w","status":"publish","type":"product","link":"https:\/\/antykilion.pl\/it\/product\/pianoharpa-bardzo-rzadki-instrument-na-naszym-rynku-antykwarycznym-xix-w\/","title":{"rendered":"Pianoharpa, uno strumento molto raro nel nostro mercato dell&#039;antiquariato nel XIX secolo"},"content":{"rendered":"","protected":false},"excerpt":{"rendered":"<p>Pianoharpa, uno strumento molto raro nel nostro mercato dell&#039;antiquariato nel XIX secolo<br \/>\nOttime condizioni<br \/>\ndimensioni: lunghezza 80 cm, larghezza 52 cm, altezza 78 cm<br \/>\nL&#039;arpa per pianoforte (inno) o arpa per pianoforte \u00e8 chiamata uno strumento costituito da un rullo di perni simile a quello di una scatola di gioco, in cui i perni nell&#039;asta influenzano pi\u00f9 bastoncini di feltro che colpiscono il tono delle corde. Il tamburo \u00e8 a gomito e pu\u00f2 essere spostato lateralmente per riprodurre diverse melodie. Il tamburo \u00e8 anche facile da rilasciare e sostituire per espandere il tuo repertorio. La stessa tecnica usata su un pianoforte da strada, ma l&#039;arpa del pianoforte \u00e8 stata incorporata in varie forme da tavolo. A volte viene indicata come un&#039;arpa di piccola citt\u00e0, poich\u00e9 la maggior parte \u00e8 stata prodotta a N\u00e4ssja e N\u00e4shult nello Sm\u00e5land negli anni 1880, fino a quando la fabbrica S\u00f6der N\u00e4ssja non fu incendiata nel 1929.<\/p>\n<p>L&#039;invenzione \u00e8 attribuita al costruttore di organi con autoapprendimento Johannes Magnusson di N\u00e4ssja, ma il principio era precedentemente noto e applicato in Europa al pianoforte da strada, all&#039;orchestrazione e ad altri strumenti autodidattici. Le arpe per pianoforte venivano vendute a scuole e parrocchie dove l&#039;insegnante o il sacerdote non potevano suonare lo strumento da solo, ma il mercato scomparve negli anni &#039;20 a causa del progresso del grammofono.<\/p>","protected":false},"featured_media":2782,"comment_status":"closed","ping_status":"closed","template":"","meta":[],"product_cat":[16,55],"product_tag":[],"class_list":{"0":"post-2781","1":"product","2":"type-product","3":"status-publish","4":"has-post-thumbnail","6":"product_cat-inne","7":"product_cat-varia","9":"entry","10":"has-media","12":"first","13":"instock","14":"taxable","15":"shipping-taxable","16":"purchasable","17":"product-type-simple","18":"has-product-nav","19":"col","20":"span_1_of_3","21":"owp-content-center","22":"owp-thumbs-layout-horizontal","23":"owp-btn-normal","24":"owp-tabs-layout-horizontal"},"aioseo_notices":[],"_links":{"self":[{"href":"https:\/\/antykilion.pl\/it\/wp-json\/wp\/v2\/product\/2781","targetHints":{"allow":["GET"]}}],"collection":[{"href":"https:\/\/antykilion.pl\/it\/wp-json\/wp\/v2\/product"}],"about":[{"href":"https:\/\/antykilion.pl\/it\/wp-json\/wp\/v2\/types\/product"}],"replies":[{"embeddable":true,"href":"https:\/\/antykilion.pl\/it\/wp-json\/wp\/v2\/comments?post=2781"}],"wp:featuredmedia":[{"embeddable":true,"href":"https:\/\/antykilion.pl\/it\/wp-json\/wp\/v2\/media\/2782"}],"wp:attachment":[{"href":"https:\/\/antykilion.pl\/it\/wp-json\/wp\/v2\/media?parent=2781"}],"wp:term":[{"taxonomy":"product_cat","embeddable":true,"href":"https:\/\/antykilion.pl\/it\/wp-json\/wp\/v2\/product_cat?post=2781"},{"taxonomy":"product_tag","embeddable":true,"href":"https:\/\/antykilion.pl\/it\/wp-json\/wp\/v2\/product_tag?post=2781"}],"curies":[{"name":"wp","href":"https:\/\/api.w.org\/{rel}","templated":true}]}}