{"id":2947,"date":"2020-07-12T16:32:49","date_gmt":"2020-07-12T14:32:49","guid":{"rendered":"https:\/\/antykilion.pl\/?post_type=product&#038;p=2947"},"modified":"2024-01-07T07:40:22","modified_gmt":"2024-01-07T06:40:22","slug":"zegar-junghans-orginal-cacuszko-nr-2","status":"publish","type":"product","link":"https:\/\/antykilion.pl\/it\/product\/zegar-junghans-orginal-cacuszko-nr-2\/","title":{"rendered":"GUARDA la figlia originale di Junghans! N. 2"},"content":{"rendered":"","protected":false},"excerpt":{"rendered":"<p>L&#039;orologio del 100% \u00e8 originale, sia la cassa che il movimento, cosa rara oggi.<br \/>\nOrologio dopo revisione da orologiaio in 100% funzionante.<br \/>\nLa storia di Junghans, iniziata nella Foresta Nera nel 1861, \u00e8 una delle storie di successo pi\u00f9 toccanti e allo stesso tempo pi\u00f9 affascinanti dell&#039;industria orologiera tedesca.<br \/>\nDimensioni: altezza 89 cm, larghezza 30 cm<br \/>\nMateriale: impiallacciatura di noce, finiture in pizzo<br \/>\nIstituito intorno al 1890<\/p>","protected":false},"featured_media":2948,"comment_status":"closed","ping_status":"closed","template":"","meta":[],"product_cat":[53,51],"product_tag":[],"class_list":{"0":"post-2947","1":"product","2":"type-product","3":"status-publish","4":"has-post-thumbnail","6":"product_cat-zegary-wiszace","7":"product_cat-zegary","9":"entry","10":"has-media","12":"first","13":"instock","14":"taxable","15":"shipping-taxable","16":"purchasable","17":"product-type-simple","18":"has-product-nav","19":"col","20":"span_1_of_3","21":"owp-content-center","22":"owp-thumbs-layout-horizontal","23":"owp-btn-normal","24":"owp-tabs-layout-horizontal"},"aioseo_notices":[],"_links":{"self":[{"href":"https:\/\/antykilion.pl\/it\/wp-json\/wp\/v2\/product\/2947","targetHints":{"allow":["GET"]}}],"collection":[{"href":"https:\/\/antykilion.pl\/it\/wp-json\/wp\/v2\/product"}],"about":[{"href":"https:\/\/antykilion.pl\/it\/wp-json\/wp\/v2\/types\/product"}],"replies":[{"embeddable":true,"href":"https:\/\/antykilion.pl\/it\/wp-json\/wp\/v2\/comments?post=2947"}],"wp:featuredmedia":[{"embeddable":true,"href":"https:\/\/antykilion.pl\/it\/wp-json\/wp\/v2\/media\/2948"}],"wp:attachment":[{"href":"https:\/\/antykilion.pl\/it\/wp-json\/wp\/v2\/media?parent=2947"}],"wp:term":[{"taxonomy":"product_cat","embeddable":true,"href":"https:\/\/antykilion.pl\/it\/wp-json\/wp\/v2\/product_cat?post=2947"},{"taxonomy":"product_tag","embeddable":true,"href":"https:\/\/antykilion.pl\/it\/wp-json\/wp\/v2\/product_tag?post=2947"}],"curies":[{"name":"wp","href":"https:\/\/api.w.org\/{rel}","templated":true}]}}