{"id":3187,"date":"2020-09-27T12:43:02","date_gmt":"2020-09-27T10:43:02","guid":{"rendered":"https:\/\/antykilion.pl\/?post_type=product&#038;p=3187"},"modified":"2021-09-03T14:16:48","modified_gmt":"2021-09-03T12:16:48","slug":"3187","status":"publish","type":"product","link":"https:\/\/antykilion.pl\/it\/product\/3187\/","title":{"rendered":"Astrazione n. 1 di Jerzy Ko\u0142acz"},"content":{"rendered":"","protected":false},"excerpt":{"rendered":"<p>Jerzy Ko\u0142acz abstract intorno al 1950, n. 1<\/p>\n<p>Condizioni: ottime<\/p>\n<p>Tecnica: olio su tela<\/p>\n<p>Dimensioni: lunghezza 50 cm, altezza 50 cm<\/p>\n<p>Jerzy Ko\u0142acz (1938-2009) - artista, pittore, grafico, illustratore<\/p>\n<p>Jerzy Ko\u0142acz \u00e8 nato il 16 ottobre 1938 a Czelad\u017a, in Slesia. Dopo la guerra, lui e la sua famiglia si trasferirono a Stettino. Ha studiato all&#039;Accademia di Belle Arti di Danzica e all&#039;Accademia di Belle Arti di Varsavia, diplomandosi nel 1962 nello studio di manifesti di Wojciech Tomaszewski e nello studio di pittura di Wojciech Fangor. Dopo la laurea, ha partecipato attivamente alla vita della comunit\u00e0 artistica di Stettino: ha co-fondato la sezione locale dell&#039;Unione degli artisti e dei designer, \u00e8 stato coinvolto nell&#039;organizzazione del Festival di pittura contemporanea, ha lavorato come editor grafico a Wydawnictwo Artystyczno-Graficzne (1962-1974), ha disegnato manifesti e soprattutto ha dipinto ed esposto il suo lavora sia in Polonia (Stettino, Danzica, Varsavia, Zielona G\u00f3ra) che all&#039;estero (Svezia, Danimarca, Paesi Bassi, Repubblica Federale di Germania, Ungheria).<\/p>\n<p>Nel 1978 emigra in Svezia, e poi in Canada. A Toronto, dove ha trascorso trent&#039;anni della sua vita, ha agito sia come illustratore, pubblicando su riviste di tutto il mondo, sia come pittore. Dopo il 1989, ha visitato la Polonia diverse volte, tra cui Stettino (mostra &quot;Filtri della memoria&quot;, 2008, Centro culturale e artistico a Breslavia, Castello dei duchi di Pomerania a Stettino).<\/p>\n<p>Fin dall&#039;inizio, la creativit\u00e0 artistica dell&#039;artista si \u00e8 sviluppata in due modi. Nella pittura si muove verso l&#039;astrazione, completamente priva di allusioni figurative, allusiva, ricca di consistenza ed estremamente sofisticata nel colore. Nel poster, e poi nell&#039;illustrazione, usa una figura pittorica, ironica, a volte schietta, sempre spiritosa.<\/p>\n<p>I suoi lavori sono stati premiati sia in Polonia che all&#039;estero. In riconoscimento della sua attivit\u00e0 creativa complessiva, \u00e8 stato eletto membro della Royal Canadian Academy of Arts.<\/p>\n<p>Mor\u00ec il 22 marzo 2009 in Messico. \u00c8 sepolto a Toronto. Nel 2010, su iniziativa dell&#039;Associazione &quot;Czas Przestrze\u0144 To\u017csamo\u015b\u0107&quot; con sede a Stettino, \u00e8 stato piantato un Albero della Memoria al Cimitero Centrale, che ha onorato Jerzy Ko\u0142acz come persona di merito per Stettino.<\/p>","protected":false},"featured_media":3188,"comment_status":"closed","ping_status":"closed","template":"","meta":[],"product_cat":[39,40,42],"product_tag":[],"class_list":{"0":"post-3187","1":"product","2":"type-product","3":"status-publish","4":"has-post-thumbnail","6":"product_cat-dziela-sztuki","7":"product_cat-malarstwo","8":"product_cat-malartswo-wspolczesne","10":"entry","11":"has-media","13":"first","14":"instock","15":"taxable","16":"shipping-taxable","17":"purchasable","18":"product-type-simple","19":"has-product-nav","20":"col","21":"span_1_of_3","22":"owp-content-center","23":"owp-thumbs-layout-horizontal","24":"owp-btn-normal","25":"owp-tabs-layout-horizontal"},"aioseo_notices":[],"_links":{"self":[{"href":"https:\/\/antykilion.pl\/it\/wp-json\/wp\/v2\/product\/3187","targetHints":{"allow":["GET"]}}],"collection":[{"href":"https:\/\/antykilion.pl\/it\/wp-json\/wp\/v2\/product"}],"about":[{"href":"https:\/\/antykilion.pl\/it\/wp-json\/wp\/v2\/types\/product"}],"replies":[{"embeddable":true,"href":"https:\/\/antykilion.pl\/it\/wp-json\/wp\/v2\/comments?post=3187"}],"wp:featuredmedia":[{"embeddable":true,"href":"https:\/\/antykilion.pl\/it\/wp-json\/wp\/v2\/media\/3188"}],"wp:attachment":[{"href":"https:\/\/antykilion.pl\/it\/wp-json\/wp\/v2\/media?parent=3187"}],"wp:term":[{"taxonomy":"product_cat","embeddable":true,"href":"https:\/\/antykilion.pl\/it\/wp-json\/wp\/v2\/product_cat?post=3187"},{"taxonomy":"product_tag","embeddable":true,"href":"https:\/\/antykilion.pl\/it\/wp-json\/wp\/v2\/product_tag?post=3187"}],"curies":[{"name":"wp","href":"https:\/\/api.w.org\/{rel}","templated":true}]}}