{"id":3259,"date":"2020-10-01T17:53:11","date_gmt":"2020-10-01T15:53:11","guid":{"rendered":"https:\/\/antykilion.pl\/?post_type=product&#038;p=3259"},"modified":"2021-09-03T14:16:48","modified_gmt":"2021-09-03T12:16:48","slug":"wazon-xviii-w-delft-pieter-adriaen-pynacker","status":"publish","type":"product","link":"https:\/\/antykilion.pl\/it\/product\/wazon-xviii-w-delft-pieter-adriaen-pynacker\/","title":{"rendered":"VASO, XVIII secolo Delft, Pieter Adriaen Pynacker"},"content":{"rendered":"","protected":false},"excerpt":{"rendered":"<p>VASO, XVIII secolo<\/p>\n<p>Delft, Pieter Adriaen Pynacker (w\u0142a\u015bciciel warsztatu &#8220;De Grieksche A&#8221;)<br \/>\nFaience (crema di argilla), cobalto sottosmalto, glassa di stagno<br \/>\nwys. 47 cm, sygnowany kobaltem podszkliwnym &#8220;PAK&#8221; (na spodzie)<br \/>\nstato di conservazione: danneggiamento minimo dello smalto, praticamente invisibile<br \/>\nUn vaso ottagonale con un coperchio, una gamba alta che si allarga verso il basso, un ventre sferico e un collo basso e cilindrico. Coperchio a cupola con divisione ottagonale e pareti scanalate, con un&#039;ala prominente. Manico a forma di pappagallo con frutta.<br \/>\nIl piede e il ventre sono ricoperti da motivi cinesi di varie dimensioni e forme, sullo sfondo di minuscole stelle e proiezioni di piante. Nella parte superiore del vaso, un pizzo stilizzato con motivi floreali intrecciati. Un flagello a spirale sul collo (motivo a fiamma cinese?).<br \/>\nIl vaso proviene da un abito da caminetto, chiamato kaststel (casta olandese - guardaroba, stele - set), composto da un numero dispari di vasi (da tre a nove) di varie forme (es. flauto, vaso a pera, potiche o zucca) e decorazioni identiche. In questi set, un tipo di nave appariva singolarmente, il resto era composto da coppie. Molto spesso imitavano sia la forma dei piatti dell&#039;Estremo Oriente che le decorazioni blu e bianche. Posizionati sulle cornici di armadi o caminetti, divennero popolari nel XVIII secolo, dove costituivano un caratteristico complemento degli interni olandesi.<br \/>\nUno dei modelli tipici che decorano i set di abiti, accanto al cosiddetto popolare di cashmere con lambrequins, c&#039;era un motivo floreale bianco e blu chiamato paterseliedekor (prezzemolo) dagli olandesi, in cui la decorazione era fatta di piccole foglie, stelle e spirali con rose, peonie o uccelli esotici intrecciati. La composizione era completata da lambrequins o pizzi stilizzati (posti sul piede o nella parte superiore del ventre).<br \/>\nOferowany wazon pochodzi zapewne z wytw\u00f3rni &#8220;De Grieksche A&#8221; (za\u0142o\u017conej w 1658 roku przez Woutera van Eenhorna), gdy w\u0142a\u015bcicielem zak\u0142adu w latach 1701-1703 by\u0142 Pieter Adriaensz Kocks. Wyroby z tego okresu wyr\u00f3\u017cniaj\u0105 si\u0119 du\u017c\u0105 elegancj\u0105 form, finezj\u0105 rysunku i subteln\u0105 malatur\u0105 camaieu bleu.<\/p>","protected":false},"featured_media":3260,"comment_status":"closed","ping_status":"closed","template":"","meta":[],"product_cat":[50],"product_tag":[],"class_list":{"0":"post-3259","1":"product","2":"type-product","3":"status-publish","4":"has-post-thumbnail","6":"product_cat-porcelana-i-fajans","8":"entry","9":"has-media","11":"first","12":"instock","13":"taxable","14":"shipping-taxable","15":"purchasable","16":"product-type-simple","17":"has-product-nav","18":"col","19":"span_1_of_3","20":"owp-content-center","21":"owp-thumbs-layout-horizontal","22":"owp-btn-normal","23":"owp-tabs-layout-horizontal"},"aioseo_notices":[],"_links":{"self":[{"href":"https:\/\/antykilion.pl\/it\/wp-json\/wp\/v2\/product\/3259","targetHints":{"allow":["GET"]}}],"collection":[{"href":"https:\/\/antykilion.pl\/it\/wp-json\/wp\/v2\/product"}],"about":[{"href":"https:\/\/antykilion.pl\/it\/wp-json\/wp\/v2\/types\/product"}],"replies":[{"embeddable":true,"href":"https:\/\/antykilion.pl\/it\/wp-json\/wp\/v2\/comments?post=3259"}],"wp:featuredmedia":[{"embeddable":true,"href":"https:\/\/antykilion.pl\/it\/wp-json\/wp\/v2\/media\/3260"}],"wp:attachment":[{"href":"https:\/\/antykilion.pl\/it\/wp-json\/wp\/v2\/media?parent=3259"}],"wp:term":[{"taxonomy":"product_cat","embeddable":true,"href":"https:\/\/antykilion.pl\/it\/wp-json\/wp\/v2\/product_cat?post=3259"},{"taxonomy":"product_tag","embeddable":true,"href":"https:\/\/antykilion.pl\/it\/wp-json\/wp\/v2\/product_tag?post=3259"}],"curies":[{"name":"wp","href":"https:\/\/api.w.org\/{rel}","templated":true}]}}