{"id":3649,"date":"2021-02-12T14:22:06","date_gmt":"2021-02-12T13:22:06","guid":{"rendered":"https:\/\/antykilion.pl\/?post_type=product&#038;p=3649"},"modified":"2021-09-03T14:16:50","modified_gmt":"2021-09-03T12:16:50","slug":"muzelany-erwin-gunther-cudny-nr-2","status":"publish","type":"product","link":"https:\/\/antykilion.pl\/it\/product\/muzelany-erwin-gunther-cudny-nr-2\/","title":{"rendered":"Muzelany Erwin Gunther Cudny !!!!! nr 2"},"content":{"rendered":"","protected":false},"excerpt":{"rendered":"<p>(G\u00fcnther) Erwin Carl Wilhelm G\u00fcnter (1864-1927), tempesta di barche.<\/p>\n<p>Tecnica: olio su tela<\/p>\n<p>Condizioni: ottime<\/p>\n<p>Firma: angolo inferiore sinistro<\/p>\n<p>Wymiary: z ram\u0105 140 cm  oko\u0142o na 160 cm oko\u0142o<\/p>\n<p>Di seguito, informazioni sull&#039;artista.<\/p>\n<p>(G\u00fcnther) Erwin Carl Wilhelm G\u00fcnter (1864-1927)<\/p>\n<p>G\u00fcnther ha studiato pittura alla Kunstakademie di D\u00fcsseldorf. L\u00e0 il suo insegnante era Olof Jernberg. A D\u00fcsseldorf, dove divenne membro dell&#039;associazione artistica Malkasten, si afferm\u00f2 come pittore di mare. Comp\u00ec numerosi viaggi in giro per l&#039;Europa, dal 1890 nei Paesi Bassi, in Egitto e in altri paesi africani. Dal 1891 fu rappresentato in mostre al Munich Glass Palace e dal 1893 alla Great Berlin Art Exhibition. Per il padiglione tedesco del mare all&#039;Esposizione Universale di Parigi nel 1900. Realizza grandi dipinti decorativi.<br \/>\nMuzelany Erwin Gunther Cudny !!!!! nr 2 Technika wykonania olej<\/p>","protected":false},"featured_media":3653,"comment_status":"closed","ping_status":"closed","template":"","meta":[],"product_cat":[41,39,40],"product_tag":[],"class_list":{"0":"post-3649","1":"product","2":"type-product","3":"status-publish","4":"has-post-thumbnail","6":"product_cat-malarstwo-dawne","7":"product_cat-dziela-sztuki","8":"product_cat-malarstwo","10":"entry","11":"has-media","13":"first","14":"instock","15":"taxable","16":"shipping-taxable","17":"purchasable","18":"product-type-simple","19":"has-product-nav","20":"col","21":"span_1_of_3","22":"owp-content-center","23":"owp-thumbs-layout-horizontal","24":"owp-btn-normal","25":"owp-tabs-layout-horizontal"},"aioseo_notices":[],"_links":{"self":[{"href":"https:\/\/antykilion.pl\/it\/wp-json\/wp\/v2\/product\/3649","targetHints":{"allow":["GET"]}}],"collection":[{"href":"https:\/\/antykilion.pl\/it\/wp-json\/wp\/v2\/product"}],"about":[{"href":"https:\/\/antykilion.pl\/it\/wp-json\/wp\/v2\/types\/product"}],"replies":[{"embeddable":true,"href":"https:\/\/antykilion.pl\/it\/wp-json\/wp\/v2\/comments?post=3649"}],"wp:featuredmedia":[{"embeddable":true,"href":"https:\/\/antykilion.pl\/it\/wp-json\/wp\/v2\/media\/3653"}],"wp:attachment":[{"href":"https:\/\/antykilion.pl\/it\/wp-json\/wp\/v2\/media?parent=3649"}],"wp:term":[{"taxonomy":"product_cat","embeddable":true,"href":"https:\/\/antykilion.pl\/it\/wp-json\/wp\/v2\/product_cat?post=3649"},{"taxonomy":"product_tag","embeddable":true,"href":"https:\/\/antykilion.pl\/it\/wp-json\/wp\/v2\/product_tag?post=3649"}],"curies":[{"name":"wp","href":"https:\/\/api.w.org\/{rel}","templated":true}]}}