{"id":3665,"date":"2021-02-12T15:43:32","date_gmt":"2021-02-12T14:43:32","guid":{"rendered":"https:\/\/antykilion.pl\/?post_type=product&#038;p=3665"},"modified":"2026-04-08T16:55:43","modified_gmt":"2026-04-08T14:55:43","slug":"ksiezycowa-noc-piekny-xix-w","status":"publish","type":"product","link":"https:\/\/antykilion.pl\/it\/product\/ksiezycowa-noc-piekny-xix-w\/","title":{"rendered":"Ksi\u0119\u017cycowa noc, pi\u0119kny XIX w"},"content":{"rendered":"","protected":false},"excerpt":{"rendered":"<p>Ksi\u0119\u017cycowa noc, pi\u0119kny XIX w<\/p>\n<p>Tecnica: olio su tela<\/p>\n<p>Stan: bardzo dobry,  wida\u0107 klejenia i naprawy<\/p>\n<p>Sygnatura: Prawy dolny r\u00f3g, nie czytelna, na blejtramie wiele zapisk\u00f3w <\/p>\n<p>Wymiary: z ram\u0105 42,5 cm  na 34,5 cm <\/p>","protected":false},"featured_media":10953,"comment_status":"closed","ping_status":"closed","template":"","meta":[],"product_cat":[41,39,40],"product_tag":[],"class_list":{"0":"post-3665","1":"product","2":"type-product","3":"status-publish","4":"has-post-thumbnail","6":"product_cat-malarstwo-dawne","7":"product_cat-dziela-sztuki","8":"product_cat-malarstwo","10":"entry","11":"has-media","13":"first","14":"instock","15":"taxable","16":"shipping-taxable","17":"purchasable","18":"product-type-simple","19":"has-product-nav","20":"col","21":"span_1_of_3","22":"owp-content-center","23":"owp-thumbs-layout-horizontal","24":"owp-btn-normal","25":"owp-tabs-layout-horizontal"},"aioseo_notices":[],"_links":{"self":[{"href":"https:\/\/antykilion.pl\/it\/wp-json\/wp\/v2\/product\/3665","targetHints":{"allow":["GET"]}}],"collection":[{"href":"https:\/\/antykilion.pl\/it\/wp-json\/wp\/v2\/product"}],"about":[{"href":"https:\/\/antykilion.pl\/it\/wp-json\/wp\/v2\/types\/product"}],"replies":[{"embeddable":true,"href":"https:\/\/antykilion.pl\/it\/wp-json\/wp\/v2\/comments?post=3665"}],"wp:featuredmedia":[{"embeddable":true,"href":"https:\/\/antykilion.pl\/it\/wp-json\/wp\/v2\/media\/10953"}],"wp:attachment":[{"href":"https:\/\/antykilion.pl\/it\/wp-json\/wp\/v2\/media?parent=3665"}],"wp:term":[{"taxonomy":"product_cat","embeddable":true,"href":"https:\/\/antykilion.pl\/it\/wp-json\/wp\/v2\/product_cat?post=3665"},{"taxonomy":"product_tag","embeddable":true,"href":"https:\/\/antykilion.pl\/it\/wp-json\/wp\/v2\/product_tag?post=3665"}],"curies":[{"name":"wp","href":"https:\/\/api.w.org\/{rel}","templated":true}]}}