{"id":3722,"date":"2021-03-14T13:47:42","date_gmt":"2021-03-14T12:47:42","guid":{"rendered":"https:\/\/antykilion.pl\/?post_type=product&#038;p=3722"},"modified":"2021-09-03T14:16:50","modified_gmt":"2021-09-03T12:16:50","slug":"zwiastowanie-najswietszej-marii-panny-xviii-w","status":"publish","type":"product","link":"https:\/\/antykilion.pl\/it\/product\/zwiastowanie-najswietszej-marii-panny-xviii-w\/","title":{"rendered":"Zwiastowanie Naj\u015bwi\u0119tszej Marii Panny XVIII w"},"content":{"rendered":"","protected":false},"excerpt":{"rendered":"<p>Zwiastowanie Naj\u015bwi\u0119tszej Marii Panny XVIII w<br \/>\nTecnica: olio su tela<br \/>\nStan: bardzo dobry ma\u0142y 1 cm p\u0119kniecie p\u0142\u00f3tna, obraz po konserwacji dublarz<br \/>\nSygnatura: autor nieznany<br \/>\nWymiary: z ram\u0105  oko\u0142o 92 cm na 67 cm<br \/>\nPochodzenie: Europa \u015brodkowa. Pierwsza Po\u0142owa XVIII w<\/p>","protected":false},"featured_media":3724,"comment_status":"closed","ping_status":"closed","template":"","meta":[],"product_cat":[41,39,40],"product_tag":[],"class_list":{"0":"post-3722","1":"product","2":"type-product","3":"status-publish","4":"has-post-thumbnail","6":"product_cat-malarstwo-dawne","7":"product_cat-dziela-sztuki","8":"product_cat-malarstwo","10":"entry","11":"has-media","13":"first","14":"instock","15":"taxable","16":"shipping-taxable","17":"purchasable","18":"product-type-simple","19":"has-product-nav","20":"col","21":"span_1_of_3","22":"owp-content-center","23":"owp-thumbs-layout-horizontal","24":"owp-btn-normal","25":"owp-tabs-layout-horizontal"},"aioseo_notices":[],"_links":{"self":[{"href":"https:\/\/antykilion.pl\/it\/wp-json\/wp\/v2\/product\/3722","targetHints":{"allow":["GET"]}}],"collection":[{"href":"https:\/\/antykilion.pl\/it\/wp-json\/wp\/v2\/product"}],"about":[{"href":"https:\/\/antykilion.pl\/it\/wp-json\/wp\/v2\/types\/product"}],"replies":[{"embeddable":true,"href":"https:\/\/antykilion.pl\/it\/wp-json\/wp\/v2\/comments?post=3722"}],"wp:featuredmedia":[{"embeddable":true,"href":"https:\/\/antykilion.pl\/it\/wp-json\/wp\/v2\/media\/3724"}],"wp:attachment":[{"href":"https:\/\/antykilion.pl\/it\/wp-json\/wp\/v2\/media?parent=3722"}],"wp:term":[{"taxonomy":"product_cat","embeddable":true,"href":"https:\/\/antykilion.pl\/it\/wp-json\/wp\/v2\/product_cat?post=3722"},{"taxonomy":"product_tag","embeddable":true,"href":"https:\/\/antykilion.pl\/it\/wp-json\/wp\/v2\/product_tag?post=3722"}],"curies":[{"name":"wp","href":"https:\/\/api.w.org\/{rel}","templated":true}]}}