{"id":4452,"date":"2021-07-22T15:14:59","date_gmt":"2021-07-22T13:14:59","guid":{"rendered":"https:\/\/antykilion.pl\/?post_type=product&#038;p=4452"},"modified":"2021-09-03T14:16:54","modified_gmt":"2021-09-03T12:16:54","slug":"rzezba-dziewczynka-grajaca-na-skrzypcach-xix-w","status":"publish","type":"product","link":"https:\/\/antykilion.pl\/it\/product\/rzezba-dziewczynka-grajaca-na-skrzypcach-xix-w\/","title":{"rendered":"Rze\u017aba, dziewczynka graj\u0105ca na skrzypcach XIX w"},"content":{"rendered":"","protected":false},"excerpt":{"rendered":"<p>Rze\u017aba, dziewczynka graj\u0105ca na skrzypcach XIX w<br \/>\nOrigine: Francia<br \/>\nMateria\u0142: Bia\u0142y marmur<br \/>\nStan: bardzo dobry, gdzieniegdzie stare naprawy nie widoczne<br \/>\nSygnatura: umieszczona prawdopodobnie na skrzypcach, nieczytelna<br \/>\nWymiary: 64 cm<br \/>\nBellissimo !!!<\/p>","protected":false},"featured_media":4453,"comment_status":"closed","ping_status":"closed","template":"","meta":[],"product_cat":[44,39,43],"product_tag":[],"class_list":{"0":"post-4452","1":"product","2":"type-product","3":"status-publish","4":"has-post-thumbnail","6":"product_cat-rzezba-dawna","7":"product_cat-dziela-sztuki","8":"product_cat-rzezba","10":"entry","11":"has-media","13":"first","14":"instock","15":"taxable","16":"shipping-taxable","17":"purchasable","18":"product-type-simple","19":"has-product-nav","20":"col","21":"span_1_of_3","22":"owp-content-center","23":"owp-thumbs-layout-horizontal","24":"owp-btn-normal","25":"owp-tabs-layout-horizontal"},"aioseo_notices":[],"_links":{"self":[{"href":"https:\/\/antykilion.pl\/it\/wp-json\/wp\/v2\/product\/4452","targetHints":{"allow":["GET"]}}],"collection":[{"href":"https:\/\/antykilion.pl\/it\/wp-json\/wp\/v2\/product"}],"about":[{"href":"https:\/\/antykilion.pl\/it\/wp-json\/wp\/v2\/types\/product"}],"replies":[{"embeddable":true,"href":"https:\/\/antykilion.pl\/it\/wp-json\/wp\/v2\/comments?post=4452"}],"wp:featuredmedia":[{"embeddable":true,"href":"https:\/\/antykilion.pl\/it\/wp-json\/wp\/v2\/media\/4453"}],"wp:attachment":[{"href":"https:\/\/antykilion.pl\/it\/wp-json\/wp\/v2\/media?parent=4452"}],"wp:term":[{"taxonomy":"product_cat","embeddable":true,"href":"https:\/\/antykilion.pl\/it\/wp-json\/wp\/v2\/product_cat?post=4452"},{"taxonomy":"product_tag","embeddable":true,"href":"https:\/\/antykilion.pl\/it\/wp-json\/wp\/v2\/product_tag?post=4452"}],"curies":[{"name":"wp","href":"https:\/\/api.w.org\/{rel}","templated":true}]}}