{"id":4581,"date":"2021-08-29T16:37:33","date_gmt":"2021-08-29T14:37:33","guid":{"rendered":"https:\/\/antykilion.pl\/?post_type=product&#038;p=4581"},"modified":"2021-09-03T14:16:54","modified_gmt":"2021-09-03T12:16:54","slug":"stolik-owalny-klasycystyczny-przelom-xix-xx-wieku-piekny","status":"publish","type":"product","link":"https:\/\/antykilion.pl\/it\/product\/stolik-owalny-klasycystyczny-przelom-xix-xx-wieku-piekny\/","title":{"rendered":"Stolik owalny klasycystyczny prze\u0142om XIX\/XX wieku, pi\u0119kny"},"content":{"rendered":"","protected":false},"excerpt":{"rendered":"<p>Stolik owalny klasycystyczny prze\u0142om XIX\/XX wieku, pi\u0119kny<\/p>\n<p>Stolik z owalnym blatem, uj\u0119tym na obrze\u017cu drewnian\u0105, profilowan\u0105 galeryjk\u0105, wsparty na czterech graniastych, zbie\u017cnych ku do\u0142owi n\u00f3\u017ckach.<\/p>\n<p>Stolik pomocniczy, o zgrabnych proporcjach, delikatny, nawi\u0105zuj\u0105cy do angielskich wzor\u00f3w z prze\u0142omu XVIII\/XIX w. Meble o podobnym charakterze by\u0142y wykonywane w na terenie dawnych Kres\u00f3w Wschodnich Rzeczypospolitej. Rzadko\u015b\u0107 na polskim rynku antykwarycznym. W bardzo dobrym stanie, ze \u015bladami patyny, u\u017cytkowania i starzenia si\u0119 drzewa. prosz\u0119 zwr\u00f3ci\u0107 uwag\u0119 na przepi\u0119kn\u0105 intarsj\u0119 na blacie w ok\u00f3\u0142 oskrzynienia i na n\u00f3\u017ckach.<\/p>\n<p>Pochodzenie Europa<\/p>\n<p>Stan\u00a0 bardzo dobry, orginalny.widoczne \u015blady u\u017cytkowania<\/p>\n<p>Wymiary: wysoko\u015b\u0107 75 cm, d\u0142ugo\u015b\u0107 blatu 81 cm, szeroko\u015b\u0107 56 cm<\/p>\n<p>na blacie po\u0142o\u017cone szk\u0142o bardzo funkcjonlne<\/p>\n<p>Nied\u0142ugo wi\u0119cej zdj\u0119\u0107<\/p>","protected":false},"featured_media":4582,"comment_status":"closed","ping_status":"closed","template":"","meta":[],"product_cat":[17,33],"product_tag":[],"class_list":{"0":"post-4581","1":"product","2":"type-product","3":"status-publish","4":"has-post-thumbnail","6":"product_cat-meble","7":"product_cat-stoly-stoliki","9":"entry","10":"has-media","12":"first","13":"instock","14":"taxable","15":"shipping-taxable","16":"purchasable","17":"product-type-simple","18":"has-product-nav","19":"col","20":"span_1_of_3","21":"owp-content-center","22":"owp-thumbs-layout-horizontal","23":"owp-btn-normal","24":"owp-tabs-layout-horizontal","25":"has-no-thumbnails"},"aioseo_notices":[],"_links":{"self":[{"href":"https:\/\/antykilion.pl\/it\/wp-json\/wp\/v2\/product\/4581","targetHints":{"allow":["GET"]}}],"collection":[{"href":"https:\/\/antykilion.pl\/it\/wp-json\/wp\/v2\/product"}],"about":[{"href":"https:\/\/antykilion.pl\/it\/wp-json\/wp\/v2\/types\/product"}],"replies":[{"embeddable":true,"href":"https:\/\/antykilion.pl\/it\/wp-json\/wp\/v2\/comments?post=4581"}],"wp:featuredmedia":[{"embeddable":true,"href":"https:\/\/antykilion.pl\/it\/wp-json\/wp\/v2\/media\/4582"}],"wp:attachment":[{"href":"https:\/\/antykilion.pl\/it\/wp-json\/wp\/v2\/media?parent=4581"}],"wp:term":[{"taxonomy":"product_cat","embeddable":true,"href":"https:\/\/antykilion.pl\/it\/wp-json\/wp\/v2\/product_cat?post=4581"},{"taxonomy":"product_tag","embeddable":true,"href":"https:\/\/antykilion.pl\/it\/wp-json\/wp\/v2\/product_tag?post=4581"}],"curies":[{"name":"wp","href":"https:\/\/api.w.org\/{rel}","templated":true}]}}