{"id":4629,"date":"2021-08-30T19:52:57","date_gmt":"2021-08-30T17:52:57","guid":{"rendered":"https:\/\/antykilion.pl\/?post_type=product&#038;p=4629"},"modified":"2021-09-03T14:16:55","modified_gmt":"2021-09-03T12:16:55","slug":"zegar-kominkowy-braz-zlocony-empirowy-okolo-1830-40-r","status":"publish","type":"product","link":"https:\/\/antykilion.pl\/it\/product\/zegar-kominkowy-braz-zlocony-empirowy-okolo-1830-40-r\/","title":{"rendered":"Zegar kominkowy br\u0105z z\u0142ocony, Empirowy oko\u0142o 1830\/40 r"},"content":{"rendered":"","protected":false},"excerpt":{"rendered":"<p>Orologio da camino in bronzo dorato, intorno al 1830<br \/>\nPochodzenie: zegar kominkowy, francuski, zawieszenie nitkowe oko\u0142o 1830 r sygnowany  JC Cailly<br \/>\nCondizioni: molto buone dopo la recensione dell&#039;orologiaio.<br \/>\nMateriale: bronzo dorato e patinato<br \/>\nWymiary: wysoko\u015b\u0107 48 cm, szeroko\u015b\u0107  cm, d\u0142ugo\u015b\u0107 cm<br \/>\nCeny takich zegar\u00f3w przewy\u017cszaj\u0105 kwot\u0119 17000 z\u0142.<\/p>","protected":false},"featured_media":4633,"comment_status":"closed","ping_status":"closed","template":"","meta":[],"product_cat":[54,51],"product_tag":[],"class_list":{"0":"post-4629","1":"product","2":"type-product","3":"status-publish","4":"has-post-thumbnail","6":"product_cat-zegary-kominkowe","7":"product_cat-zegary","9":"entry","10":"has-media","12":"first","13":"instock","14":"taxable","15":"shipping-taxable","16":"purchasable","17":"product-type-simple","18":"has-product-nav","19":"col","20":"span_1_of_3","21":"owp-content-center","22":"owp-thumbs-layout-horizontal","23":"owp-btn-normal","24":"owp-tabs-layout-horizontal"},"aioseo_notices":[],"_links":{"self":[{"href":"https:\/\/antykilion.pl\/it\/wp-json\/wp\/v2\/product\/4629","targetHints":{"allow":["GET"]}}],"collection":[{"href":"https:\/\/antykilion.pl\/it\/wp-json\/wp\/v2\/product"}],"about":[{"href":"https:\/\/antykilion.pl\/it\/wp-json\/wp\/v2\/types\/product"}],"replies":[{"embeddable":true,"href":"https:\/\/antykilion.pl\/it\/wp-json\/wp\/v2\/comments?post=4629"}],"wp:featuredmedia":[{"embeddable":true,"href":"https:\/\/antykilion.pl\/it\/wp-json\/wp\/v2\/media\/4633"}],"wp:attachment":[{"href":"https:\/\/antykilion.pl\/it\/wp-json\/wp\/v2\/media?parent=4629"}],"wp:term":[{"taxonomy":"product_cat","embeddable":true,"href":"https:\/\/antykilion.pl\/it\/wp-json\/wp\/v2\/product_cat?post=4629"},{"taxonomy":"product_tag","embeddable":true,"href":"https:\/\/antykilion.pl\/it\/wp-json\/wp\/v2\/product_tag?post=4629"}],"curies":[{"name":"wp","href":"https:\/\/api.w.org\/{rel}","templated":true}]}}