{"id":4651,"date":"2021-08-30T21:19:59","date_gmt":"2021-08-30T19:19:59","guid":{"rendered":"https:\/\/antykilion.pl\/?post_type=product&#038;p=4651"},"modified":"2021-09-03T14:16:55","modified_gmt":"2021-09-03T12:16:55","slug":"zegar-kominkowy-braz-zlocony-rokokowy-xix-w-1870-r","status":"publish","type":"product","link":"https:\/\/antykilion.pl\/it\/product\/zegar-kominkowy-braz-zlocony-rokokowy-xix-w-1870-r\/","title":{"rendered":"Zegar kominkowy br\u0105z z\u0142ocony, rokokowy XIX w 1870 r"},"content":{"rendered":"","protected":false},"excerpt":{"rendered":"<p>Zegar kominkowy br\u0105z z\u0142ocony, rokokowy XIX w 1870 r<\/p>\n<p>Pochodzenie: zegar kominkowy, francuski, oko\u0142o 1870<\/p>\n<p>Condizioni: molto buone dopo la recensione dell&#039;orologiaio.<\/p>\n<p>Materiale: bronzo dorato<\/p>\n<p>Wymiary: wysoko\u015b\u0107 43 cm, szeroko\u015b\u0107 cm, d\u0142ugo\u015b\u0107 cm<\/p>\n<p>Bardzo dekoracyjny<\/p>","protected":false},"featured_media":4652,"comment_status":"closed","ping_status":"closed","template":"","meta":[],"product_cat":[54,51],"product_tag":[],"class_list":{"0":"post-4651","1":"product","2":"type-product","3":"status-publish","4":"has-post-thumbnail","6":"product_cat-zegary-kominkowe","7":"product_cat-zegary","9":"entry","10":"has-media","12":"first","13":"instock","14":"taxable","15":"shipping-taxable","16":"purchasable","17":"product-type-simple","18":"has-product-nav","19":"col","20":"span_1_of_3","21":"owp-content-center","22":"owp-thumbs-layout-horizontal","23":"owp-btn-normal","24":"owp-tabs-layout-horizontal"},"aioseo_notices":[],"_links":{"self":[{"href":"https:\/\/antykilion.pl\/it\/wp-json\/wp\/v2\/product\/4651","targetHints":{"allow":["GET"]}}],"collection":[{"href":"https:\/\/antykilion.pl\/it\/wp-json\/wp\/v2\/product"}],"about":[{"href":"https:\/\/antykilion.pl\/it\/wp-json\/wp\/v2\/types\/product"}],"replies":[{"embeddable":true,"href":"https:\/\/antykilion.pl\/it\/wp-json\/wp\/v2\/comments?post=4651"}],"wp:featuredmedia":[{"embeddable":true,"href":"https:\/\/antykilion.pl\/it\/wp-json\/wp\/v2\/media\/4652"}],"wp:attachment":[{"href":"https:\/\/antykilion.pl\/it\/wp-json\/wp\/v2\/media?parent=4651"}],"wp:term":[{"taxonomy":"product_cat","embeddable":true,"href":"https:\/\/antykilion.pl\/it\/wp-json\/wp\/v2\/product_cat?post=4651"},{"taxonomy":"product_tag","embeddable":true,"href":"https:\/\/antykilion.pl\/it\/wp-json\/wp\/v2\/product_tag?post=4651"}],"curies":[{"name":"wp","href":"https:\/\/api.w.org\/{rel}","templated":true}]}}