{"id":5000,"date":"2021-10-24T11:44:59","date_gmt":"2021-10-24T09:44:59","guid":{"rendered":"https:\/\/antykilion.pl\/?post_type=product&#038;p=5000"},"modified":"2021-10-24T11:44:59","modified_gmt":"2021-10-24T09:44:59","slug":"stol-boulle-xix-wiek-okolo-1860-r-piekny-i-ogromny","status":"publish","type":"product","link":"https:\/\/antykilion.pl\/it\/product\/stol-boulle-xix-wiek-okolo-1860-r-piekny-i-ogromny\/","title":{"rendered":"St\u00f3\u0142 Boulle XIX wiek oko\u0142o 1860 r Pi\u0119kny i ogromny"},"content":{"rendered":"","protected":false},"excerpt":{"rendered":"<p>t\u00f3\u0142 Boulle XIX wiek oko\u0142o 1860 roku Pi\u0119kny i ogromny<\/p>\n<p>vicino a un ovale, di profilo ondulato, sorretto da gambe convertibili, intarsiato con guscio di tartaruga, venature, lastre di ottone e finiture in bronzo.<\/p>\n<p>La forma e la decorazione del tavolo si riferiscono ai mobili francesi del regno di Luigi XIV, basati sui disegni dell&#039;ebenista Charles AndreAL Boulle. La tecnica di questo tipo di intarsio si chiama marketing.<\/p>\n<p>Stato. Ottimo dopo la manutenzione professionale!<\/p>\n<p>Materia\u0142: konstrukcja &#8211; maho\u0144, fornir &#8211; maho\u0144 lub grusza (?) czerniona<\/p>\n<p>Wymiary: wysoko\u015b\u0107 76 cm, d\u0142ugo\u015b\u0107 147 cm, szeroko\u015b\u0107 98 cm .<\/p>\n<p>Pochodzenie: Francja 2 po\u0142. XIX w. oko\u0142o 1860<\/p>\n<p>Szuflada otwierana na schowany przycisk !!!<\/p>","protected":false},"featured_media":5007,"comment_status":"closed","ping_status":"closed","template":"","meta":[],"product_cat":[17,33],"product_tag":[],"class_list":{"0":"post-5000","1":"product","2":"type-product","3":"status-publish","4":"has-post-thumbnail","6":"product_cat-meble","7":"product_cat-stoly-stoliki","9":"entry","10":"has-media","12":"first","13":"instock","14":"taxable","15":"shipping-taxable","16":"purchasable","17":"product-type-simple","18":"has-product-nav","19":"col","20":"span_1_of_3","21":"owp-content-center","22":"owp-thumbs-layout-horizontal","23":"owp-btn-normal","24":"owp-tabs-layout-horizontal"},"aioseo_notices":[],"_links":{"self":[{"href":"https:\/\/antykilion.pl\/it\/wp-json\/wp\/v2\/product\/5000","targetHints":{"allow":["GET"]}}],"collection":[{"href":"https:\/\/antykilion.pl\/it\/wp-json\/wp\/v2\/product"}],"about":[{"href":"https:\/\/antykilion.pl\/it\/wp-json\/wp\/v2\/types\/product"}],"replies":[{"embeddable":true,"href":"https:\/\/antykilion.pl\/it\/wp-json\/wp\/v2\/comments?post=5000"}],"wp:featuredmedia":[{"embeddable":true,"href":"https:\/\/antykilion.pl\/it\/wp-json\/wp\/v2\/media\/5007"}],"wp:attachment":[{"href":"https:\/\/antykilion.pl\/it\/wp-json\/wp\/v2\/media?parent=5000"}],"wp:term":[{"taxonomy":"product_cat","embeddable":true,"href":"https:\/\/antykilion.pl\/it\/wp-json\/wp\/v2\/product_cat?post=5000"},{"taxonomy":"product_tag","embeddable":true,"href":"https:\/\/antykilion.pl\/it\/wp-json\/wp\/v2\/product_tag?post=5000"}],"curies":[{"name":"wp","href":"https:\/\/api.w.org\/{rel}","templated":true}]}}