{"id":5391,"date":"2022-03-13T15:29:12","date_gmt":"2022-03-13T14:29:12","guid":{"rendered":"https:\/\/antykilion.pl\/?post_type=product&#038;p=5391"},"modified":"2022-12-14T21:59:23","modified_gmt":"2022-12-14T20:59:23","slug":"kandelabry-polska-warszawa-henniger-okolo-1850-roku-piekne","status":"publish","type":"product","link":"https:\/\/antykilion.pl\/it\/product\/kandelabry-polska-warszawa-henniger-okolo-1850-roku-piekne\/","title":{"rendered":"Kandelabry Polska, Warszawa, Henniger, oko\u0142o 1850 roku Pi\u0119kne"},"content":{"rendered":"","protected":false},"excerpt":{"rendered":"<p>Kandelabry Polska, Warszawa, Henniger, oko\u0142o 1850 roku Pi\u0119kne<\/p>\n<p>Kandelabry o pi\u0119knej barokowej formie<\/p>\n<p>Sygnatura: Puncowanie; orze\u0142, co Henniger<\/p>\n<p>Materia\u0142: Plater na mosi\u0105dzu<\/p>\n<p>Condizioni: ottime<\/p>\n<p>Wymiary:\u00a0 wysoko\u015b\u0107 50 cm<\/p>\n<p>Bardzo rzadki przedmiot niespotykane na rynku antykwarycznym !!!!<\/p>","protected":false},"featured_media":5392,"comment_status":"closed","ping_status":"closed","template":"","meta":[],"product_cat":[47,46],"product_tag":[],"class_list":{"0":"post-5391","1":"product","2":"type-product","3":"status-publish","4":"has-post-thumbnail","6":"product_cat-oswietlenie","7":"product_cat-srebra-i-platery","9":"entry","10":"has-media","12":"first","13":"instock","14":"taxable","15":"shipping-taxable","16":"purchasable","17":"product-type-simple","18":"has-product-nav","19":"col","20":"span_1_of_3","21":"owp-content-center","22":"owp-thumbs-layout-horizontal","23":"owp-btn-normal","24":"owp-tabs-layout-horizontal"},"aioseo_notices":[],"_links":{"self":[{"href":"https:\/\/antykilion.pl\/it\/wp-json\/wp\/v2\/product\/5391","targetHints":{"allow":["GET"]}}],"collection":[{"href":"https:\/\/antykilion.pl\/it\/wp-json\/wp\/v2\/product"}],"about":[{"href":"https:\/\/antykilion.pl\/it\/wp-json\/wp\/v2\/types\/product"}],"replies":[{"embeddable":true,"href":"https:\/\/antykilion.pl\/it\/wp-json\/wp\/v2\/comments?post=5391"}],"wp:featuredmedia":[{"embeddable":true,"href":"https:\/\/antykilion.pl\/it\/wp-json\/wp\/v2\/media\/5392"}],"wp:attachment":[{"href":"https:\/\/antykilion.pl\/it\/wp-json\/wp\/v2\/media?parent=5391"}],"wp:term":[{"taxonomy":"product_cat","embeddable":true,"href":"https:\/\/antykilion.pl\/it\/wp-json\/wp\/v2\/product_cat?post=5391"},{"taxonomy":"product_tag","embeddable":true,"href":"https:\/\/antykilion.pl\/it\/wp-json\/wp\/v2\/product_tag?post=5391"}],"curies":[{"name":"wp","href":"https:\/\/api.w.org\/{rel}","templated":true}]}}